{"id":23832,"date":"2021-10-25T12:05:10","date_gmt":"2021-10-25T10:05:10","guid":{"rendered":"https:\/\/dewitwines.be\/?post_type=product&#038;p=23832"},"modified":"2026-02-03T16:01:41","modified_gmt":"2026-02-03T15:01:41","slug":"bologne-xo-rhum-vieux-superieur-70cl","status":"publish","type":"product","link":"https:\/\/dewitwines.be\/nl\/product\/bologne-xo-rhum-vieux-superieur-70cl\/","title":{"rendered":"Centenario &#8220;20 Fundaci\u00f3n&#8221; Costa Rica Rum &#8211; 70cl"},"content":{"rendered":"<p>Bologne ligt al bijna honderdveertig jaar aan de voet van de vulkaan Soufri\u00e8re en is \u00e9\u00e9n van de meest karakteristieke distilleerderijen van Guadeloupe. De distilleerderij is bekend om de finesse en elegantie van haar rum agricole en belichaamt perfect het terroir waarop het suikerriet groeit. De geschiedenis van de distilleerderij gaat terug tot het midden van de 17de eeuw, toen de familie Bologne een plantage aanlegde op de vruchtbare hellingen van de Soufri\u00e8re. Het duurde echter tot 1887 voordat de suikerfabriek een distilleerderij werd. Het is een uitzonderlijk domein dat in 1930 werd overgenomen door de familie Sargenton-Callard, die altijd is blijven streven naar verbetering.<\/p>\n<p>Bologne is de laatste grote distilleerderij van Guadeloupe met een eigen suikerrietplantage. Elk perceel wordt er geanalyseerd en vervolgens beplant met de meest geschikte suikerrietvari\u00ebteit. Bologne is ook de enige distilleerderij op het eiland die \u201cCanne noire\u201d verbouwt. Deze vergeten vari\u00ebteit (wegens lage opbrengst) staat bekend om haar opmerkelijk aromatisch potentieel. Bovendien wordt het suikerriet op de vulkanische bodem van de Soufri\u00e8re met de hand geoogst, wanneer het perfect rijp is. Het suikerriet dat afkomstig is van de beste percelen wordt afzonderlijk verwerkt tot \u201cGrand Cru\u2019s\u201d van het huis. Bologne onderscheidt zich ook op het gebied van distillatie, met name door in de eerste plaats te kijken naar de expressie van het terroir en de vari\u00ebteit van het suikerriet. Het is de laatste distilleerderij van Guadeloupe die nog beschikt over een koperen Savalle-distilleerkolom uit 1965. De Bologne-rums worden gerijpt op Franse eiken vaten, onder toeziend oog van de keldermeester Fr\u00e9d\u00e9ric David, een van de grootste oenologen uit de Cognac-streek.<\/p>\n","protected":false},"excerpt":{"rendered":"<p>Deze zeer oude Bologne XO wordt gepresenteerd in een prachtige fles en is een blend van rums van 6, 8, 10 jaar en ouder die gerijpt zijn op eiken vaten.<\/p>\n<p>NEUS: elegant en subtiel: gekonfijte sinaasappel, honing, cacao, hout.<br \/>\nMOND: gekonfijt exotisch fruit, vanille, gedroogd fruit, zoete kruiden, vleugje jodium, hout, tannines.<br \/>\nAFDRONK: lang, zoet.<\/p>\n","protected":false},"featured_media":0,"comment_status":"open","ping_status":"closed","template":"","meta":[],"product_brand":[],"product_cat":[646,805],"product_tag":[],"class_list":{"0":"post-23832","1":"product","2":"type-product","3":"status-publish","5":"product_cat-spirits","6":"product_cat-rum","7":"pa_alcohol-42-2","8":"pa_fles-70cl-2","9":"pa_land-guadeloupe","10":"pa_type-rum-rum-agricole-2","11":"pa_type-spirits-rum-2","13":"first","14":"instock","15":"taxable","16":"shipping-taxable","17":"purchasable","18":"product-type-simple"},"yoast_head":"<!-- This site is optimized with the Yoast SEO plugin v26.9 - https:\/\/yoast.com\/product\/yoast-seo-wordpress\/ -->\n<title>Centenario &quot;20 Fundaci\u00f3n&quot; Costa Rica Rum - 70cl - Dewit Wines<\/title>\n<meta name=\"robots\" content=\"index, follow, max-snippet:-1, max-image-preview:large, max-video-preview:-1\" \/>\n<link rel=\"canonical\" href=\"https:\/\/dewitwines.be\/nl\/product\/bologne-xo-rhum-vieux-superieur-70cl\/\" \/>\n<meta property=\"og:locale\" content=\"nl_NL\" \/>\n<meta property=\"og:type\" content=\"article\" \/>\n<meta property=\"og:title\" content=\"Centenario &quot;20 Fundaci\u00f3n&quot; Costa Rica Rum - 70cl - Dewit Wines\" \/>\n<meta property=\"og:description\" content=\"Deze zeer oude Bologne XO wordt gepresenteerd in een prachtige fles en is een blend van rums van 6, 8, 10 jaar en ouder die gerijpt zijn op eiken vaten.  NEUS: elegant en subtiel: gekonfijte sinaasappel, honing, cacao, hout. MOND: gekonfijt exotisch fruit, vanille, gedroogd fruit, zoete kruiden, vleugje jodium, hout, tannines. AFDRONK: lang, zoet.\" \/>\n<meta property=\"og:url\" content=\"https:\/\/dewitwines.be\/nl\/product\/bologne-xo-rhum-vieux-superieur-70cl\/\" \/>\n<meta property=\"og:site_name\" content=\"Dewit Wines\" \/>\n<meta property=\"article:modified_time\" content=\"2026-02-03T15:01:41+00:00\" \/>\n<meta name=\"twitter:card\" content=\"summary_large_image\" \/>\n<meta name=\"twitter:label1\" content=\"Geschatte leestijd\" \/>\n\t<meta name=\"twitter:data1\" content=\"2 minuten\" \/>\n<script type=\"application\/ld+json\" class=\"yoast-schema-graph\">{\"@context\":\"https:\/\/schema.org\",\"@graph\":[{\"@type\":\"WebPage\",\"@id\":\"https:\/\/dewitwines.be\/nl\/product\/bologne-xo-rhum-vieux-superieur-70cl\/\",\"url\":\"https:\/\/dewitwines.be\/nl\/product\/bologne-xo-rhum-vieux-superieur-70cl\/\",\"name\":\"Centenario \\\"20 Fundaci\u00f3n\\\" Costa Rica Rum - 70cl - Dewit Wines\",\"isPartOf\":{\"@id\":\"https:\/\/dewitwines.be\/nl\/#website\"},\"datePublished\":\"2021-10-25T10:05:10+00:00\",\"dateModified\":\"2026-02-03T15:01:41+00:00\",\"breadcrumb\":{\"@id\":\"https:\/\/dewitwines.be\/nl\/product\/bologne-xo-rhum-vieux-superieur-70cl\/#breadcrumb\"},\"inLanguage\":\"nl-NL\",\"potentialAction\":[{\"@type\":\"ReadAction\",\"target\":[\"https:\/\/dewitwines.be\/nl\/product\/bologne-xo-rhum-vieux-superieur-70cl\/\"]}]},{\"@type\":\"BreadcrumbList\",\"@id\":\"https:\/\/dewitwines.be\/nl\/product\/bologne-xo-rhum-vieux-superieur-70cl\/#breadcrumb\",\"itemListElement\":[{\"@type\":\"ListItem\",\"position\":1,\"name\":\"Home\",\"item\":\"https:\/\/dewitwines.be\/nl\/\"},{\"@type\":\"ListItem\",\"position\":2,\"name\":\"Shop\",\"item\":\"https:\/\/dewitwines.be\/nl\/shop\/\"},{\"@type\":\"ListItem\",\"position\":3,\"name\":\"Centenario &#8220;20 Fundaci\u00f3n&#8221; Costa Rica Rum &#8211; 70cl\"}]},{\"@type\":\"WebSite\",\"@id\":\"https:\/\/dewitwines.be\/nl\/#website\",\"url\":\"https:\/\/dewitwines.be\/nl\/\",\"name\":\"Dewit Wines\",\"description\":\"We Know Wine\",\"potentialAction\":[{\"@type\":\"SearchAction\",\"target\":{\"@type\":\"EntryPoint\",\"urlTemplate\":\"https:\/\/dewitwines.be\/nl\/?s={search_term_string}\"},\"query-input\":{\"@type\":\"PropertyValueSpecification\",\"valueRequired\":true,\"valueName\":\"search_term_string\"}}],\"inLanguage\":\"nl-NL\"}]}<\/script>\n<!-- \/ Yoast SEO plugin. -->","yoast_head_json":{"title":"Centenario \"20 Fundaci\u00f3n\" Costa Rica Rum - 70cl - Dewit Wines","robots":{"index":"index","follow":"follow","max-snippet":"max-snippet:-1","max-image-preview":"max-image-preview:large","max-video-preview":"max-video-preview:-1"},"canonical":"https:\/\/dewitwines.be\/nl\/product\/bologne-xo-rhum-vieux-superieur-70cl\/","og_locale":"nl_NL","og_type":"article","og_title":"Centenario \"20 Fundaci\u00f3n\" Costa Rica Rum - 70cl - Dewit Wines","og_description":"Deze zeer oude Bologne XO wordt gepresenteerd in een prachtige fles en is een blend van rums van 6, 8, 10 jaar en ouder die gerijpt zijn op eiken vaten.  NEUS: elegant en subtiel: gekonfijte sinaasappel, honing, cacao, hout. MOND: gekonfijt exotisch fruit, vanille, gedroogd fruit, zoete kruiden, vleugje jodium, hout, tannines. AFDRONK: lang, zoet.","og_url":"https:\/\/dewitwines.be\/nl\/product\/bologne-xo-rhum-vieux-superieur-70cl\/","og_site_name":"Dewit Wines","article_modified_time":"2026-02-03T15:01:41+00:00","twitter_card":"summary_large_image","twitter_misc":{"Geschatte leestijd":"2 minuten"},"schema":{"@context":"https:\/\/schema.org","@graph":[{"@type":"WebPage","@id":"https:\/\/dewitwines.be\/nl\/product\/bologne-xo-rhum-vieux-superieur-70cl\/","url":"https:\/\/dewitwines.be\/nl\/product\/bologne-xo-rhum-vieux-superieur-70cl\/","name":"Centenario \"20 Fundaci\u00f3n\" Costa Rica Rum - 70cl - Dewit Wines","isPartOf":{"@id":"https:\/\/dewitwines.be\/nl\/#website"},"datePublished":"2021-10-25T10:05:10+00:00","dateModified":"2026-02-03T15:01:41+00:00","breadcrumb":{"@id":"https:\/\/dewitwines.be\/nl\/product\/bologne-xo-rhum-vieux-superieur-70cl\/#breadcrumb"},"inLanguage":"nl-NL","potentialAction":[{"@type":"ReadAction","target":["https:\/\/dewitwines.be\/nl\/product\/bologne-xo-rhum-vieux-superieur-70cl\/"]}]},{"@type":"BreadcrumbList","@id":"https:\/\/dewitwines.be\/nl\/product\/bologne-xo-rhum-vieux-superieur-70cl\/#breadcrumb","itemListElement":[{"@type":"ListItem","position":1,"name":"Home","item":"https:\/\/dewitwines.be\/nl\/"},{"@type":"ListItem","position":2,"name":"Shop","item":"https:\/\/dewitwines.be\/nl\/shop\/"},{"@type":"ListItem","position":3,"name":"Centenario &#8220;20 Fundaci\u00f3n&#8221; Costa Rica Rum &#8211; 70cl"}]},{"@type":"WebSite","@id":"https:\/\/dewitwines.be\/nl\/#website","url":"https:\/\/dewitwines.be\/nl\/","name":"Dewit Wines","description":"We Know Wine","potentialAction":[{"@type":"SearchAction","target":{"@type":"EntryPoint","urlTemplate":"https:\/\/dewitwines.be\/nl\/?s={search_term_string}"},"query-input":{"@type":"PropertyValueSpecification","valueRequired":true,"valueName":"search_term_string"}}],"inLanguage":"nl-NL"}]}},"_links":{"self":[{"href":"https:\/\/dewitwines.be\/nl\/wp-json\/wp\/v2\/product\/23832","targetHints":{"allow":["GET"]}}],"collection":[{"href":"https:\/\/dewitwines.be\/nl\/wp-json\/wp\/v2\/product"}],"about":[{"href":"https:\/\/dewitwines.be\/nl\/wp-json\/wp\/v2\/types\/product"}],"replies":[{"embeddable":true,"href":"https:\/\/dewitwines.be\/nl\/wp-json\/wp\/v2\/comments?post=23832"}],"wp:attachment":[{"href":"https:\/\/dewitwines.be\/nl\/wp-json\/wp\/v2\/media?parent=23832"}],"wp:term":[{"taxonomy":"product_brand","embeddable":true,"href":"https:\/\/dewitwines.be\/nl\/wp-json\/wp\/v2\/product_brand?post=23832"},{"taxonomy":"product_cat","embeddable":true,"href":"https:\/\/dewitwines.be\/nl\/wp-json\/wp\/v2\/product_cat?post=23832"},{"taxonomy":"product_tag","embeddable":true,"href":"https:\/\/dewitwines.be\/nl\/wp-json\/wp\/v2\/product_tag?post=23832"}],"curies":[{"name":"wp","href":"https:\/\/api.w.org\/{rel}","templated":true}]}}