{"id":23780,"date":"2021-10-21T14:26:40","date_gmt":"2021-10-21T12:26:40","guid":{"rendered":"https:\/\/dewitwines.be\/?post_type=product&#038;p=23780"},"modified":"2026-03-05T18:01:38","modified_gmt":"2026-03-05T17:01:38","slug":"diplomatico-single-vintage-2007-70cl","status":"publish","type":"product","link":"https:\/\/dewitwines.be\/nl\/product\/diplomatico-single-vintage-2007-70cl\/","title":{"rendered":"Diplom\u00e1tico &#8220;2007 Single Vintage&#8221; Rum Venezuela &#8211; 70cl"},"content":{"rendered":"<p>De Diplom\u00e1tico-rums zijn afkomstig uit Venezuela. Ze worden geproduceerd door Destiler\u00edas Unidas S.A., dat in 1959 werd opgericht in Barquisimeto, in het noordoosten van het land. Deze distilleerderij beschikt over verschillende soorten ketels om rums met een verschillend aromaprofiel te distilleren en beperkte oplages te cre\u00ebren. Destiler\u00edas Uniddas S.A. wordt gerund door Jos\u00e9 Rafael Ballesteros Mel\u00e9ndez en is de belangrijkste rumproducent van Venezuela. Diplom\u00e1tico is een internationaal bekend rummerk. Deze rum is in alle uithoeken van de wereld een echte referentie en dankt zijn reputatie aan de Reserva Exclusiva, zijn meest verkochte expressie.<\/p>\n","protected":false},"excerpt":{"rendered":"<p>Om deze rum van oogstjaar 2007 te ontwikkelen, selecteerden de maestros roneros (rummeesters) van Diplom\u00e1tico de meest uitzonderlijke vaten.<br \/>\nDeze Single Vintage 2007 is een blend van rums die gedistilleerd zijn in koperen pot stills en vervolgens 12 jaar gerijpt hebben op gebruikte bourbon- en whiskyvaten. Hij kreeg ook een bijkomende rijping van \u00e9\u00e9n jaar op gebruikte vaten van Oloroso-sherry.<\/p>\n<p>NEUS: koffie, vanille, rijp fruit.<br \/>\nMOND: bittere chocolade, eik, tabak.<br \/>\nAFDRONK: rood fruit.<\/p>\n","protected":false},"featured_media":43093,"comment_status":"open","ping_status":"closed","template":"","meta":[],"product_brand":[],"product_cat":[646,805],"product_tag":[],"class_list":{"0":"post-23780","1":"product","2":"type-product","3":"status-publish","4":"has-post-thumbnail","6":"product_cat-spirits","7":"product_cat-rum","8":"pa_alcohol-43-2","9":"pa_fles-70cl-2","10":"pa_type-rum-rum-2","11":"pa_type-spirits-rum-2","13":"first","14":"instock","15":"taxable","16":"shipping-taxable","17":"purchasable","18":"product-type-simple"},"yoast_head":"<!-- This site is optimized with the Yoast SEO plugin v26.9 - https:\/\/yoast.com\/product\/yoast-seo-wordpress\/ -->\n<title>Diplom\u00e1tico &quot;2007 Single Vintage&quot; Rum Venezuela - 70cl - Dewit Wines<\/title>\n<meta name=\"robots\" content=\"index, follow, max-snippet:-1, max-image-preview:large, max-video-preview:-1\" \/>\n<link rel=\"canonical\" href=\"https:\/\/dewitwines.be\/nl\/product\/diplomatico-single-vintage-2007-70cl\/\" \/>\n<meta property=\"og:locale\" content=\"nl_NL\" \/>\n<meta property=\"og:type\" content=\"article\" \/>\n<meta property=\"og:title\" content=\"Diplom\u00e1tico &quot;2007 Single Vintage&quot; Rum Venezuela - 70cl - Dewit Wines\" \/>\n<meta property=\"og:description\" content=\"Om deze rum van oogstjaar 2007 te ontwikkelen, selecteerden de maestros roneros (rummeesters) van Diplom\u00e1tico de meest uitzonderlijke vaten. Deze Single Vintage 2007 is een blend van rums die gedistilleerd zijn in koperen pot stills en vervolgens 12 jaar gerijpt hebben op gebruikte bourbon- en whiskyvaten. Hij kreeg ook een bijkomende rijping van \u00e9\u00e9n jaar op gebruikte vaten van Oloroso-sherry.  NEUS: koffie, vanille, rijp fruit. MOND: bittere chocolade, eik, tabak. AFDRONK: rood fruit.\" \/>\n<meta property=\"og:url\" content=\"https:\/\/dewitwines.be\/nl\/product\/diplomatico-single-vintage-2007-70cl\/\" \/>\n<meta property=\"og:site_name\" content=\"Dewit Wines\" \/>\n<meta property=\"article:modified_time\" content=\"2026-03-05T17:01:38+00:00\" \/>\n<meta property=\"og:image\" content=\"https:\/\/dewitwines.be\/wp-content\/uploads\/2025\/07\/00020093-8.jpg\" \/>\n\t<meta property=\"og:image:width\" content=\"872\" \/>\n\t<meta property=\"og:image:height\" content=\"1024\" \/>\n\t<meta property=\"og:image:type\" content=\"image\/jpeg\" \/>\n<meta name=\"twitter:card\" content=\"summary_large_image\" \/>\n<meta name=\"twitter:label1\" content=\"Geschatte leestijd\" \/>\n\t<meta name=\"twitter:data1\" content=\"1 minuut\" \/>\n<script type=\"application\/ld+json\" class=\"yoast-schema-graph\">{\"@context\":\"https:\/\/schema.org\",\"@graph\":[{\"@type\":\"WebPage\",\"@id\":\"https:\/\/dewitwines.be\/nl\/product\/diplomatico-single-vintage-2007-70cl\/\",\"url\":\"https:\/\/dewitwines.be\/nl\/product\/diplomatico-single-vintage-2007-70cl\/\",\"name\":\"Diplom\u00e1tico \\\"2007 Single Vintage\\\" Rum Venezuela - 70cl - Dewit Wines\",\"isPartOf\":{\"@id\":\"https:\/\/dewitwines.be\/nl\/#website\"},\"primaryImageOfPage\":{\"@id\":\"https:\/\/dewitwines.be\/nl\/product\/diplomatico-single-vintage-2007-70cl\/#primaryimage\"},\"image\":{\"@id\":\"https:\/\/dewitwines.be\/nl\/product\/diplomatico-single-vintage-2007-70cl\/#primaryimage\"},\"thumbnailUrl\":\"https:\/\/dewitwines.be\/wp-content\/uploads\/2025\/07\/00020093-8.jpg\",\"datePublished\":\"2021-10-21T12:26:40+00:00\",\"dateModified\":\"2026-03-05T17:01:38+00:00\",\"breadcrumb\":{\"@id\":\"https:\/\/dewitwines.be\/nl\/product\/diplomatico-single-vintage-2007-70cl\/#breadcrumb\"},\"inLanguage\":\"nl-NL\",\"potentialAction\":[{\"@type\":\"ReadAction\",\"target\":[\"https:\/\/dewitwines.be\/nl\/product\/diplomatico-single-vintage-2007-70cl\/\"]}]},{\"@type\":\"ImageObject\",\"inLanguage\":\"nl-NL\",\"@id\":\"https:\/\/dewitwines.be\/nl\/product\/diplomatico-single-vintage-2007-70cl\/#primaryimage\",\"url\":\"https:\/\/dewitwines.be\/wp-content\/uploads\/2025\/07\/00020093-8.jpg\",\"contentUrl\":\"https:\/\/dewitwines.be\/wp-content\/uploads\/2025\/07\/00020093-8.jpg\",\"width\":872,\"height\":1024},{\"@type\":\"BreadcrumbList\",\"@id\":\"https:\/\/dewitwines.be\/nl\/product\/diplomatico-single-vintage-2007-70cl\/#breadcrumb\",\"itemListElement\":[{\"@type\":\"ListItem\",\"position\":1,\"name\":\"Home\",\"item\":\"https:\/\/dewitwines.be\/nl\/\"},{\"@type\":\"ListItem\",\"position\":2,\"name\":\"Shop\",\"item\":\"https:\/\/dewitwines.be\/nl\/shop\/\"},{\"@type\":\"ListItem\",\"position\":3,\"name\":\"Diplom\u00e1tico &#8220;2007 Single Vintage&#8221; Rum Venezuela &#8211; 70cl\"}]},{\"@type\":\"WebSite\",\"@id\":\"https:\/\/dewitwines.be\/nl\/#website\",\"url\":\"https:\/\/dewitwines.be\/nl\/\",\"name\":\"Dewit Wines\",\"description\":\"We Know Wine\",\"potentialAction\":[{\"@type\":\"SearchAction\",\"target\":{\"@type\":\"EntryPoint\",\"urlTemplate\":\"https:\/\/dewitwines.be\/nl\/?s={search_term_string}\"},\"query-input\":{\"@type\":\"PropertyValueSpecification\",\"valueRequired\":true,\"valueName\":\"search_term_string\"}}],\"inLanguage\":\"nl-NL\"}]}<\/script>\n<!-- \/ Yoast SEO plugin. -->","yoast_head_json":{"title":"Diplom\u00e1tico \"2007 Single Vintage\" Rum Venezuela - 70cl - Dewit Wines","robots":{"index":"index","follow":"follow","max-snippet":"max-snippet:-1","max-image-preview":"max-image-preview:large","max-video-preview":"max-video-preview:-1"},"canonical":"https:\/\/dewitwines.be\/nl\/product\/diplomatico-single-vintage-2007-70cl\/","og_locale":"nl_NL","og_type":"article","og_title":"Diplom\u00e1tico \"2007 Single Vintage\" Rum Venezuela - 70cl - Dewit Wines","og_description":"Om deze rum van oogstjaar 2007 te ontwikkelen, selecteerden de maestros roneros (rummeesters) van Diplom\u00e1tico de meest uitzonderlijke vaten. Deze Single Vintage 2007 is een blend van rums die gedistilleerd zijn in koperen pot stills en vervolgens 12 jaar gerijpt hebben op gebruikte bourbon- en whiskyvaten. Hij kreeg ook een bijkomende rijping van \u00e9\u00e9n jaar op gebruikte vaten van Oloroso-sherry.  NEUS: koffie, vanille, rijp fruit. MOND: bittere chocolade, eik, tabak. AFDRONK: rood fruit.","og_url":"https:\/\/dewitwines.be\/nl\/product\/diplomatico-single-vintage-2007-70cl\/","og_site_name":"Dewit Wines","article_modified_time":"2026-03-05T17:01:38+00:00","og_image":[{"width":872,"height":1024,"url":"https:\/\/dewitwines.be\/wp-content\/uploads\/2025\/07\/00020093-8.jpg","type":"image\/jpeg"}],"twitter_card":"summary_large_image","twitter_misc":{"Geschatte leestijd":"1 minuut"},"schema":{"@context":"https:\/\/schema.org","@graph":[{"@type":"WebPage","@id":"https:\/\/dewitwines.be\/nl\/product\/diplomatico-single-vintage-2007-70cl\/","url":"https:\/\/dewitwines.be\/nl\/product\/diplomatico-single-vintage-2007-70cl\/","name":"Diplom\u00e1tico \"2007 Single Vintage\" Rum Venezuela - 70cl - Dewit Wines","isPartOf":{"@id":"https:\/\/dewitwines.be\/nl\/#website"},"primaryImageOfPage":{"@id":"https:\/\/dewitwines.be\/nl\/product\/diplomatico-single-vintage-2007-70cl\/#primaryimage"},"image":{"@id":"https:\/\/dewitwines.be\/nl\/product\/diplomatico-single-vintage-2007-70cl\/#primaryimage"},"thumbnailUrl":"https:\/\/dewitwines.be\/wp-content\/uploads\/2025\/07\/00020093-8.jpg","datePublished":"2021-10-21T12:26:40+00:00","dateModified":"2026-03-05T17:01:38+00:00","breadcrumb":{"@id":"https:\/\/dewitwines.be\/nl\/product\/diplomatico-single-vintage-2007-70cl\/#breadcrumb"},"inLanguage":"nl-NL","potentialAction":[{"@type":"ReadAction","target":["https:\/\/dewitwines.be\/nl\/product\/diplomatico-single-vintage-2007-70cl\/"]}]},{"@type":"ImageObject","inLanguage":"nl-NL","@id":"https:\/\/dewitwines.be\/nl\/product\/diplomatico-single-vintage-2007-70cl\/#primaryimage","url":"https:\/\/dewitwines.be\/wp-content\/uploads\/2025\/07\/00020093-8.jpg","contentUrl":"https:\/\/dewitwines.be\/wp-content\/uploads\/2025\/07\/00020093-8.jpg","width":872,"height":1024},{"@type":"BreadcrumbList","@id":"https:\/\/dewitwines.be\/nl\/product\/diplomatico-single-vintage-2007-70cl\/#breadcrumb","itemListElement":[{"@type":"ListItem","position":1,"name":"Home","item":"https:\/\/dewitwines.be\/nl\/"},{"@type":"ListItem","position":2,"name":"Shop","item":"https:\/\/dewitwines.be\/nl\/shop\/"},{"@type":"ListItem","position":3,"name":"Diplom\u00e1tico &#8220;2007 Single Vintage&#8221; Rum Venezuela &#8211; 70cl"}]},{"@type":"WebSite","@id":"https:\/\/dewitwines.be\/nl\/#website","url":"https:\/\/dewitwines.be\/nl\/","name":"Dewit Wines","description":"We Know Wine","potentialAction":[{"@type":"SearchAction","target":{"@type":"EntryPoint","urlTemplate":"https:\/\/dewitwines.be\/nl\/?s={search_term_string}"},"query-input":{"@type":"PropertyValueSpecification","valueRequired":true,"valueName":"search_term_string"}}],"inLanguage":"nl-NL"}]}},"_links":{"self":[{"href":"https:\/\/dewitwines.be\/nl\/wp-json\/wp\/v2\/product\/23780","targetHints":{"allow":["GET"]}}],"collection":[{"href":"https:\/\/dewitwines.be\/nl\/wp-json\/wp\/v2\/product"}],"about":[{"href":"https:\/\/dewitwines.be\/nl\/wp-json\/wp\/v2\/types\/product"}],"replies":[{"embeddable":true,"href":"https:\/\/dewitwines.be\/nl\/wp-json\/wp\/v2\/comments?post=23780"}],"wp:featuredmedia":[{"embeddable":true,"href":"https:\/\/dewitwines.be\/nl\/wp-json\/wp\/v2\/media\/43093"}],"wp:attachment":[{"href":"https:\/\/dewitwines.be\/nl\/wp-json\/wp\/v2\/media?parent=23780"}],"wp:term":[{"taxonomy":"product_brand","embeddable":true,"href":"https:\/\/dewitwines.be\/nl\/wp-json\/wp\/v2\/product_brand?post=23780"},{"taxonomy":"product_cat","embeddable":true,"href":"https:\/\/dewitwines.be\/nl\/wp-json\/wp\/v2\/product_cat?post=23780"},{"taxonomy":"product_tag","embeddable":true,"href":"https:\/\/dewitwines.be\/nl\/wp-json\/wp\/v2\/product_tag?post=23780"}],"curies":[{"name":"wp","href":"https:\/\/api.w.org\/{rel}","templated":true}]}}