{"id":12692,"date":"2017-07-24T00:00:00","date_gmt":"2017-07-23T22:00:00","guid":{"rendered":"https:\/\/dev-wordpress-07d0eff996df.hyperlane.co\/?product=jim-beam-signature-craft-12-jaar"},"modified":"2026-03-27T18:03:07","modified_gmt":"2026-03-27T17:03:07","slug":"jim-beam-signature-craft-12-jaar","status":"publish","type":"product","link":"https:\/\/dewitwines.be\/nl\/product\/jim-beam-signature-craft-12-jaar\/","title":{"rendered":"Jim Beam &#8220;signature Craft 12y&#8221; &#8211; 70cl"},"content":{"rendered":"","protected":false},"excerpt":{"rendered":"<div class=\"product-detail--imagewrapper\">\n<p>Het succesverhaal van Jim Beam begon in 1795 wanneer hun stichter Jacob Beam begon met het verkopen van ma\u00efs-whiskey gemaakt volgens een recept van zijn vader. Nu meer dan 200 jaar later, wordt deze traditie nog steeds in het leven gehouden. Wat is nu eigenlijk het verschil tussen gewone whiskey en Bourbon whiskey. Bourbon whiskey moet gemaakt zijn uit minstens 51% ma\u00efs. Ma\u00efs is een stuk zoeter dan andere graansoorten, vandaar dat bij bourbon geldt hoe meer ma\u00efs hoe zoeter.<\/p>\n<p>Bij Jim Beam zijn ze bijzonder trots op deze nectar. Dankzij de lange rijping bezit deze whiskey een fantastisch complex pallet.<\/p>\n<\/div>\n","protected":false},"featured_media":42970,"comment_status":"closed","ping_status":"closed","template":"","meta":[],"product_brand":[],"product_cat":[646,697],"product_tag":[],"class_list":{"0":"post-12692","1":"product","2":"type-product","3":"status-publish","4":"has-post-thumbnail","6":"product_cat-spirits","7":"product_cat-whisky","8":"pa_alcohol-43-2","9":"pa_fles-70cl-2","10":"pa_land-amerika","11":"pa_regio-kentucky-2","12":"pa_type-spirits-whisky-2","13":"pa_type-whisky-bourbon-2","15":"first","16":"instock","17":"taxable","18":"shipping-taxable","19":"purchasable","20":"product-type-simple"},"yoast_head":"<!-- This site is optimized with the Yoast SEO plugin v26.9 - https:\/\/yoast.com\/product\/yoast-seo-wordpress\/ -->\n<title>Jim Beam &quot;signature Craft 12y&quot; - 70cl - Dewit Wines<\/title>\n<meta name=\"robots\" content=\"index, follow, max-snippet:-1, max-image-preview:large, max-video-preview:-1\" \/>\n<link rel=\"canonical\" href=\"https:\/\/dewitwines.be\/nl\/product\/jim-beam-signature-craft-12-jaar\/\" \/>\n<meta property=\"og:locale\" content=\"nl_NL\" \/>\n<meta property=\"og:type\" content=\"article\" \/>\n<meta property=\"og:title\" content=\"Jim Beam &quot;signature Craft 12y&quot; - 70cl - Dewit Wines\" \/>\n<meta property=\"og:description\" content=\"Het succesverhaal van Jim Beam begon in 1795 wanneer hun stichter Jacob Beam begon met het verkopen van ma\u00efs-whiskey gemaakt volgens een recept van zijn vader. Nu meer dan 200 jaar later, wordt deze traditie nog steeds in het leven gehouden. Wat is nu eigenlijk het verschil tussen gewone whiskey en Bourbon whiskey. Bourbon whiskey moet gemaakt zijn uit minstens 51% ma\u00efs. Ma\u00efs is een stuk zoeter dan andere graansoorten, vandaar dat bij bourbon geldt hoe meer ma\u00efs hoe zoeter.  Bij Jim Beam zijn ze bijzonder trots op deze nectar. Dankzij de lange rijping bezit deze whiskey een fantastisch complex pallet.\" \/>\n<meta property=\"og:url\" content=\"https:\/\/dewitwines.be\/nl\/product\/jim-beam-signature-craft-12-jaar\/\" \/>\n<meta property=\"og:site_name\" content=\"Dewit Wines\" \/>\n<meta property=\"article:modified_time\" content=\"2026-03-27T17:03:07+00:00\" \/>\n<meta property=\"og:image\" content=\"https:\/\/dewitwines.be\/wp-content\/uploads\/2025\/07\/00017085-8.jpg\" \/>\n\t<meta property=\"og:image:width\" content=\"181\" \/>\n\t<meta property=\"og:image:height\" content=\"402\" \/>\n\t<meta property=\"og:image:type\" content=\"image\/jpeg\" \/>\n<meta name=\"twitter:card\" content=\"summary_large_image\" \/>\n<script type=\"application\/ld+json\" class=\"yoast-schema-graph\">{\"@context\":\"https:\/\/schema.org\",\"@graph\":[{\"@type\":\"WebPage\",\"@id\":\"https:\/\/dewitwines.be\/nl\/product\/jim-beam-signature-craft-12-jaar\/\",\"url\":\"https:\/\/dewitwines.be\/nl\/product\/jim-beam-signature-craft-12-jaar\/\",\"name\":\"Jim Beam \\\"signature Craft 12y\\\" - 70cl - Dewit Wines\",\"isPartOf\":{\"@id\":\"https:\/\/dewitwines.be\/nl\/#website\"},\"primaryImageOfPage\":{\"@id\":\"https:\/\/dewitwines.be\/nl\/product\/jim-beam-signature-craft-12-jaar\/#primaryimage\"},\"image\":{\"@id\":\"https:\/\/dewitwines.be\/nl\/product\/jim-beam-signature-craft-12-jaar\/#primaryimage\"},\"thumbnailUrl\":\"https:\/\/dewitwines.be\/wp-content\/uploads\/2025\/07\/00017085-8.jpg\",\"datePublished\":\"2017-07-23T22:00:00+00:00\",\"dateModified\":\"2026-03-27T17:03:07+00:00\",\"breadcrumb\":{\"@id\":\"https:\/\/dewitwines.be\/nl\/product\/jim-beam-signature-craft-12-jaar\/#breadcrumb\"},\"inLanguage\":\"nl-NL\",\"potentialAction\":[{\"@type\":\"ReadAction\",\"target\":[\"https:\/\/dewitwines.be\/nl\/product\/jim-beam-signature-craft-12-jaar\/\"]}]},{\"@type\":\"ImageObject\",\"inLanguage\":\"nl-NL\",\"@id\":\"https:\/\/dewitwines.be\/nl\/product\/jim-beam-signature-craft-12-jaar\/#primaryimage\",\"url\":\"https:\/\/dewitwines.be\/wp-content\/uploads\/2025\/07\/00017085-8.jpg\",\"contentUrl\":\"https:\/\/dewitwines.be\/wp-content\/uploads\/2025\/07\/00017085-8.jpg\",\"width\":181,\"height\":402},{\"@type\":\"BreadcrumbList\",\"@id\":\"https:\/\/dewitwines.be\/nl\/product\/jim-beam-signature-craft-12-jaar\/#breadcrumb\",\"itemListElement\":[{\"@type\":\"ListItem\",\"position\":1,\"name\":\"Home\",\"item\":\"https:\/\/dewitwines.be\/nl\/\"},{\"@type\":\"ListItem\",\"position\":2,\"name\":\"Shop\",\"item\":\"https:\/\/dewitwines.be\/nl\/shop\/\"},{\"@type\":\"ListItem\",\"position\":3,\"name\":\"Jim Beam &#8220;signature Craft 12y&#8221; &#8211; 70cl\"}]},{\"@type\":\"WebSite\",\"@id\":\"https:\/\/dewitwines.be\/nl\/#website\",\"url\":\"https:\/\/dewitwines.be\/nl\/\",\"name\":\"Dewit Wines\",\"description\":\"We Know Wine\",\"potentialAction\":[{\"@type\":\"SearchAction\",\"target\":{\"@type\":\"EntryPoint\",\"urlTemplate\":\"https:\/\/dewitwines.be\/nl\/?s={search_term_string}\"},\"query-input\":{\"@type\":\"PropertyValueSpecification\",\"valueRequired\":true,\"valueName\":\"search_term_string\"}}],\"inLanguage\":\"nl-NL\"}]}<\/script>\n<!-- \/ Yoast SEO plugin. -->","yoast_head_json":{"title":"Jim Beam \"signature Craft 12y\" - 70cl - Dewit Wines","robots":{"index":"index","follow":"follow","max-snippet":"max-snippet:-1","max-image-preview":"max-image-preview:large","max-video-preview":"max-video-preview:-1"},"canonical":"https:\/\/dewitwines.be\/nl\/product\/jim-beam-signature-craft-12-jaar\/","og_locale":"nl_NL","og_type":"article","og_title":"Jim Beam \"signature Craft 12y\" - 70cl - Dewit Wines","og_description":"Het succesverhaal van Jim Beam begon in 1795 wanneer hun stichter Jacob Beam begon met het verkopen van ma\u00efs-whiskey gemaakt volgens een recept van zijn vader. Nu meer dan 200 jaar later, wordt deze traditie nog steeds in het leven gehouden. Wat is nu eigenlijk het verschil tussen gewone whiskey en Bourbon whiskey. Bourbon whiskey moet gemaakt zijn uit minstens 51% ma\u00efs. Ma\u00efs is een stuk zoeter dan andere graansoorten, vandaar dat bij bourbon geldt hoe meer ma\u00efs hoe zoeter.  Bij Jim Beam zijn ze bijzonder trots op deze nectar. Dankzij de lange rijping bezit deze whiskey een fantastisch complex pallet.","og_url":"https:\/\/dewitwines.be\/nl\/product\/jim-beam-signature-craft-12-jaar\/","og_site_name":"Dewit Wines","article_modified_time":"2026-03-27T17:03:07+00:00","og_image":[{"width":181,"height":402,"url":"https:\/\/dewitwines.be\/wp-content\/uploads\/2025\/07\/00017085-8.jpg","type":"image\/jpeg"}],"twitter_card":"summary_large_image","schema":{"@context":"https:\/\/schema.org","@graph":[{"@type":"WebPage","@id":"https:\/\/dewitwines.be\/nl\/product\/jim-beam-signature-craft-12-jaar\/","url":"https:\/\/dewitwines.be\/nl\/product\/jim-beam-signature-craft-12-jaar\/","name":"Jim Beam \"signature Craft 12y\" - 70cl - Dewit Wines","isPartOf":{"@id":"https:\/\/dewitwines.be\/nl\/#website"},"primaryImageOfPage":{"@id":"https:\/\/dewitwines.be\/nl\/product\/jim-beam-signature-craft-12-jaar\/#primaryimage"},"image":{"@id":"https:\/\/dewitwines.be\/nl\/product\/jim-beam-signature-craft-12-jaar\/#primaryimage"},"thumbnailUrl":"https:\/\/dewitwines.be\/wp-content\/uploads\/2025\/07\/00017085-8.jpg","datePublished":"2017-07-23T22:00:00+00:00","dateModified":"2026-03-27T17:03:07+00:00","breadcrumb":{"@id":"https:\/\/dewitwines.be\/nl\/product\/jim-beam-signature-craft-12-jaar\/#breadcrumb"},"inLanguage":"nl-NL","potentialAction":[{"@type":"ReadAction","target":["https:\/\/dewitwines.be\/nl\/product\/jim-beam-signature-craft-12-jaar\/"]}]},{"@type":"ImageObject","inLanguage":"nl-NL","@id":"https:\/\/dewitwines.be\/nl\/product\/jim-beam-signature-craft-12-jaar\/#primaryimage","url":"https:\/\/dewitwines.be\/wp-content\/uploads\/2025\/07\/00017085-8.jpg","contentUrl":"https:\/\/dewitwines.be\/wp-content\/uploads\/2025\/07\/00017085-8.jpg","width":181,"height":402},{"@type":"BreadcrumbList","@id":"https:\/\/dewitwines.be\/nl\/product\/jim-beam-signature-craft-12-jaar\/#breadcrumb","itemListElement":[{"@type":"ListItem","position":1,"name":"Home","item":"https:\/\/dewitwines.be\/nl\/"},{"@type":"ListItem","position":2,"name":"Shop","item":"https:\/\/dewitwines.be\/nl\/shop\/"},{"@type":"ListItem","position":3,"name":"Jim Beam &#8220;signature Craft 12y&#8221; &#8211; 70cl"}]},{"@type":"WebSite","@id":"https:\/\/dewitwines.be\/nl\/#website","url":"https:\/\/dewitwines.be\/nl\/","name":"Dewit Wines","description":"We Know Wine","potentialAction":[{"@type":"SearchAction","target":{"@type":"EntryPoint","urlTemplate":"https:\/\/dewitwines.be\/nl\/?s={search_term_string}"},"query-input":{"@type":"PropertyValueSpecification","valueRequired":true,"valueName":"search_term_string"}}],"inLanguage":"nl-NL"}]}},"_links":{"self":[{"href":"https:\/\/dewitwines.be\/nl\/wp-json\/wp\/v2\/product\/12692","targetHints":{"allow":["GET"]}}],"collection":[{"href":"https:\/\/dewitwines.be\/nl\/wp-json\/wp\/v2\/product"}],"about":[{"href":"https:\/\/dewitwines.be\/nl\/wp-json\/wp\/v2\/types\/product"}],"replies":[{"embeddable":true,"href":"https:\/\/dewitwines.be\/nl\/wp-json\/wp\/v2\/comments?post=12692"}],"wp:featuredmedia":[{"embeddable":true,"href":"https:\/\/dewitwines.be\/nl\/wp-json\/wp\/v2\/media\/42970"}],"wp:attachment":[{"href":"https:\/\/dewitwines.be\/nl\/wp-json\/wp\/v2\/media?parent=12692"}],"wp:term":[{"taxonomy":"product_brand","embeddable":true,"href":"https:\/\/dewitwines.be\/nl\/wp-json\/wp\/v2\/product_brand?post=12692"},{"taxonomy":"product_cat","embeddable":true,"href":"https:\/\/dewitwines.be\/nl\/wp-json\/wp\/v2\/product_cat?post=12692"},{"taxonomy":"product_tag","embeddable":true,"href":"https:\/\/dewitwines.be\/nl\/wp-json\/wp\/v2\/product_tag?post=12692"}],"curies":[{"name":"wp","href":"https:\/\/api.w.org\/{rel}","templated":true}]}}