{"id":12474,"date":"2017-07-18T00:00:00","date_gmt":"2017-07-17T22:00:00","guid":{"rendered":"https:\/\/dev-wordpress-07d0eff996df.hyperlane.co\/?product=chateau-moulin-riche-saint-julien-a-o-p-2011"},"modified":"2026-04-04T17:02:22","modified_gmt":"2026-04-04T15:02:22","slug":"chateau-moulin-riche-saint-julien-a-o-p-2011","status":"publish","type":"product","link":"https:\/\/dewitwines.be\/nl\/product\/chateau-moulin-riche-saint-julien-a-o-p-2011\/","title":{"rendered":"Ch\u00e2teau Moulin Riche &#8211; Saint-julien &#8211; 75cl 2011"},"content":{"rendered":"","protected":false},"excerpt":{"rendered":"<div class=\"product-detail--imagewrapper\">Ch\u00e2teau Moulin Riche werd jaren aanzien als de onoffici\u00eble tweede wijn van Ch\u00e2teau L\u00e9oville Poyf\u00e9rre. Dit veranderde in 2009 wanneer beslist werd om deze wijn zijn eigen percelen te bedelen en te gaan ontwikkelen als een aparte wijn, weliswaar van de zelfde eigenaars als het grote L\u00e9oville Poyf\u00e9rre, de familie Cuvelier.<\/div>\n<div class=\"product-detail--imagewrapper\">Mond : Wat onmiddellijk opvalt is de rijpheid van de taninne in deze wijn, de subtiele fruit structuur en het prachtig verweven hout zorgen voor een grote wijn.<\/div>\n<div class=\"product-detail--imagewrapper\">Neus : De neus brengt ons verfijnde aroma&#8217;s van aardbei, cassis, cederhout en vanille.<\/div>\n<div class=\"product-detail--imagewrapper\">Kleur : Robijnrood met paarse rand.<\/div>\n<div>Deze wijn past goed bij: gegrild rood vlees, halfzachte kazen, rood vlees en wild<\/div>\n","protected":false},"featured_media":35389,"comment_status":"closed","ping_status":"closed","template":"","meta":[],"product_brand":[],"product_cat":[27,58],"product_tag":[],"class_list":{"0":"post-12474","1":"product","2":"type-product","3":"status-publish","4":"has-post-thumbnail","6":"product_cat-wijnen","7":"product_cat-rode-wijn","8":"pa_alcohol-13-2","9":"pa_druif-cabernet-sauvignon-2","10":"pa_druif-merlot-2","11":"pa_druif-petit-verdot-2","12":"pa_fles-75cl-2","13":"pa_gerecht-gegrild-rood-vlees","14":"pa_gerecht-halfzachte-kazen","15":"pa_gerecht-rood-vlees","16":"pa_gerecht-wild","17":"pa_jaar-2011-2","18":"pa_kleur-type-rood","19":"pa_land-frankrijk","20":"pa_regio-bordeaux-saint-julien-a-o-p-2","21":"pa_smaak-evenwichtig","22":"pa_smaak-rond-zacht","23":"pa_smaak-vol","24":"pa_wijnhuis-chateau-leoville-poyferre-2eme-cru-classe-2","26":"first","27":"instock","28":"taxable","29":"shipping-taxable","30":"purchasable","31":"product-type-simple"},"yoast_head":"<!-- This site is optimized with the Yoast SEO plugin v26.9 - https:\/\/yoast.com\/product\/yoast-seo-wordpress\/ -->\n<title>Ch\u00e2teau Moulin Riche - Saint-julien - 75cl 2011 - Dewit Wines<\/title>\n<meta name=\"robots\" content=\"index, follow, max-snippet:-1, max-image-preview:large, max-video-preview:-1\" \/>\n<link rel=\"canonical\" href=\"https:\/\/dewitwines.be\/nl\/product\/chateau-moulin-riche-saint-julien-a-o-p-2011\/\" \/>\n<meta property=\"og:locale\" content=\"nl_NL\" \/>\n<meta property=\"og:type\" content=\"article\" \/>\n<meta property=\"og:title\" content=\"Ch\u00e2teau Moulin Riche - Saint-julien - 75cl 2011 - Dewit Wines\" \/>\n<meta property=\"og:description\" content=\"Ch\u00e2teau Moulin Riche werd jaren aanzien als de onoffici\u00eble tweede wijn van Ch\u00e2teau L\u00e9oville Poyf\u00e9rre. Dit veranderde in 2009 wanneer beslist werd om deze wijn zijn eigen percelen te bedelen en te gaan ontwikkelen als een aparte wijn, weliswaar van de zelfde eigenaars als het grote L\u00e9oville Poyf\u00e9rre, de familie Cuvelier.Mond : Wat onmiddellijk opvalt is de rijpheid van de taninne in deze wijn, de subtiele fruit structuur en het prachtig verweven hout zorgen voor een grote wijn.Neus : De neus brengt ons verfijnde aroma&#039;s van aardbei, cassis, cederhout en vanille.Kleur : Robijnrood met paarse rand.Deze wijn past goed bij: gegrild rood vlees, halfzachte kazen, rood vlees en wild\" \/>\n<meta property=\"og:url\" content=\"https:\/\/dewitwines.be\/nl\/product\/chateau-moulin-riche-saint-julien-a-o-p-2011\/\" \/>\n<meta property=\"og:site_name\" content=\"Dewit Wines\" \/>\n<meta property=\"article:modified_time\" content=\"2026-04-04T15:02:22+00:00\" \/>\n<meta property=\"og:image\" content=\"https:\/\/dewitwines.be\/wp-content\/uploads\/2025\/07\/00007327-rotated.jpg\" \/>\n\t<meta property=\"og:image:width\" content=\"2288\" \/>\n\t<meta property=\"og:image:height\" content=\"1280\" \/>\n\t<meta property=\"og:image:type\" content=\"image\/jpeg\" \/>\n<meta name=\"twitter:card\" content=\"summary_large_image\" \/>\n<script type=\"application\/ld+json\" class=\"yoast-schema-graph\">{\"@context\":\"https:\/\/schema.org\",\"@graph\":[{\"@type\":\"WebPage\",\"@id\":\"https:\/\/dewitwines.be\/nl\/product\/chateau-moulin-riche-saint-julien-a-o-p-2011\/\",\"url\":\"https:\/\/dewitwines.be\/nl\/product\/chateau-moulin-riche-saint-julien-a-o-p-2011\/\",\"name\":\"Ch\u00e2teau Moulin Riche - Saint-julien - 75cl 2011 - Dewit Wines\",\"isPartOf\":{\"@id\":\"https:\/\/dewitwines.be\/nl\/#website\"},\"primaryImageOfPage\":{\"@id\":\"https:\/\/dewitwines.be\/nl\/product\/chateau-moulin-riche-saint-julien-a-o-p-2011\/#primaryimage\"},\"image\":{\"@id\":\"https:\/\/dewitwines.be\/nl\/product\/chateau-moulin-riche-saint-julien-a-o-p-2011\/#primaryimage\"},\"thumbnailUrl\":\"https:\/\/dewitwines.be\/wp-content\/uploads\/2025\/07\/00007327-rotated.jpg\",\"datePublished\":\"2017-07-17T22:00:00+00:00\",\"dateModified\":\"2026-04-04T15:02:22+00:00\",\"breadcrumb\":{\"@id\":\"https:\/\/dewitwines.be\/nl\/product\/chateau-moulin-riche-saint-julien-a-o-p-2011\/#breadcrumb\"},\"inLanguage\":\"nl-NL\",\"potentialAction\":[{\"@type\":\"ReadAction\",\"target\":[\"https:\/\/dewitwines.be\/nl\/product\/chateau-moulin-riche-saint-julien-a-o-p-2011\/\"]}]},{\"@type\":\"ImageObject\",\"inLanguage\":\"nl-NL\",\"@id\":\"https:\/\/dewitwines.be\/nl\/product\/chateau-moulin-riche-saint-julien-a-o-p-2011\/#primaryimage\",\"url\":\"https:\/\/dewitwines.be\/wp-content\/uploads\/2025\/07\/00007327-rotated.jpg\",\"contentUrl\":\"https:\/\/dewitwines.be\/wp-content\/uploads\/2025\/07\/00007327-rotated.jpg\",\"width\":2288,\"height\":1280},{\"@type\":\"BreadcrumbList\",\"@id\":\"https:\/\/dewitwines.be\/nl\/product\/chateau-moulin-riche-saint-julien-a-o-p-2011\/#breadcrumb\",\"itemListElement\":[{\"@type\":\"ListItem\",\"position\":1,\"name\":\"Home\",\"item\":\"https:\/\/dewitwines.be\/nl\/\"},{\"@type\":\"ListItem\",\"position\":2,\"name\":\"Shop\",\"item\":\"https:\/\/dewitwines.be\/nl\/shop\/\"},{\"@type\":\"ListItem\",\"position\":3,\"name\":\"Ch\u00e2teau Moulin Riche &#8211; Saint-julien &#8211; 75cl 2011\"}]},{\"@type\":\"WebSite\",\"@id\":\"https:\/\/dewitwines.be\/nl\/#website\",\"url\":\"https:\/\/dewitwines.be\/nl\/\",\"name\":\"Dewit Wines\",\"description\":\"We Know Wine\",\"potentialAction\":[{\"@type\":\"SearchAction\",\"target\":{\"@type\":\"EntryPoint\",\"urlTemplate\":\"https:\/\/dewitwines.be\/nl\/?s={search_term_string}\"},\"query-input\":{\"@type\":\"PropertyValueSpecification\",\"valueRequired\":true,\"valueName\":\"search_term_string\"}}],\"inLanguage\":\"nl-NL\"}]}<\/script>\n<!-- \/ Yoast SEO plugin. -->","yoast_head_json":{"title":"Ch\u00e2teau Moulin Riche - Saint-julien - 75cl 2011 - Dewit Wines","robots":{"index":"index","follow":"follow","max-snippet":"max-snippet:-1","max-image-preview":"max-image-preview:large","max-video-preview":"max-video-preview:-1"},"canonical":"https:\/\/dewitwines.be\/nl\/product\/chateau-moulin-riche-saint-julien-a-o-p-2011\/","og_locale":"nl_NL","og_type":"article","og_title":"Ch\u00e2teau Moulin Riche - Saint-julien - 75cl 2011 - Dewit Wines","og_description":"Ch\u00e2teau Moulin Riche werd jaren aanzien als de onoffici\u00eble tweede wijn van Ch\u00e2teau L\u00e9oville Poyf\u00e9rre. Dit veranderde in 2009 wanneer beslist werd om deze wijn zijn eigen percelen te bedelen en te gaan ontwikkelen als een aparte wijn, weliswaar van de zelfde eigenaars als het grote L\u00e9oville Poyf\u00e9rre, de familie Cuvelier.Mond : Wat onmiddellijk opvalt is de rijpheid van de taninne in deze wijn, de subtiele fruit structuur en het prachtig verweven hout zorgen voor een grote wijn.Neus : De neus brengt ons verfijnde aroma's van aardbei, cassis, cederhout en vanille.Kleur : Robijnrood met paarse rand.Deze wijn past goed bij: gegrild rood vlees, halfzachte kazen, rood vlees en wild","og_url":"https:\/\/dewitwines.be\/nl\/product\/chateau-moulin-riche-saint-julien-a-o-p-2011\/","og_site_name":"Dewit Wines","article_modified_time":"2026-04-04T15:02:22+00:00","og_image":[{"width":2288,"height":1280,"url":"https:\/\/dewitwines.be\/wp-content\/uploads\/2025\/07\/00007327-rotated.jpg","type":"image\/jpeg"}],"twitter_card":"summary_large_image","schema":{"@context":"https:\/\/schema.org","@graph":[{"@type":"WebPage","@id":"https:\/\/dewitwines.be\/nl\/product\/chateau-moulin-riche-saint-julien-a-o-p-2011\/","url":"https:\/\/dewitwines.be\/nl\/product\/chateau-moulin-riche-saint-julien-a-o-p-2011\/","name":"Ch\u00e2teau Moulin Riche - Saint-julien - 75cl 2011 - Dewit Wines","isPartOf":{"@id":"https:\/\/dewitwines.be\/nl\/#website"},"primaryImageOfPage":{"@id":"https:\/\/dewitwines.be\/nl\/product\/chateau-moulin-riche-saint-julien-a-o-p-2011\/#primaryimage"},"image":{"@id":"https:\/\/dewitwines.be\/nl\/product\/chateau-moulin-riche-saint-julien-a-o-p-2011\/#primaryimage"},"thumbnailUrl":"https:\/\/dewitwines.be\/wp-content\/uploads\/2025\/07\/00007327-rotated.jpg","datePublished":"2017-07-17T22:00:00+00:00","dateModified":"2026-04-04T15:02:22+00:00","breadcrumb":{"@id":"https:\/\/dewitwines.be\/nl\/product\/chateau-moulin-riche-saint-julien-a-o-p-2011\/#breadcrumb"},"inLanguage":"nl-NL","potentialAction":[{"@type":"ReadAction","target":["https:\/\/dewitwines.be\/nl\/product\/chateau-moulin-riche-saint-julien-a-o-p-2011\/"]}]},{"@type":"ImageObject","inLanguage":"nl-NL","@id":"https:\/\/dewitwines.be\/nl\/product\/chateau-moulin-riche-saint-julien-a-o-p-2011\/#primaryimage","url":"https:\/\/dewitwines.be\/wp-content\/uploads\/2025\/07\/00007327-rotated.jpg","contentUrl":"https:\/\/dewitwines.be\/wp-content\/uploads\/2025\/07\/00007327-rotated.jpg","width":2288,"height":1280},{"@type":"BreadcrumbList","@id":"https:\/\/dewitwines.be\/nl\/product\/chateau-moulin-riche-saint-julien-a-o-p-2011\/#breadcrumb","itemListElement":[{"@type":"ListItem","position":1,"name":"Home","item":"https:\/\/dewitwines.be\/nl\/"},{"@type":"ListItem","position":2,"name":"Shop","item":"https:\/\/dewitwines.be\/nl\/shop\/"},{"@type":"ListItem","position":3,"name":"Ch\u00e2teau Moulin Riche &#8211; Saint-julien &#8211; 75cl 2011"}]},{"@type":"WebSite","@id":"https:\/\/dewitwines.be\/nl\/#website","url":"https:\/\/dewitwines.be\/nl\/","name":"Dewit Wines","description":"We Know Wine","potentialAction":[{"@type":"SearchAction","target":{"@type":"EntryPoint","urlTemplate":"https:\/\/dewitwines.be\/nl\/?s={search_term_string}"},"query-input":{"@type":"PropertyValueSpecification","valueRequired":true,"valueName":"search_term_string"}}],"inLanguage":"nl-NL"}]}},"_links":{"self":[{"href":"https:\/\/dewitwines.be\/nl\/wp-json\/wp\/v2\/product\/12474","targetHints":{"allow":["GET"]}}],"collection":[{"href":"https:\/\/dewitwines.be\/nl\/wp-json\/wp\/v2\/product"}],"about":[{"href":"https:\/\/dewitwines.be\/nl\/wp-json\/wp\/v2\/types\/product"}],"replies":[{"embeddable":true,"href":"https:\/\/dewitwines.be\/nl\/wp-json\/wp\/v2\/comments?post=12474"}],"wp:featuredmedia":[{"embeddable":true,"href":"https:\/\/dewitwines.be\/nl\/wp-json\/wp\/v2\/media\/35389"}],"wp:attachment":[{"href":"https:\/\/dewitwines.be\/nl\/wp-json\/wp\/v2\/media?parent=12474"}],"wp:term":[{"taxonomy":"product_brand","embeddable":true,"href":"https:\/\/dewitwines.be\/nl\/wp-json\/wp\/v2\/product_brand?post=12474"},{"taxonomy":"product_cat","embeddable":true,"href":"https:\/\/dewitwines.be\/nl\/wp-json\/wp\/v2\/product_cat?post=12474"},{"taxonomy":"product_tag","embeddable":true,"href":"https:\/\/dewitwines.be\/nl\/wp-json\/wp\/v2\/product_tag?post=12474"}],"curies":[{"name":"wp","href":"https:\/\/api.w.org\/{rel}","templated":true}]}}