{"id":12457,"date":"2017-07-18T00:00:00","date_gmt":"2017-07-17T22:00:00","guid":{"rendered":"https:\/\/dev-wordpress-07d0eff996df.hyperlane.co\/?product=chateau-le-crock-saint-estephe-a-o-p-2011"},"modified":"2026-04-04T13:02:22","modified_gmt":"2026-04-04T11:02:22","slug":"chateau-le-crock-saint-estephe-a-o-p-2011","status":"publish","type":"product","link":"https:\/\/dewitwines.be\/nl\/product\/chateau-le-crock-saint-estephe-a-o-p-2011\/","title":{"rendered":"Ch\u00e2teau Le Crock &#8211; Saint-est\u00e8phe Cru Bourgeois &#8211; 75cl 2011"},"content":{"rendered":"","protected":false},"excerpt":{"rendered":"<div class=\"product-detail--imagewrapper\">De wijngaarden van Ch\u00e2teau Le Crock beslaan 32,50 hectare en hebben een gemiddelde leeftijd van 37 jaar. De oogst gebeurd volledig manueel gevolgd door een minutieuze selectie op de sorteertafel bij aankomst in de kelders. De vinificatie vindt plaats in betonnen Cuve en wordt gevolgd door een vatrijping van 18 maanden.<\/div>\n<div class=\"product-detail--imagewrapper\">Mond : Deze wijn presenteert zich met een vol en vlezig pallet, sappig en rijp fruit krijgt op fantastische manier ondersteuning van de zachte houttoetsen. In de afdronk is deze wijn krachtig maar \u00e9\u00e9n en al finesse. Een ware topper.<\/div>\n<div class=\"product-detail--imagewrapper\">Neus: Verfijnde impressies van zoethout, cassis, framboos, rijpe pruimen, tabak en leder.<\/div>\n<div class=\"product-detail--imagewrapper\">Kleur: Donker robijnrood.<\/div>\n<div>Deze wijn past goed bij; eend, entrecote, gerijpte kazen, lam algemeen, ossenhaas en tournedos gebakken of gegrild<\/div>\n","protected":false},"featured_media":35412,"comment_status":"closed","ping_status":"closed","template":"","meta":[],"product_brand":[],"product_cat":[27,58],"product_tag":[],"class_list":{"0":"post-12457","1":"product","2":"type-product","3":"status-publish","4":"has-post-thumbnail","6":"product_cat-wijnen","7":"product_cat-rode-wijn","8":"pa_alcohol-135-2","9":"pa_druif-cabernet-franc-2","10":"pa_druif-cabernet-sauvignon-2","11":"pa_druif-merlot-2","12":"pa_druif-petit-verdot-2","13":"pa_fles-75cl-2","14":"pa_gerecht-eend","15":"pa_gerecht-entrecote-2","16":"pa_gerecht-gerijpte-kazen","17":"pa_gerecht-lam-algemeen","18":"pa_gerecht-ossenhaas","19":"pa_gerecht-tournedos-gebakken-of-gegrild","20":"pa_jaar-2011-2","21":"pa_kleur-type-rood","22":"pa_land-frankrijk","23":"pa_regio-bordeaux-saint-julien-a-o-p-2","24":"pa_smaak-evenwichtig","25":"pa_smaak-krachtig","26":"pa_smaak-vol","27":"pa_wijnhuis-chateau-leoville-poyferre-2eme-cru-classe-2","29":"first","30":"instock","31":"taxable","32":"shipping-taxable","33":"purchasable","34":"product-type-simple"},"yoast_head":"<!-- This site is optimized with the Yoast SEO plugin v26.9 - https:\/\/yoast.com\/product\/yoast-seo-wordpress\/ -->\n<title>Ch\u00e2teau Le Crock - Saint-est\u00e8phe Cru Bourgeois - 75cl 2011 - Dewit Wines<\/title>\n<meta name=\"robots\" content=\"index, follow, max-snippet:-1, max-image-preview:large, max-video-preview:-1\" \/>\n<link rel=\"canonical\" href=\"https:\/\/dewitwines.be\/nl\/product\/chateau-le-crock-saint-estephe-a-o-p-2011\/\" \/>\n<meta property=\"og:locale\" content=\"nl_NL\" \/>\n<meta property=\"og:type\" content=\"article\" \/>\n<meta property=\"og:title\" content=\"Ch\u00e2teau Le Crock - Saint-est\u00e8phe Cru Bourgeois - 75cl 2011 - Dewit Wines\" \/>\n<meta property=\"og:description\" content=\"De wijngaarden van Ch\u00e2teau Le Crock beslaan 32,50 hectare en hebben een gemiddelde leeftijd van 37 jaar. De oogst gebeurd volledig manueel gevolgd door een minutieuze selectie op de sorteertafel bij aankomst in de kelders. De vinificatie vindt plaats in betonnen Cuve en wordt gevolgd door een vatrijping van 18 maanden. Mond : Deze wijn presenteert zich met een vol en vlezig pallet, sappig en rijp fruit krijgt op fantastische manier ondersteuning van de zachte houttoetsen. In de afdronk is deze wijn krachtig maar \u00e9\u00e9n en al finesse. Een ware topper. Neus: Verfijnde impressies van zoethout, cassis, framboos, rijpe pruimen, tabak en leder. Kleur: Donker robijnrood. Deze wijn past goed bij; eend, entrecote, gerijpte kazen, lam algemeen, ossenhaas en tournedos gebakken of gegrild\" \/>\n<meta property=\"og:url\" content=\"https:\/\/dewitwines.be\/nl\/product\/chateau-le-crock-saint-estephe-a-o-p-2011\/\" \/>\n<meta property=\"og:site_name\" content=\"Dewit Wines\" \/>\n<meta property=\"article:modified_time\" content=\"2026-04-04T11:02:22+00:00\" \/>\n<meta property=\"og:image\" content=\"https:\/\/dewitwines.be\/wp-content\/uploads\/2025\/07\/00007351.jpg\" \/>\n\t<meta property=\"og:image:width\" content=\"425\" \/>\n\t<meta property=\"og:image:height\" content=\"1730\" \/>\n\t<meta property=\"og:image:type\" content=\"image\/jpeg\" \/>\n<meta name=\"twitter:card\" content=\"summary_large_image\" \/>\n<meta name=\"twitter:label1\" content=\"Geschatte leestijd\" \/>\n\t<meta name=\"twitter:data1\" content=\"1 minuut\" \/>\n<script type=\"application\/ld+json\" class=\"yoast-schema-graph\">{\"@context\":\"https:\/\/schema.org\",\"@graph\":[{\"@type\":\"WebPage\",\"@id\":\"https:\/\/dewitwines.be\/nl\/product\/chateau-le-crock-saint-estephe-a-o-p-2011\/\",\"url\":\"https:\/\/dewitwines.be\/nl\/product\/chateau-le-crock-saint-estephe-a-o-p-2011\/\",\"name\":\"Ch\u00e2teau Le Crock - Saint-est\u00e8phe Cru Bourgeois - 75cl 2011 - Dewit Wines\",\"isPartOf\":{\"@id\":\"https:\/\/dewitwines.be\/nl\/#website\"},\"primaryImageOfPage\":{\"@id\":\"https:\/\/dewitwines.be\/nl\/product\/chateau-le-crock-saint-estephe-a-o-p-2011\/#primaryimage\"},\"image\":{\"@id\":\"https:\/\/dewitwines.be\/nl\/product\/chateau-le-crock-saint-estephe-a-o-p-2011\/#primaryimage\"},\"thumbnailUrl\":\"https:\/\/dewitwines.be\/wp-content\/uploads\/2025\/07\/00007351.jpg\",\"datePublished\":\"2017-07-17T22:00:00+00:00\",\"dateModified\":\"2026-04-04T11:02:22+00:00\",\"breadcrumb\":{\"@id\":\"https:\/\/dewitwines.be\/nl\/product\/chateau-le-crock-saint-estephe-a-o-p-2011\/#breadcrumb\"},\"inLanguage\":\"nl-NL\",\"potentialAction\":[{\"@type\":\"ReadAction\",\"target\":[\"https:\/\/dewitwines.be\/nl\/product\/chateau-le-crock-saint-estephe-a-o-p-2011\/\"]}]},{\"@type\":\"ImageObject\",\"inLanguage\":\"nl-NL\",\"@id\":\"https:\/\/dewitwines.be\/nl\/product\/chateau-le-crock-saint-estephe-a-o-p-2011\/#primaryimage\",\"url\":\"https:\/\/dewitwines.be\/wp-content\/uploads\/2025\/07\/00007351.jpg\",\"contentUrl\":\"https:\/\/dewitwines.be\/wp-content\/uploads\/2025\/07\/00007351.jpg\",\"width\":425,\"height\":1730},{\"@type\":\"BreadcrumbList\",\"@id\":\"https:\/\/dewitwines.be\/nl\/product\/chateau-le-crock-saint-estephe-a-o-p-2011\/#breadcrumb\",\"itemListElement\":[{\"@type\":\"ListItem\",\"position\":1,\"name\":\"Home\",\"item\":\"https:\/\/dewitwines.be\/nl\/\"},{\"@type\":\"ListItem\",\"position\":2,\"name\":\"Shop\",\"item\":\"https:\/\/dewitwines.be\/nl\/shop\/\"},{\"@type\":\"ListItem\",\"position\":3,\"name\":\"Ch\u00e2teau Le Crock &#8211; Saint-est\u00e8phe Cru Bourgeois &#8211; 75cl 2011\"}]},{\"@type\":\"WebSite\",\"@id\":\"https:\/\/dewitwines.be\/nl\/#website\",\"url\":\"https:\/\/dewitwines.be\/nl\/\",\"name\":\"Dewit Wines\",\"description\":\"We Know Wine\",\"potentialAction\":[{\"@type\":\"SearchAction\",\"target\":{\"@type\":\"EntryPoint\",\"urlTemplate\":\"https:\/\/dewitwines.be\/nl\/?s={search_term_string}\"},\"query-input\":{\"@type\":\"PropertyValueSpecification\",\"valueRequired\":true,\"valueName\":\"search_term_string\"}}],\"inLanguage\":\"nl-NL\"}]}<\/script>\n<!-- \/ Yoast SEO plugin. -->","yoast_head_json":{"title":"Ch\u00e2teau Le Crock - Saint-est\u00e8phe Cru Bourgeois - 75cl 2011 - Dewit Wines","robots":{"index":"index","follow":"follow","max-snippet":"max-snippet:-1","max-image-preview":"max-image-preview:large","max-video-preview":"max-video-preview:-1"},"canonical":"https:\/\/dewitwines.be\/nl\/product\/chateau-le-crock-saint-estephe-a-o-p-2011\/","og_locale":"nl_NL","og_type":"article","og_title":"Ch\u00e2teau Le Crock - Saint-est\u00e8phe Cru Bourgeois - 75cl 2011 - Dewit Wines","og_description":"De wijngaarden van Ch\u00e2teau Le Crock beslaan 32,50 hectare en hebben een gemiddelde leeftijd van 37 jaar. De oogst gebeurd volledig manueel gevolgd door een minutieuze selectie op de sorteertafel bij aankomst in de kelders. De vinificatie vindt plaats in betonnen Cuve en wordt gevolgd door een vatrijping van 18 maanden. Mond : Deze wijn presenteert zich met een vol en vlezig pallet, sappig en rijp fruit krijgt op fantastische manier ondersteuning van de zachte houttoetsen. In de afdronk is deze wijn krachtig maar \u00e9\u00e9n en al finesse. Een ware topper. Neus: Verfijnde impressies van zoethout, cassis, framboos, rijpe pruimen, tabak en leder. Kleur: Donker robijnrood. Deze wijn past goed bij; eend, entrecote, gerijpte kazen, lam algemeen, ossenhaas en tournedos gebakken of gegrild","og_url":"https:\/\/dewitwines.be\/nl\/product\/chateau-le-crock-saint-estephe-a-o-p-2011\/","og_site_name":"Dewit Wines","article_modified_time":"2026-04-04T11:02:22+00:00","og_image":[{"width":425,"height":1730,"url":"https:\/\/dewitwines.be\/wp-content\/uploads\/2025\/07\/00007351.jpg","type":"image\/jpeg"}],"twitter_card":"summary_large_image","twitter_misc":{"Geschatte leestijd":"1 minuut"},"schema":{"@context":"https:\/\/schema.org","@graph":[{"@type":"WebPage","@id":"https:\/\/dewitwines.be\/nl\/product\/chateau-le-crock-saint-estephe-a-o-p-2011\/","url":"https:\/\/dewitwines.be\/nl\/product\/chateau-le-crock-saint-estephe-a-o-p-2011\/","name":"Ch\u00e2teau Le Crock - Saint-est\u00e8phe Cru Bourgeois - 75cl 2011 - Dewit Wines","isPartOf":{"@id":"https:\/\/dewitwines.be\/nl\/#website"},"primaryImageOfPage":{"@id":"https:\/\/dewitwines.be\/nl\/product\/chateau-le-crock-saint-estephe-a-o-p-2011\/#primaryimage"},"image":{"@id":"https:\/\/dewitwines.be\/nl\/product\/chateau-le-crock-saint-estephe-a-o-p-2011\/#primaryimage"},"thumbnailUrl":"https:\/\/dewitwines.be\/wp-content\/uploads\/2025\/07\/00007351.jpg","datePublished":"2017-07-17T22:00:00+00:00","dateModified":"2026-04-04T11:02:22+00:00","breadcrumb":{"@id":"https:\/\/dewitwines.be\/nl\/product\/chateau-le-crock-saint-estephe-a-o-p-2011\/#breadcrumb"},"inLanguage":"nl-NL","potentialAction":[{"@type":"ReadAction","target":["https:\/\/dewitwines.be\/nl\/product\/chateau-le-crock-saint-estephe-a-o-p-2011\/"]}]},{"@type":"ImageObject","inLanguage":"nl-NL","@id":"https:\/\/dewitwines.be\/nl\/product\/chateau-le-crock-saint-estephe-a-o-p-2011\/#primaryimage","url":"https:\/\/dewitwines.be\/wp-content\/uploads\/2025\/07\/00007351.jpg","contentUrl":"https:\/\/dewitwines.be\/wp-content\/uploads\/2025\/07\/00007351.jpg","width":425,"height":1730},{"@type":"BreadcrumbList","@id":"https:\/\/dewitwines.be\/nl\/product\/chateau-le-crock-saint-estephe-a-o-p-2011\/#breadcrumb","itemListElement":[{"@type":"ListItem","position":1,"name":"Home","item":"https:\/\/dewitwines.be\/nl\/"},{"@type":"ListItem","position":2,"name":"Shop","item":"https:\/\/dewitwines.be\/nl\/shop\/"},{"@type":"ListItem","position":3,"name":"Ch\u00e2teau Le Crock &#8211; Saint-est\u00e8phe Cru Bourgeois &#8211; 75cl 2011"}]},{"@type":"WebSite","@id":"https:\/\/dewitwines.be\/nl\/#website","url":"https:\/\/dewitwines.be\/nl\/","name":"Dewit Wines","description":"We Know Wine","potentialAction":[{"@type":"SearchAction","target":{"@type":"EntryPoint","urlTemplate":"https:\/\/dewitwines.be\/nl\/?s={search_term_string}"},"query-input":{"@type":"PropertyValueSpecification","valueRequired":true,"valueName":"search_term_string"}}],"inLanguage":"nl-NL"}]}},"_links":{"self":[{"href":"https:\/\/dewitwines.be\/nl\/wp-json\/wp\/v2\/product\/12457","targetHints":{"allow":["GET"]}}],"collection":[{"href":"https:\/\/dewitwines.be\/nl\/wp-json\/wp\/v2\/product"}],"about":[{"href":"https:\/\/dewitwines.be\/nl\/wp-json\/wp\/v2\/types\/product"}],"replies":[{"embeddable":true,"href":"https:\/\/dewitwines.be\/nl\/wp-json\/wp\/v2\/comments?post=12457"}],"wp:featuredmedia":[{"embeddable":true,"href":"https:\/\/dewitwines.be\/nl\/wp-json\/wp\/v2\/media\/35412"}],"wp:attachment":[{"href":"https:\/\/dewitwines.be\/nl\/wp-json\/wp\/v2\/media?parent=12457"}],"wp:term":[{"taxonomy":"product_brand","embeddable":true,"href":"https:\/\/dewitwines.be\/nl\/wp-json\/wp\/v2\/product_brand?post=12457"},{"taxonomy":"product_cat","embeddable":true,"href":"https:\/\/dewitwines.be\/nl\/wp-json\/wp\/v2\/product_cat?post=12457"},{"taxonomy":"product_tag","embeddable":true,"href":"https:\/\/dewitwines.be\/nl\/wp-json\/wp\/v2\/product_tag?post=12457"}],"curies":[{"name":"wp","href":"https:\/\/api.w.org\/{rel}","templated":true}]}}