{"id":12310,"date":"2017-07-18T06:00:00","date_gmt":"2017-07-18T04:00:00","guid":{"rendered":"https:\/\/dev-wordpress-07d0eff996df.hyperlane.co\/?product=campo-alegre-bodegas-burdigala-francois-lurton-2016"},"modified":"2026-03-18T11:07:42","modified_gmt":"2026-03-18T10:07:42","slug":"campo-alegre-bodegas-burdigala-francois-lurton-2021","status":"publish","type":"product","link":"https:\/\/dewitwines.be\/nl\/product\/campo-alegre-bodegas-burdigala-francois-lurton-2021\/","title":{"rendered":"Campo Eliseo \u0093cuv\u00e9e Alegr\u00e9\u0094 Blanco &#8211; Bodegas Burdigala &#8211; Fran\u00e7ois Lurton &#8211; Rueda D.o. &#8211; 75cl 2022"},"content":{"rendered":"","protected":false},"excerpt":{"rendered":"<div class=\"product-detail--imagewrapper\">\n<div class=\"product-image-help\">\n<div class=\"product-detail--imagewrapper\">\n<div class=\"product-detail--imagewrapper\">Bodegas Burdigala was \u00e9\u00e9n van de eerste wijnhuizen in de regio die besliste om een frissere stijl van Verdejo te produceren. Ze begonnen met de wijn om de most te laten rijpen op eiken vaten. De druiven worden minitieus met de hand geplukt en ondergaan een rigoureuze selectie alvorens verwerkt te worden. u leest het niets wordt aan het toeval overgelaten om een absolute topper te producren.<\/div>\n<div class=\"product-detail--imagewrapper\">Mond : De aanzet is rond en zacht met een quasi perfect evenwicht. Sappige impressies van appel, peer en mandarijn komen naar voren. Op de achtergrond ontwaren we ook een toets van gedroogde vruchten zoals abrokoos en een hint van gedroogde bloemen.<\/div>\n<div class=\"product-detail--imagewrapper\">Neus : Een intense en frisse neus dient zich onmiddelijk aan. Delikate toetsen van witte bloemen, citrus, vanille en vers brood.<\/div>\n<div class=\"product-detail--imagewrapper\">Kleur : Levendige, lichtgele tint met groene schittering.<\/div>\n<div>Deze wijn past goed bij: aperitief, harde kazen, verfijnde visgerechten en wit vlees<\/div>\n<\/div>\n<\/div>\n<\/div>\n","protected":false},"featured_media":37471,"comment_status":"closed","ping_status":"closed","template":"","meta":[],"product_brand":[],"product_cat":[27,47],"product_tag":[],"class_list":{"0":"post-12310","1":"product","2":"type-product","3":"status-publish","4":"has-post-thumbnail","6":"product_cat-wijnen","7":"product_cat-witte-wijn","8":"pa_alcohol-13-2","9":"pa_druif-verdejo-2","10":"pa_fles-75cl-2","11":"pa_gerecht-aperitief","12":"pa_gerecht-harde-kazen","13":"pa_gerecht-verfijnde-visgerechten","14":"pa_gerecht-wit-vlees","15":"pa_jaar-3465","16":"pa_kleur-type-wit","17":"pa_land-spanje","18":"pa_regio-toro-d-o-2","19":"pa_smaak-evenwichtig","20":"pa_smaak-fris","21":"pa_wijnhuis-bodega-burdigala-toro-d-o-francois-lurton-2","23":"first","24":"instock","25":"taxable","26":"shipping-taxable","27":"purchasable","28":"product-type-simple"},"yoast_head":"<!-- This site is optimized with the Yoast SEO plugin v26.9 - https:\/\/yoast.com\/product\/yoast-seo-wordpress\/ -->\n<title>Campo Eliseo \u0093cuv\u00e9e Alegr\u00e9\u0094 Blanco - Bodegas Burdigala - Fran\u00e7ois Lurton - Rueda D.o. - 75cl 2022 - Dewit Wines<\/title>\n<meta name=\"robots\" content=\"index, follow, max-snippet:-1, max-image-preview:large, max-video-preview:-1\" \/>\n<link rel=\"canonical\" href=\"https:\/\/dewitwines.be\/nl\/product\/campo-alegre-bodegas-burdigala-francois-lurton-2021\/\" \/>\n<meta property=\"og:locale\" content=\"nl_NL\" \/>\n<meta property=\"og:type\" content=\"article\" \/>\n<meta property=\"og:title\" content=\"Campo Eliseo \u0093cuv\u00e9e Alegr\u00e9\u0094 Blanco - Bodegas Burdigala - Fran\u00e7ois Lurton - Rueda D.o. - 75cl 2022 - Dewit Wines\" \/>\n<meta property=\"og:description\" content=\"Bodegas Burdigala was \u00e9\u00e9n van de eerste wijnhuizen in de regio die besliste om een frissere stijl van Verdejo te produceren. Ze begonnen met de wijn om de most te laten rijpen op eiken vaten. De druiven worden minitieus met de hand geplukt en ondergaan een rigoureuze selectie alvorens verwerkt te worden. u leest het niets wordt aan het toeval overgelaten om een absolute topper te producren. Mond : De aanzet is rond en zacht met een quasi perfect evenwicht. Sappige impressies van appel, peer en mandarijn komen naar voren. Op de achtergrond ontwaren we ook een toets van gedroogde vruchten zoals abrokoos en een hint van gedroogde bloemen. Neus : Een intense en frisse neus dient zich onmiddelijk aan. Delikate toetsen van witte bloemen, citrus, vanille en vers brood. Kleur : Levendige, lichtgele tint met groene schittering. Deze wijn past goed bij: aperitief, harde kazen, verfijnde visgerechten en wit vlees\" \/>\n<meta property=\"og:url\" content=\"https:\/\/dewitwines.be\/nl\/product\/campo-alegre-bodegas-burdigala-francois-lurton-2021\/\" \/>\n<meta property=\"og:site_name\" content=\"Dewit Wines\" \/>\n<meta property=\"article:modified_time\" content=\"2026-03-18T10:07:42+00:00\" \/>\n<meta property=\"og:image\" content=\"https:\/\/dewitwines.be\/wp-content\/uploads\/2025\/07\/00043022.jpg\" \/>\n\t<meta property=\"og:image:width\" content=\"207\" \/>\n\t<meta property=\"og:image:height\" content=\"800\" \/>\n\t<meta property=\"og:image:type\" content=\"image\/jpeg\" \/>\n<meta name=\"twitter:card\" content=\"summary_large_image\" \/>\n<meta name=\"twitter:label1\" content=\"Geschatte leestijd\" \/>\n\t<meta name=\"twitter:data1\" content=\"1 minuut\" \/>\n<script type=\"application\/ld+json\" class=\"yoast-schema-graph\">{\"@context\":\"https:\/\/schema.org\",\"@graph\":[{\"@type\":\"WebPage\",\"@id\":\"https:\/\/dewitwines.be\/nl\/product\/campo-alegre-bodegas-burdigala-francois-lurton-2021\/\",\"url\":\"https:\/\/dewitwines.be\/nl\/product\/campo-alegre-bodegas-burdigala-francois-lurton-2021\/\",\"name\":\"Campo Eliseo \u0093cuv\u00e9e Alegr\u00e9\u0094 Blanco - Bodegas Burdigala - Fran\u00e7ois Lurton - Rueda D.o. - 75cl 2022 - Dewit Wines\",\"isPartOf\":{\"@id\":\"https:\/\/dewitwines.be\/nl\/#website\"},\"primaryImageOfPage\":{\"@id\":\"https:\/\/dewitwines.be\/nl\/product\/campo-alegre-bodegas-burdigala-francois-lurton-2021\/#primaryimage\"},\"image\":{\"@id\":\"https:\/\/dewitwines.be\/nl\/product\/campo-alegre-bodegas-burdigala-francois-lurton-2021\/#primaryimage\"},\"thumbnailUrl\":\"https:\/\/dewitwines.be\/wp-content\/uploads\/2025\/07\/00043022.jpg\",\"datePublished\":\"2017-07-18T04:00:00+00:00\",\"dateModified\":\"2026-03-18T10:07:42+00:00\",\"breadcrumb\":{\"@id\":\"https:\/\/dewitwines.be\/nl\/product\/campo-alegre-bodegas-burdigala-francois-lurton-2021\/#breadcrumb\"},\"inLanguage\":\"nl-NL\",\"potentialAction\":[{\"@type\":\"ReadAction\",\"target\":[\"https:\/\/dewitwines.be\/nl\/product\/campo-alegre-bodegas-burdigala-francois-lurton-2021\/\"]}]},{\"@type\":\"ImageObject\",\"inLanguage\":\"nl-NL\",\"@id\":\"https:\/\/dewitwines.be\/nl\/product\/campo-alegre-bodegas-burdigala-francois-lurton-2021\/#primaryimage\",\"url\":\"https:\/\/dewitwines.be\/wp-content\/uploads\/2025\/07\/00043022.jpg\",\"contentUrl\":\"https:\/\/dewitwines.be\/wp-content\/uploads\/2025\/07\/00043022.jpg\",\"width\":207,\"height\":800},{\"@type\":\"BreadcrumbList\",\"@id\":\"https:\/\/dewitwines.be\/nl\/product\/campo-alegre-bodegas-burdigala-francois-lurton-2021\/#breadcrumb\",\"itemListElement\":[{\"@type\":\"ListItem\",\"position\":1,\"name\":\"Home\",\"item\":\"https:\/\/dewitwines.be\/nl\/\"},{\"@type\":\"ListItem\",\"position\":2,\"name\":\"Shop\",\"item\":\"https:\/\/dewitwines.be\/nl\/shop\/\"},{\"@type\":\"ListItem\",\"position\":3,\"name\":\"Campo Eliseo \u0093cuv\u00e9e Alegr\u00e9\u0094 Blanco &#8211; Bodegas Burdigala &#8211; Fran\u00e7ois Lurton &#8211; Rueda D.o. &#8211; 75cl 2022\"}]},{\"@type\":\"WebSite\",\"@id\":\"https:\/\/dewitwines.be\/nl\/#website\",\"url\":\"https:\/\/dewitwines.be\/nl\/\",\"name\":\"Dewit Wines\",\"description\":\"We Know Wine\",\"potentialAction\":[{\"@type\":\"SearchAction\",\"target\":{\"@type\":\"EntryPoint\",\"urlTemplate\":\"https:\/\/dewitwines.be\/nl\/?s={search_term_string}\"},\"query-input\":{\"@type\":\"PropertyValueSpecification\",\"valueRequired\":true,\"valueName\":\"search_term_string\"}}],\"inLanguage\":\"nl-NL\"}]}<\/script>\n<!-- \/ Yoast SEO plugin. -->","yoast_head_json":{"title":"Campo Eliseo \u0093cuv\u00e9e Alegr\u00e9\u0094 Blanco - Bodegas Burdigala - Fran\u00e7ois Lurton - Rueda D.o. - 75cl 2022 - Dewit Wines","robots":{"index":"index","follow":"follow","max-snippet":"max-snippet:-1","max-image-preview":"max-image-preview:large","max-video-preview":"max-video-preview:-1"},"canonical":"https:\/\/dewitwines.be\/nl\/product\/campo-alegre-bodegas-burdigala-francois-lurton-2021\/","og_locale":"nl_NL","og_type":"article","og_title":"Campo Eliseo \u0093cuv\u00e9e Alegr\u00e9\u0094 Blanco - Bodegas Burdigala - Fran\u00e7ois Lurton - Rueda D.o. - 75cl 2022 - Dewit Wines","og_description":"Bodegas Burdigala was \u00e9\u00e9n van de eerste wijnhuizen in de regio die besliste om een frissere stijl van Verdejo te produceren. Ze begonnen met de wijn om de most te laten rijpen op eiken vaten. De druiven worden minitieus met de hand geplukt en ondergaan een rigoureuze selectie alvorens verwerkt te worden. u leest het niets wordt aan het toeval overgelaten om een absolute topper te producren. Mond : De aanzet is rond en zacht met een quasi perfect evenwicht. Sappige impressies van appel, peer en mandarijn komen naar voren. Op de achtergrond ontwaren we ook een toets van gedroogde vruchten zoals abrokoos en een hint van gedroogde bloemen. Neus : Een intense en frisse neus dient zich onmiddelijk aan. Delikate toetsen van witte bloemen, citrus, vanille en vers brood. Kleur : Levendige, lichtgele tint met groene schittering. Deze wijn past goed bij: aperitief, harde kazen, verfijnde visgerechten en wit vlees","og_url":"https:\/\/dewitwines.be\/nl\/product\/campo-alegre-bodegas-burdigala-francois-lurton-2021\/","og_site_name":"Dewit Wines","article_modified_time":"2026-03-18T10:07:42+00:00","og_image":[{"width":207,"height":800,"url":"https:\/\/dewitwines.be\/wp-content\/uploads\/2025\/07\/00043022.jpg","type":"image\/jpeg"}],"twitter_card":"summary_large_image","twitter_misc":{"Geschatte leestijd":"1 minuut"},"schema":{"@context":"https:\/\/schema.org","@graph":[{"@type":"WebPage","@id":"https:\/\/dewitwines.be\/nl\/product\/campo-alegre-bodegas-burdigala-francois-lurton-2021\/","url":"https:\/\/dewitwines.be\/nl\/product\/campo-alegre-bodegas-burdigala-francois-lurton-2021\/","name":"Campo Eliseo \u0093cuv\u00e9e Alegr\u00e9\u0094 Blanco - Bodegas Burdigala - Fran\u00e7ois Lurton - Rueda D.o. - 75cl 2022 - Dewit Wines","isPartOf":{"@id":"https:\/\/dewitwines.be\/nl\/#website"},"primaryImageOfPage":{"@id":"https:\/\/dewitwines.be\/nl\/product\/campo-alegre-bodegas-burdigala-francois-lurton-2021\/#primaryimage"},"image":{"@id":"https:\/\/dewitwines.be\/nl\/product\/campo-alegre-bodegas-burdigala-francois-lurton-2021\/#primaryimage"},"thumbnailUrl":"https:\/\/dewitwines.be\/wp-content\/uploads\/2025\/07\/00043022.jpg","datePublished":"2017-07-18T04:00:00+00:00","dateModified":"2026-03-18T10:07:42+00:00","breadcrumb":{"@id":"https:\/\/dewitwines.be\/nl\/product\/campo-alegre-bodegas-burdigala-francois-lurton-2021\/#breadcrumb"},"inLanguage":"nl-NL","potentialAction":[{"@type":"ReadAction","target":["https:\/\/dewitwines.be\/nl\/product\/campo-alegre-bodegas-burdigala-francois-lurton-2021\/"]}]},{"@type":"ImageObject","inLanguage":"nl-NL","@id":"https:\/\/dewitwines.be\/nl\/product\/campo-alegre-bodegas-burdigala-francois-lurton-2021\/#primaryimage","url":"https:\/\/dewitwines.be\/wp-content\/uploads\/2025\/07\/00043022.jpg","contentUrl":"https:\/\/dewitwines.be\/wp-content\/uploads\/2025\/07\/00043022.jpg","width":207,"height":800},{"@type":"BreadcrumbList","@id":"https:\/\/dewitwines.be\/nl\/product\/campo-alegre-bodegas-burdigala-francois-lurton-2021\/#breadcrumb","itemListElement":[{"@type":"ListItem","position":1,"name":"Home","item":"https:\/\/dewitwines.be\/nl\/"},{"@type":"ListItem","position":2,"name":"Shop","item":"https:\/\/dewitwines.be\/nl\/shop\/"},{"@type":"ListItem","position":3,"name":"Campo Eliseo \u0093cuv\u00e9e Alegr\u00e9\u0094 Blanco &#8211; Bodegas Burdigala &#8211; Fran\u00e7ois Lurton &#8211; Rueda D.o. &#8211; 75cl 2022"}]},{"@type":"WebSite","@id":"https:\/\/dewitwines.be\/nl\/#website","url":"https:\/\/dewitwines.be\/nl\/","name":"Dewit Wines","description":"We Know Wine","potentialAction":[{"@type":"SearchAction","target":{"@type":"EntryPoint","urlTemplate":"https:\/\/dewitwines.be\/nl\/?s={search_term_string}"},"query-input":{"@type":"PropertyValueSpecification","valueRequired":true,"valueName":"search_term_string"}}],"inLanguage":"nl-NL"}]}},"_links":{"self":[{"href":"https:\/\/dewitwines.be\/nl\/wp-json\/wp\/v2\/product\/12310","targetHints":{"allow":["GET"]}}],"collection":[{"href":"https:\/\/dewitwines.be\/nl\/wp-json\/wp\/v2\/product"}],"about":[{"href":"https:\/\/dewitwines.be\/nl\/wp-json\/wp\/v2\/types\/product"}],"replies":[{"embeddable":true,"href":"https:\/\/dewitwines.be\/nl\/wp-json\/wp\/v2\/comments?post=12310"}],"wp:featuredmedia":[{"embeddable":true,"href":"https:\/\/dewitwines.be\/nl\/wp-json\/wp\/v2\/media\/37471"}],"wp:attachment":[{"href":"https:\/\/dewitwines.be\/nl\/wp-json\/wp\/v2\/media?parent=12310"}],"wp:term":[{"taxonomy":"product_brand","embeddable":true,"href":"https:\/\/dewitwines.be\/nl\/wp-json\/wp\/v2\/product_brand?post=12310"},{"taxonomy":"product_cat","embeddable":true,"href":"https:\/\/dewitwines.be\/nl\/wp-json\/wp\/v2\/product_cat?post=12310"},{"taxonomy":"product_tag","embeddable":true,"href":"https:\/\/dewitwines.be\/nl\/wp-json\/wp\/v2\/product_tag?post=12310"}],"curies":[{"name":"wp","href":"https:\/\/api.w.org\/{rel}","templated":true}]}}