{"id":45403,"date":"2023-04-17T11:54:12","date_gmt":"2023-04-17T09:54:12","guid":{"rendered":"https:\/\/dewitwines.be\/product\/cote-rotie-la-serine-75cl-2021\/"},"modified":"2025-08-26T12:41:42","modified_gmt":"2025-08-26T10:41:42","slug":"cote-rotie-la-serine-75cl-2021","status":"publish","type":"product","link":"https:\/\/dewitwines.be\/fr\/produit\/cote-rotie-la-serine-75cl-2021\/","title":{"rendered":"C\u00f4te-r\u00f4tie &#8211; \u00ab la S\u00e9rine \u00bb &#8211; 75cl 2021"},"content":{"rendered":"","protected":false},"excerpt":{"rendered":"<p>Historiquement, \u00ab La S\u00e9rine \u00bb est un autre c\u00e9page qui poussait autrefois sur les flancs des coteaux de C\u00f4te-R\u00f4tie. D&#8217;autres affirment qu&#8217;il s&#8217;agit d&#8217;un autre nom pour la Syrah bien connue. Quoi qu&#8217;il en soit, cette cuv\u00e9e est un hommage \u00e0 ce c\u00e9page perdu. Un vin puissant avec une structure d\u00e9licate et des notes complexes de fruits rouges, d&#8217;\u00e9pices (laurier et thym), ainsi que de menthe et de poivre en finale.   <\/p>\n","protected":false},"featured_media":0,"comment_status":"open","ping_status":"closed","template":"","meta":[],"product_brand":[],"product_cat":[3920,3878],"product_tag":[],"class_list":{"0":"post-45403","1":"product","2":"type-product","3":"status-publish","5":"product_cat-vin-rouge","6":"product_cat-vins","7":"pa_alcohol-4033","8":"pa_druif-syrah-shiraz","9":"pa_fles-75cl","10":"pa_jaar-2021-fr","11":"pa_kleur-type-rouge","12":"pa_land-france","13":"pa_regio-cotes-du-rhone-a-o-p-fr","15":"first","16":"outofstock","17":"taxable","18":"shipping-taxable","19":"purchasable","20":"product-type-simple"},"yoast_head":"<!-- This site is optimized with the Yoast SEO plugin v26.9 - https:\/\/yoast.com\/product\/yoast-seo-wordpress\/ -->\n<title>C\u00f4te-r\u00f4tie - \u00ab la S\u00e9rine \u00bb - 75cl 2021 - Dewit Wines<\/title>\n<meta name=\"robots\" content=\"index, follow, max-snippet:-1, max-image-preview:large, max-video-preview:-1\" \/>\n<link rel=\"canonical\" href=\"https:\/\/dewitwines.be\/fr\/produit\/cote-rotie-la-serine-75cl-2021\/\" \/>\n<meta property=\"og:locale\" content=\"fr_FR\" \/>\n<meta property=\"og:type\" content=\"article\" \/>\n<meta property=\"og:title\" content=\"C\u00f4te-r\u00f4tie - \u00ab la S\u00e9rine \u00bb - 75cl 2021 - Dewit Wines\" \/>\n<meta property=\"og:description\" content=\"Historiquement, \u00ab La S\u00e9rine \u00bb est un autre c\u00e9page qui poussait autrefois sur les flancs des coteaux de C\u00f4te-R\u00f4tie. D&#039;autres affirment qu&#039;il s&#039;agit d&#039;un autre nom pour la Syrah bien connue. Quoi qu&#039;il en soit, cette cuv\u00e9e est un hommage \u00e0 ce c\u00e9page perdu. Un vin puissant avec une structure d\u00e9licate et des notes complexes de fruits rouges, d&#039;\u00e9pices (laurier et thym), ainsi que de menthe et de poivre en finale.\" \/>\n<meta property=\"og:url\" content=\"https:\/\/dewitwines.be\/fr\/produit\/cote-rotie-la-serine-75cl-2021\/\" \/>\n<meta property=\"og:site_name\" content=\"Dewit Wines\" \/>\n<meta property=\"article:modified_time\" content=\"2025-08-26T10:41:42+00:00\" \/>\n<meta name=\"twitter:card\" content=\"summary_large_image\" \/>\n<script type=\"application\/ld+json\" class=\"yoast-schema-graph\">{\"@context\":\"https:\/\/schema.org\",\"@graph\":[{\"@type\":\"WebPage\",\"@id\":\"https:\/\/dewitwines.be\/fr\/produit\/cote-rotie-la-serine-75cl-2021\/\",\"url\":\"https:\/\/dewitwines.be\/fr\/produit\/cote-rotie-la-serine-75cl-2021\/\",\"name\":\"C\u00f4te-r\u00f4tie - \u00ab la S\u00e9rine \u00bb - 75cl 2021 - Dewit Wines\",\"isPartOf\":{\"@id\":\"https:\/\/dewitwines.be\/nl\/#website\"},\"datePublished\":\"2023-04-17T09:54:12+00:00\",\"dateModified\":\"2025-08-26T10:41:42+00:00\",\"breadcrumb\":{\"@id\":\"https:\/\/dewitwines.be\/fr\/produit\/cote-rotie-la-serine-75cl-2021\/#breadcrumb\"},\"inLanguage\":\"fr-FR\",\"potentialAction\":[{\"@type\":\"ReadAction\",\"target\":[\"https:\/\/dewitwines.be\/fr\/produit\/cote-rotie-la-serine-75cl-2021\/\"]}]},{\"@type\":\"BreadcrumbList\",\"@id\":\"https:\/\/dewitwines.be\/fr\/produit\/cote-rotie-la-serine-75cl-2021\/#breadcrumb\",\"itemListElement\":[{\"@type\":\"ListItem\",\"position\":1,\"name\":\"Home\",\"item\":\"https:\/\/dewitwines.be\/fr\/accueil\/\"},{\"@type\":\"ListItem\",\"position\":2,\"name\":\"Boutique\",\"item\":\"https:\/\/dewitwines.be\/boutique\/\"},{\"@type\":\"ListItem\",\"position\":3,\"name\":\"C\u00f4te-r\u00f4tie &#8211; \u00ab la S\u00e9rine \u00bb &#8211; 75cl 2021\"}]},{\"@type\":\"WebSite\",\"@id\":\"https:\/\/dewitwines.be\/nl\/#website\",\"url\":\"https:\/\/dewitwines.be\/nl\/\",\"name\":\"Dewit Wines\",\"description\":\"We Know Wine\",\"potentialAction\":[{\"@type\":\"SearchAction\",\"target\":{\"@type\":\"EntryPoint\",\"urlTemplate\":\"https:\/\/dewitwines.be\/nl\/?s={search_term_string}\"},\"query-input\":{\"@type\":\"PropertyValueSpecification\",\"valueRequired\":true,\"valueName\":\"search_term_string\"}}],\"inLanguage\":\"fr-FR\"}]}<\/script>\n<!-- \/ Yoast SEO plugin. -->","yoast_head_json":{"title":"C\u00f4te-r\u00f4tie - \u00ab la S\u00e9rine \u00bb - 75cl 2021 - Dewit Wines","robots":{"index":"index","follow":"follow","max-snippet":"max-snippet:-1","max-image-preview":"max-image-preview:large","max-video-preview":"max-video-preview:-1"},"canonical":"https:\/\/dewitwines.be\/fr\/produit\/cote-rotie-la-serine-75cl-2021\/","og_locale":"fr_FR","og_type":"article","og_title":"C\u00f4te-r\u00f4tie - \u00ab la S\u00e9rine \u00bb - 75cl 2021 - Dewit Wines","og_description":"Historiquement, \u00ab La S\u00e9rine \u00bb est un autre c\u00e9page qui poussait autrefois sur les flancs des coteaux de C\u00f4te-R\u00f4tie. D'autres affirment qu'il s'agit d'un autre nom pour la Syrah bien connue. Quoi qu'il en soit, cette cuv\u00e9e est un hommage \u00e0 ce c\u00e9page perdu. Un vin puissant avec une structure d\u00e9licate et des notes complexes de fruits rouges, d'\u00e9pices (laurier et thym), ainsi que de menthe et de poivre en finale.","og_url":"https:\/\/dewitwines.be\/fr\/produit\/cote-rotie-la-serine-75cl-2021\/","og_site_name":"Dewit Wines","article_modified_time":"2025-08-26T10:41:42+00:00","twitter_card":"summary_large_image","schema":{"@context":"https:\/\/schema.org","@graph":[{"@type":"WebPage","@id":"https:\/\/dewitwines.be\/fr\/produit\/cote-rotie-la-serine-75cl-2021\/","url":"https:\/\/dewitwines.be\/fr\/produit\/cote-rotie-la-serine-75cl-2021\/","name":"C\u00f4te-r\u00f4tie - \u00ab la S\u00e9rine \u00bb - 75cl 2021 - Dewit Wines","isPartOf":{"@id":"https:\/\/dewitwines.be\/nl\/#website"},"datePublished":"2023-04-17T09:54:12+00:00","dateModified":"2025-08-26T10:41:42+00:00","breadcrumb":{"@id":"https:\/\/dewitwines.be\/fr\/produit\/cote-rotie-la-serine-75cl-2021\/#breadcrumb"},"inLanguage":"fr-FR","potentialAction":[{"@type":"ReadAction","target":["https:\/\/dewitwines.be\/fr\/produit\/cote-rotie-la-serine-75cl-2021\/"]}]},{"@type":"BreadcrumbList","@id":"https:\/\/dewitwines.be\/fr\/produit\/cote-rotie-la-serine-75cl-2021\/#breadcrumb","itemListElement":[{"@type":"ListItem","position":1,"name":"Home","item":"https:\/\/dewitwines.be\/fr\/accueil\/"},{"@type":"ListItem","position":2,"name":"Boutique","item":"https:\/\/dewitwines.be\/boutique\/"},{"@type":"ListItem","position":3,"name":"C\u00f4te-r\u00f4tie &#8211; \u00ab la S\u00e9rine \u00bb &#8211; 75cl 2021"}]},{"@type":"WebSite","@id":"https:\/\/dewitwines.be\/nl\/#website","url":"https:\/\/dewitwines.be\/nl\/","name":"Dewit Wines","description":"We Know Wine","potentialAction":[{"@type":"SearchAction","target":{"@type":"EntryPoint","urlTemplate":"https:\/\/dewitwines.be\/nl\/?s={search_term_string}"},"query-input":{"@type":"PropertyValueSpecification","valueRequired":true,"valueName":"search_term_string"}}],"inLanguage":"fr-FR"}]}},"_links":{"self":[{"href":"https:\/\/dewitwines.be\/fr\/wp-json\/wp\/v2\/product\/45403","targetHints":{"allow":["GET"]}}],"collection":[{"href":"https:\/\/dewitwines.be\/fr\/wp-json\/wp\/v2\/product"}],"about":[{"href":"https:\/\/dewitwines.be\/fr\/wp-json\/wp\/v2\/types\/product"}],"replies":[{"embeddable":true,"href":"https:\/\/dewitwines.be\/fr\/wp-json\/wp\/v2\/comments?post=45403"}],"wp:attachment":[{"href":"https:\/\/dewitwines.be\/fr\/wp-json\/wp\/v2\/media?parent=45403"}],"wp:term":[{"taxonomy":"product_brand","embeddable":true,"href":"https:\/\/dewitwines.be\/fr\/wp-json\/wp\/v2\/product_brand?post=45403"},{"taxonomy":"product_cat","embeddable":true,"href":"https:\/\/dewitwines.be\/fr\/wp-json\/wp\/v2\/product_cat?post=45403"},{"taxonomy":"product_tag","embeddable":true,"href":"https:\/\/dewitwines.be\/fr\/wp-json\/wp\/v2\/product_tag?post=45403"}],"curies":[{"name":"wp","href":"https:\/\/api.w.org\/{rel}","templated":true}]}}