{"id":45268,"date":"2024-05-22T14:17:08","date_gmt":"2024-05-22T12:17:08","guid":{"rendered":"https:\/\/dewitwines.be\/product\/la-bri-chardonnay-barrel-select-franschhoek-75cl-2023\/"},"modified":"2025-08-26T12:40:36","modified_gmt":"2025-08-26T10:40:36","slug":"la-bri-chardonnay-barrel-select-franschhoek-75cl-2023","status":"publish","type":"product","link":"https:\/\/dewitwines.be\/fr\/produit\/la-bri-chardonnay-barrel-select-franschhoek-75cl-2023\/","title":{"rendered":"La Bri Chardonnay Barrel Select &#8211; Franschhoek &#8211; 75cl 2023"},"content":{"rendered":"<p>Nez intense de p\u00eache \u00e9pic\u00e9e et de citron vert. En bouche \u00e9galement, on retrouve la p\u00eache, le citron vert et des notes bois\u00e9es \u00e9pic\u00e9es bien int\u00e9gr\u00e9es. Une finale \u00e9l\u00e9gante et cr\u00e9meuse avec une min\u00e9ralit\u00e9 rafra\u00eechissante en fin de bouche.  <\/p>\n","protected":false},"excerpt":{"rendered":"<p>Nez intense de p\u00eache \u00e9pic\u00e9e et de citron vert. En bouche \u00e9galement, on retrouve la p\u00eache, le citron vert et des notes bois\u00e9es \u00e9pic\u00e9es bien int\u00e9gr\u00e9es. Une finale \u00e9l\u00e9gante et cr\u00e9meuse avec une min\u00e9ralit\u00e9 rafra\u00eechissante en fin de bouche.<\/p>\n","protected":false},"featured_media":37742,"comment_status":"open","ping_status":"closed","template":"","meta":[],"product_brand":[],"product_cat":[3893,3878],"product_tag":[],"class_list":{"0":"post-45268","1":"product","2":"type-product","3":"status-publish","4":"has-post-thumbnail","6":"product_cat-vin-blanc","7":"product_cat-vins","8":"pa_druif-chardonnay","9":"pa_fles-75cl","10":"pa_jaar-2023-fr","11":"pa_kleur-type-blanc","12":"pa_land-afrique-du-sud","13":"pa_regio-franschhoek-fr","14":"pa_wijnhuis-la-bri-estate-fr","16":"first","17":"instock","18":"taxable","19":"shipping-taxable","20":"purchasable","21":"product-type-simple"},"yoast_head":"<!-- This site is optimized with the Yoast SEO plugin v26.9 - https:\/\/yoast.com\/product\/yoast-seo-wordpress\/ -->\n<title>La Bri Chardonnay Barrel Select - Franschhoek - 75cl 2023 - Dewit Wines<\/title>\n<meta name=\"robots\" content=\"index, follow, max-snippet:-1, max-image-preview:large, max-video-preview:-1\" \/>\n<link rel=\"canonical\" href=\"https:\/\/dewitwines.be\/fr\/produit\/la-bri-chardonnay-barrel-select-franschhoek-75cl-2023\/\" \/>\n<meta property=\"og:locale\" content=\"fr_FR\" \/>\n<meta property=\"og:type\" content=\"article\" \/>\n<meta property=\"og:title\" content=\"La Bri Chardonnay Barrel Select - Franschhoek - 75cl 2023 - Dewit Wines\" \/>\n<meta property=\"og:description\" content=\"Nez intense de p\u00eache \u00e9pic\u00e9e et de citron vert. En bouche \u00e9galement, on retrouve la p\u00eache, le citron vert et des notes bois\u00e9es \u00e9pic\u00e9es bien int\u00e9gr\u00e9es. Une finale \u00e9l\u00e9gante et cr\u00e9meuse avec une min\u00e9ralit\u00e9 rafra\u00eechissante en fin de bouche.\" \/>\n<meta property=\"og:url\" content=\"https:\/\/dewitwines.be\/fr\/produit\/la-bri-chardonnay-barrel-select-franschhoek-75cl-2023\/\" \/>\n<meta property=\"og:site_name\" content=\"Dewit Wines\" \/>\n<meta property=\"article:modified_time\" content=\"2025-08-26T10:40:36+00:00\" \/>\n<meta property=\"og:image\" content=\"https:\/\/dewitwines.be\/wp-content\/uploads\/2025\/07\/00046056.jpg\" \/>\n\t<meta property=\"og:image:width\" content=\"205\" \/>\n\t<meta property=\"og:image:height\" content=\"800\" \/>\n\t<meta property=\"og:image:type\" content=\"image\/jpeg\" \/>\n<meta name=\"twitter:card\" content=\"summary_large_image\" \/>\n<script type=\"application\/ld+json\" class=\"yoast-schema-graph\">{\"@context\":\"https:\/\/schema.org\",\"@graph\":[{\"@type\":\"WebPage\",\"@id\":\"https:\/\/dewitwines.be\/fr\/produit\/la-bri-chardonnay-barrel-select-franschhoek-75cl-2023\/\",\"url\":\"https:\/\/dewitwines.be\/fr\/produit\/la-bri-chardonnay-barrel-select-franschhoek-75cl-2023\/\",\"name\":\"La Bri Chardonnay Barrel Select - Franschhoek - 75cl 2023 - Dewit Wines\",\"isPartOf\":{\"@id\":\"https:\/\/dewitwines.be\/nl\/#website\"},\"primaryImageOfPage\":{\"@id\":\"https:\/\/dewitwines.be\/fr\/produit\/la-bri-chardonnay-barrel-select-franschhoek-75cl-2023\/#primaryimage\"},\"image\":{\"@id\":\"https:\/\/dewitwines.be\/fr\/produit\/la-bri-chardonnay-barrel-select-franschhoek-75cl-2023\/#primaryimage\"},\"thumbnailUrl\":\"https:\/\/dewitwines.be\/wp-content\/uploads\/2025\/07\/00046056.jpg\",\"datePublished\":\"2024-05-22T12:17:08+00:00\",\"dateModified\":\"2025-08-26T10:40:36+00:00\",\"breadcrumb\":{\"@id\":\"https:\/\/dewitwines.be\/fr\/produit\/la-bri-chardonnay-barrel-select-franschhoek-75cl-2023\/#breadcrumb\"},\"inLanguage\":\"fr-FR\",\"potentialAction\":[{\"@type\":\"ReadAction\",\"target\":[\"https:\/\/dewitwines.be\/fr\/produit\/la-bri-chardonnay-barrel-select-franschhoek-75cl-2023\/\"]}]},{\"@type\":\"ImageObject\",\"inLanguage\":\"fr-FR\",\"@id\":\"https:\/\/dewitwines.be\/fr\/produit\/la-bri-chardonnay-barrel-select-franschhoek-75cl-2023\/#primaryimage\",\"url\":\"https:\/\/dewitwines.be\/wp-content\/uploads\/2025\/07\/00046056.jpg\",\"contentUrl\":\"https:\/\/dewitwines.be\/wp-content\/uploads\/2025\/07\/00046056.jpg\",\"width\":205,\"height\":800},{\"@type\":\"BreadcrumbList\",\"@id\":\"https:\/\/dewitwines.be\/fr\/produit\/la-bri-chardonnay-barrel-select-franschhoek-75cl-2023\/#breadcrumb\",\"itemListElement\":[{\"@type\":\"ListItem\",\"position\":1,\"name\":\"Home\",\"item\":\"https:\/\/dewitwines.be\/fr\/accueil\/\"},{\"@type\":\"ListItem\",\"position\":2,\"name\":\"Boutique\",\"item\":\"https:\/\/dewitwines.be\/boutique\/\"},{\"@type\":\"ListItem\",\"position\":3,\"name\":\"La Bri Chardonnay Barrel Select &#8211; Franschhoek &#8211; 75cl 2023\"}]},{\"@type\":\"WebSite\",\"@id\":\"https:\/\/dewitwines.be\/nl\/#website\",\"url\":\"https:\/\/dewitwines.be\/nl\/\",\"name\":\"Dewit Wines\",\"description\":\"We Know Wine\",\"potentialAction\":[{\"@type\":\"SearchAction\",\"target\":{\"@type\":\"EntryPoint\",\"urlTemplate\":\"https:\/\/dewitwines.be\/nl\/?s={search_term_string}\"},\"query-input\":{\"@type\":\"PropertyValueSpecification\",\"valueRequired\":true,\"valueName\":\"search_term_string\"}}],\"inLanguage\":\"fr-FR\"}]}<\/script>\n<!-- \/ Yoast SEO plugin. -->","yoast_head_json":{"title":"La Bri Chardonnay Barrel Select - Franschhoek - 75cl 2023 - Dewit Wines","robots":{"index":"index","follow":"follow","max-snippet":"max-snippet:-1","max-image-preview":"max-image-preview:large","max-video-preview":"max-video-preview:-1"},"canonical":"https:\/\/dewitwines.be\/fr\/produit\/la-bri-chardonnay-barrel-select-franschhoek-75cl-2023\/","og_locale":"fr_FR","og_type":"article","og_title":"La Bri Chardonnay Barrel Select - Franschhoek - 75cl 2023 - Dewit Wines","og_description":"Nez intense de p\u00eache \u00e9pic\u00e9e et de citron vert. En bouche \u00e9galement, on retrouve la p\u00eache, le citron vert et des notes bois\u00e9es \u00e9pic\u00e9es bien int\u00e9gr\u00e9es. Une finale \u00e9l\u00e9gante et cr\u00e9meuse avec une min\u00e9ralit\u00e9 rafra\u00eechissante en fin de bouche.","og_url":"https:\/\/dewitwines.be\/fr\/produit\/la-bri-chardonnay-barrel-select-franschhoek-75cl-2023\/","og_site_name":"Dewit Wines","article_modified_time":"2025-08-26T10:40:36+00:00","og_image":[{"width":205,"height":800,"url":"https:\/\/dewitwines.be\/wp-content\/uploads\/2025\/07\/00046056.jpg","type":"image\/jpeg"}],"twitter_card":"summary_large_image","schema":{"@context":"https:\/\/schema.org","@graph":[{"@type":"WebPage","@id":"https:\/\/dewitwines.be\/fr\/produit\/la-bri-chardonnay-barrel-select-franschhoek-75cl-2023\/","url":"https:\/\/dewitwines.be\/fr\/produit\/la-bri-chardonnay-barrel-select-franschhoek-75cl-2023\/","name":"La Bri Chardonnay Barrel Select - Franschhoek - 75cl 2023 - Dewit Wines","isPartOf":{"@id":"https:\/\/dewitwines.be\/nl\/#website"},"primaryImageOfPage":{"@id":"https:\/\/dewitwines.be\/fr\/produit\/la-bri-chardonnay-barrel-select-franschhoek-75cl-2023\/#primaryimage"},"image":{"@id":"https:\/\/dewitwines.be\/fr\/produit\/la-bri-chardonnay-barrel-select-franschhoek-75cl-2023\/#primaryimage"},"thumbnailUrl":"https:\/\/dewitwines.be\/wp-content\/uploads\/2025\/07\/00046056.jpg","datePublished":"2024-05-22T12:17:08+00:00","dateModified":"2025-08-26T10:40:36+00:00","breadcrumb":{"@id":"https:\/\/dewitwines.be\/fr\/produit\/la-bri-chardonnay-barrel-select-franschhoek-75cl-2023\/#breadcrumb"},"inLanguage":"fr-FR","potentialAction":[{"@type":"ReadAction","target":["https:\/\/dewitwines.be\/fr\/produit\/la-bri-chardonnay-barrel-select-franschhoek-75cl-2023\/"]}]},{"@type":"ImageObject","inLanguage":"fr-FR","@id":"https:\/\/dewitwines.be\/fr\/produit\/la-bri-chardonnay-barrel-select-franschhoek-75cl-2023\/#primaryimage","url":"https:\/\/dewitwines.be\/wp-content\/uploads\/2025\/07\/00046056.jpg","contentUrl":"https:\/\/dewitwines.be\/wp-content\/uploads\/2025\/07\/00046056.jpg","width":205,"height":800},{"@type":"BreadcrumbList","@id":"https:\/\/dewitwines.be\/fr\/produit\/la-bri-chardonnay-barrel-select-franschhoek-75cl-2023\/#breadcrumb","itemListElement":[{"@type":"ListItem","position":1,"name":"Home","item":"https:\/\/dewitwines.be\/fr\/accueil\/"},{"@type":"ListItem","position":2,"name":"Boutique","item":"https:\/\/dewitwines.be\/boutique\/"},{"@type":"ListItem","position":3,"name":"La Bri Chardonnay Barrel Select &#8211; Franschhoek &#8211; 75cl 2023"}]},{"@type":"WebSite","@id":"https:\/\/dewitwines.be\/nl\/#website","url":"https:\/\/dewitwines.be\/nl\/","name":"Dewit Wines","description":"We Know Wine","potentialAction":[{"@type":"SearchAction","target":{"@type":"EntryPoint","urlTemplate":"https:\/\/dewitwines.be\/nl\/?s={search_term_string}"},"query-input":{"@type":"PropertyValueSpecification","valueRequired":true,"valueName":"search_term_string"}}],"inLanguage":"fr-FR"}]}},"_links":{"self":[{"href":"https:\/\/dewitwines.be\/fr\/wp-json\/wp\/v2\/product\/45268","targetHints":{"allow":["GET"]}}],"collection":[{"href":"https:\/\/dewitwines.be\/fr\/wp-json\/wp\/v2\/product"}],"about":[{"href":"https:\/\/dewitwines.be\/fr\/wp-json\/wp\/v2\/types\/product"}],"replies":[{"embeddable":true,"href":"https:\/\/dewitwines.be\/fr\/wp-json\/wp\/v2\/comments?post=45268"}],"wp:featuredmedia":[{"embeddable":true,"href":"https:\/\/dewitwines.be\/fr\/wp-json\/wp\/v2\/media\/37742"}],"wp:attachment":[{"href":"https:\/\/dewitwines.be\/fr\/wp-json\/wp\/v2\/media?parent=45268"}],"wp:term":[{"taxonomy":"product_brand","embeddable":true,"href":"https:\/\/dewitwines.be\/fr\/wp-json\/wp\/v2\/product_brand?post=45268"},{"taxonomy":"product_cat","embeddable":true,"href":"https:\/\/dewitwines.be\/fr\/wp-json\/wp\/v2\/product_cat?post=45268"},{"taxonomy":"product_tag","embeddable":true,"href":"https:\/\/dewitwines.be\/fr\/wp-json\/wp\/v2\/product_tag?post=45268"}],"curies":[{"name":"wp","href":"https:\/\/api.w.org\/{rel}","templated":true}]}}