{"id":45215,"date":"2024-10-08T11:39:31","date_gmt":"2024-10-08T09:39:31","guid":{"rendered":"https:\/\/dewitwines.be\/product\/chateau-notre-dame-montagne-saint-emilion-75cl-2019\/"},"modified":"2025-08-26T12:40:06","modified_gmt":"2025-08-26T10:40:06","slug":"chateau-notre-dame-montagne-saint-emilion-75cl-2019","status":"publish","type":"product","link":"https:\/\/dewitwines.be\/fr\/produit\/chateau-notre-dame-montagne-saint-emilion-75cl-2019\/","title":{"rendered":"Ch\u00e2teau Notre Dame &#8211; Montagne Saint-\u00c9milion &#8211; 75cl 2019"},"content":{"rendered":"","protected":false},"excerpt":{"rendered":"<p>Ar\u00f4mes<br \/>\nAr\u00f4mes intenses de petits fruits rouges et de sous-bois, mais aussi de m\u00fbre et de r\u00e9glisse<br \/>\nGo\u00fbt<br \/>\n\u00c9l\u00e9gant et robuste avec du corps et des tanins bien structur\u00e9s<br \/>\nConservation : 5 \u00e0 10 ans<br \/>\nTemp\u00e9rature de service : 15 \u00e0 17\u00b0<br \/>\nAccordez ce vin de merlot avec des plats classiques comme un r\u00f4ti de b\u0153uf au lard et haricots verts ou un steak avec une sauce au poivre douce. C&#8217;est aussi un excellent vin pour accompagner le fromage. <\/p>\n","protected":false},"featured_media":45217,"comment_status":"open","ping_status":"closed","template":"","meta":[],"product_brand":[],"product_cat":[3920,3878],"product_tag":[],"class_list":{"0":"post-45215","1":"product","2":"type-product","3":"status-publish","4":"has-post-thumbnail","6":"product_cat-vin-rouge","7":"product_cat-vins","8":"pa_alcohol-4045","9":"pa_druif-cabernet-franc","10":"pa_druif-merlot","11":"pa_fles-75cl","12":"pa_jaar-2019-fr","13":"pa_kleur-type-rouge","14":"pa_land-france","15":"pa_regio-montagne-saint-emilion-fr","16":"pa_wijnhuis-chateau-notre-dame-fr","18":"first","19":"outofstock","20":"taxable","21":"shipping-taxable","22":"purchasable","23":"product-type-simple"},"yoast_head":"<!-- This site is optimized with the Yoast SEO plugin v26.9 - https:\/\/yoast.com\/product\/yoast-seo-wordpress\/ -->\n<title>Ch\u00e2teau Notre Dame - Montagne Saint-\u00c9milion - 75cl 2019 - Dewit Wines<\/title>\n<meta name=\"robots\" content=\"index, follow, max-snippet:-1, max-image-preview:large, max-video-preview:-1\" \/>\n<link rel=\"canonical\" href=\"https:\/\/dewitwines.be\/fr\/produit\/chateau-notre-dame-montagne-saint-emilion-75cl-2019\/\" \/>\n<meta property=\"og:locale\" content=\"fr_FR\" \/>\n<meta property=\"og:type\" content=\"article\" \/>\n<meta property=\"og:title\" content=\"Ch\u00e2teau Notre Dame - Montagne Saint-\u00c9milion - 75cl 2019 - Dewit Wines\" \/>\n<meta property=\"og:description\" content=\"Ar\u00f4mes Ar\u00f4mes intenses de petits fruits rouges et de sous-bois, mais aussi de m\u00fbre et de r\u00e9glisse Go\u00fbt \u00c9l\u00e9gant et robuste avec du corps et des tanins bien structur\u00e9s Conservation : 5 \u00e0 10 ans Temp\u00e9rature de service : 15 \u00e0 17\u00b0 Accordez ce vin de merlot avec des plats classiques comme un r\u00f4ti de b\u0153uf au lard et haricots verts ou un steak avec une sauce au poivre douce. C&#039;est aussi un excellent vin pour accompagner le fromage.\" \/>\n<meta property=\"og:url\" content=\"https:\/\/dewitwines.be\/fr\/produit\/chateau-notre-dame-montagne-saint-emilion-75cl-2019\/\" \/>\n<meta property=\"og:site_name\" content=\"Dewit Wines\" \/>\n<meta property=\"article:modified_time\" content=\"2025-08-26T10:40:06+00:00\" \/>\n<meta property=\"og:image\" content=\"https:\/\/dewitwines.be\/wp-content\/uploads\/2025\/07\/00007576-7.jpg\" \/>\n\t<meta property=\"og:image:width\" content=\"283\" \/>\n\t<meta property=\"og:image:height\" content=\"1024\" \/>\n\t<meta property=\"og:image:type\" content=\"image\/jpeg\" \/>\n<meta name=\"twitter:card\" content=\"summary_large_image\" \/>\n<script type=\"application\/ld+json\" class=\"yoast-schema-graph\">{\"@context\":\"https:\/\/schema.org\",\"@graph\":[{\"@type\":\"WebPage\",\"@id\":\"https:\/\/dewitwines.be\/fr\/produit\/chateau-notre-dame-montagne-saint-emilion-75cl-2019\/\",\"url\":\"https:\/\/dewitwines.be\/fr\/produit\/chateau-notre-dame-montagne-saint-emilion-75cl-2019\/\",\"name\":\"Ch\u00e2teau Notre Dame - Montagne Saint-\u00c9milion - 75cl 2019 - Dewit Wines\",\"isPartOf\":{\"@id\":\"https:\/\/dewitwines.be\/nl\/#website\"},\"primaryImageOfPage\":{\"@id\":\"https:\/\/dewitwines.be\/fr\/produit\/chateau-notre-dame-montagne-saint-emilion-75cl-2019\/#primaryimage\"},\"image\":{\"@id\":\"https:\/\/dewitwines.be\/fr\/produit\/chateau-notre-dame-montagne-saint-emilion-75cl-2019\/#primaryimage\"},\"thumbnailUrl\":\"https:\/\/dewitwines.be\/wp-content\/uploads\/2025\/07\/00007576-7.jpg\",\"datePublished\":\"2024-10-08T09:39:31+00:00\",\"dateModified\":\"2025-08-26T10:40:06+00:00\",\"breadcrumb\":{\"@id\":\"https:\/\/dewitwines.be\/fr\/produit\/chateau-notre-dame-montagne-saint-emilion-75cl-2019\/#breadcrumb\"},\"inLanguage\":\"fr-FR\",\"potentialAction\":[{\"@type\":\"ReadAction\",\"target\":[\"https:\/\/dewitwines.be\/fr\/produit\/chateau-notre-dame-montagne-saint-emilion-75cl-2019\/\"]}]},{\"@type\":\"ImageObject\",\"inLanguage\":\"fr-FR\",\"@id\":\"https:\/\/dewitwines.be\/fr\/produit\/chateau-notre-dame-montagne-saint-emilion-75cl-2019\/#primaryimage\",\"url\":\"https:\/\/dewitwines.be\/wp-content\/uploads\/2025\/07\/00007576-7.jpg\",\"contentUrl\":\"https:\/\/dewitwines.be\/wp-content\/uploads\/2025\/07\/00007576-7.jpg\",\"width\":283,\"height\":1024},{\"@type\":\"BreadcrumbList\",\"@id\":\"https:\/\/dewitwines.be\/fr\/produit\/chateau-notre-dame-montagne-saint-emilion-75cl-2019\/#breadcrumb\",\"itemListElement\":[{\"@type\":\"ListItem\",\"position\":1,\"name\":\"Home\",\"item\":\"https:\/\/dewitwines.be\/fr\/accueil\/\"},{\"@type\":\"ListItem\",\"position\":2,\"name\":\"Boutique\",\"item\":\"https:\/\/dewitwines.be\/boutique\/\"},{\"@type\":\"ListItem\",\"position\":3,\"name\":\"Ch\u00e2teau Notre Dame &#8211; Montagne Saint-\u00c9milion &#8211; 75cl 2019\"}]},{\"@type\":\"WebSite\",\"@id\":\"https:\/\/dewitwines.be\/nl\/#website\",\"url\":\"https:\/\/dewitwines.be\/nl\/\",\"name\":\"Dewit Wines\",\"description\":\"We Know Wine\",\"potentialAction\":[{\"@type\":\"SearchAction\",\"target\":{\"@type\":\"EntryPoint\",\"urlTemplate\":\"https:\/\/dewitwines.be\/nl\/?s={search_term_string}\"},\"query-input\":{\"@type\":\"PropertyValueSpecification\",\"valueRequired\":true,\"valueName\":\"search_term_string\"}}],\"inLanguage\":\"fr-FR\"}]}<\/script>\n<!-- \/ Yoast SEO plugin. -->","yoast_head_json":{"title":"Ch\u00e2teau Notre Dame - Montagne Saint-\u00c9milion - 75cl 2019 - Dewit Wines","robots":{"index":"index","follow":"follow","max-snippet":"max-snippet:-1","max-image-preview":"max-image-preview:large","max-video-preview":"max-video-preview:-1"},"canonical":"https:\/\/dewitwines.be\/fr\/produit\/chateau-notre-dame-montagne-saint-emilion-75cl-2019\/","og_locale":"fr_FR","og_type":"article","og_title":"Ch\u00e2teau Notre Dame - Montagne Saint-\u00c9milion - 75cl 2019 - Dewit Wines","og_description":"Ar\u00f4mes Ar\u00f4mes intenses de petits fruits rouges et de sous-bois, mais aussi de m\u00fbre et de r\u00e9glisse Go\u00fbt \u00c9l\u00e9gant et robuste avec du corps et des tanins bien structur\u00e9s Conservation : 5 \u00e0 10 ans Temp\u00e9rature de service : 15 \u00e0 17\u00b0 Accordez ce vin de merlot avec des plats classiques comme un r\u00f4ti de b\u0153uf au lard et haricots verts ou un steak avec une sauce au poivre douce. C'est aussi un excellent vin pour accompagner le fromage.","og_url":"https:\/\/dewitwines.be\/fr\/produit\/chateau-notre-dame-montagne-saint-emilion-75cl-2019\/","og_site_name":"Dewit Wines","article_modified_time":"2025-08-26T10:40:06+00:00","og_image":[{"width":283,"height":1024,"url":"https:\/\/dewitwines.be\/wp-content\/uploads\/2025\/07\/00007576-7.jpg","type":"image\/jpeg"}],"twitter_card":"summary_large_image","schema":{"@context":"https:\/\/schema.org","@graph":[{"@type":"WebPage","@id":"https:\/\/dewitwines.be\/fr\/produit\/chateau-notre-dame-montagne-saint-emilion-75cl-2019\/","url":"https:\/\/dewitwines.be\/fr\/produit\/chateau-notre-dame-montagne-saint-emilion-75cl-2019\/","name":"Ch\u00e2teau Notre Dame - Montagne Saint-\u00c9milion - 75cl 2019 - Dewit Wines","isPartOf":{"@id":"https:\/\/dewitwines.be\/nl\/#website"},"primaryImageOfPage":{"@id":"https:\/\/dewitwines.be\/fr\/produit\/chateau-notre-dame-montagne-saint-emilion-75cl-2019\/#primaryimage"},"image":{"@id":"https:\/\/dewitwines.be\/fr\/produit\/chateau-notre-dame-montagne-saint-emilion-75cl-2019\/#primaryimage"},"thumbnailUrl":"https:\/\/dewitwines.be\/wp-content\/uploads\/2025\/07\/00007576-7.jpg","datePublished":"2024-10-08T09:39:31+00:00","dateModified":"2025-08-26T10:40:06+00:00","breadcrumb":{"@id":"https:\/\/dewitwines.be\/fr\/produit\/chateau-notre-dame-montagne-saint-emilion-75cl-2019\/#breadcrumb"},"inLanguage":"fr-FR","potentialAction":[{"@type":"ReadAction","target":["https:\/\/dewitwines.be\/fr\/produit\/chateau-notre-dame-montagne-saint-emilion-75cl-2019\/"]}]},{"@type":"ImageObject","inLanguage":"fr-FR","@id":"https:\/\/dewitwines.be\/fr\/produit\/chateau-notre-dame-montagne-saint-emilion-75cl-2019\/#primaryimage","url":"https:\/\/dewitwines.be\/wp-content\/uploads\/2025\/07\/00007576-7.jpg","contentUrl":"https:\/\/dewitwines.be\/wp-content\/uploads\/2025\/07\/00007576-7.jpg","width":283,"height":1024},{"@type":"BreadcrumbList","@id":"https:\/\/dewitwines.be\/fr\/produit\/chateau-notre-dame-montagne-saint-emilion-75cl-2019\/#breadcrumb","itemListElement":[{"@type":"ListItem","position":1,"name":"Home","item":"https:\/\/dewitwines.be\/fr\/accueil\/"},{"@type":"ListItem","position":2,"name":"Boutique","item":"https:\/\/dewitwines.be\/boutique\/"},{"@type":"ListItem","position":3,"name":"Ch\u00e2teau Notre Dame &#8211; Montagne Saint-\u00c9milion &#8211; 75cl 2019"}]},{"@type":"WebSite","@id":"https:\/\/dewitwines.be\/nl\/#website","url":"https:\/\/dewitwines.be\/nl\/","name":"Dewit Wines","description":"We Know Wine","potentialAction":[{"@type":"SearchAction","target":{"@type":"EntryPoint","urlTemplate":"https:\/\/dewitwines.be\/nl\/?s={search_term_string}"},"query-input":{"@type":"PropertyValueSpecification","valueRequired":true,"valueName":"search_term_string"}}],"inLanguage":"fr-FR"}]}},"_links":{"self":[{"href":"https:\/\/dewitwines.be\/fr\/wp-json\/wp\/v2\/product\/45215","targetHints":{"allow":["GET"]}}],"collection":[{"href":"https:\/\/dewitwines.be\/fr\/wp-json\/wp\/v2\/product"}],"about":[{"href":"https:\/\/dewitwines.be\/fr\/wp-json\/wp\/v2\/types\/product"}],"replies":[{"embeddable":true,"href":"https:\/\/dewitwines.be\/fr\/wp-json\/wp\/v2\/comments?post=45215"}],"wp:featuredmedia":[{"embeddable":true,"href":"https:\/\/dewitwines.be\/fr\/wp-json\/wp\/v2\/media\/45217"}],"wp:attachment":[{"href":"https:\/\/dewitwines.be\/fr\/wp-json\/wp\/v2\/media?parent=45215"}],"wp:term":[{"taxonomy":"product_brand","embeddable":true,"href":"https:\/\/dewitwines.be\/fr\/wp-json\/wp\/v2\/product_brand?post=45215"},{"taxonomy":"product_cat","embeddable":true,"href":"https:\/\/dewitwines.be\/fr\/wp-json\/wp\/v2\/product_cat?post=45215"},{"taxonomy":"product_tag","embeddable":true,"href":"https:\/\/dewitwines.be\/fr\/wp-json\/wp\/v2\/product_tag?post=45215"}],"curies":[{"name":"wp","href":"https:\/\/api.w.org\/{rel}","templated":true}]}}