{"id":45173,"date":"2024-12-13T10:43:59","date_gmt":"2024-12-13T09:43:59","guid":{"rendered":"https:\/\/dewitwines.be\/product\/chateau-haut-pommarede-cuvee-elegance-rouge-graves-75cl-2022\/"},"modified":"2025-10-16T13:50:44","modified_gmt":"2025-10-16T11:50:44","slug":"chateau-haut-pommarede-cuvee-elegance-rouge-graves-75cl-2022","status":"publish","type":"product","link":"https:\/\/dewitwines.be\/fr\/produit\/chateau-haut-pommarede-cuvee-elegance-rouge-graves-75cl-2022\/","title":{"rendered":"Ch\u00e2teau Haut-pommar\u00e8de \u00ab cuv\u00e9e \u00c9l\u00e9gance \u00bb Rouge &#8211; Graves &#8211; 75cl 2022"},"content":{"rendered":"","protected":false},"excerpt":{"rendered":"<p style=\"font-weight: 400;\">Robe rubis et raffin\u00e9 avec des fruits rouges m\u00fbrs comme les myrtilles et les m\u00fbres. La structure gustative est pleine et douce d\u00e8s l&#8217;attaque et se termine par des tanins m\u00fbrs et \u00e9l\u00e9gants en finale. <\/p>\n<p style=\"font-weight: 400;\">En bouche, ce vin est souple et \u00e9quilibr\u00e9 avec des fruits rouges et une structure parfaite gr\u00e2ce aux tanins. S&#8217;accorde parfaitement avec toutes vos viandes <\/p>\n<p style=\"font-weight: 400;\">\n","protected":false},"featured_media":0,"comment_status":"open","ping_status":"closed","template":"","meta":[],"product_brand":[],"product_cat":[3920,3878],"product_tag":[],"class_list":{"0":"post-45173","1":"product","2":"type-product","3":"status-publish","5":"product_cat-vin-rouge","6":"product_cat-vins","7":"pa_alcohol-3894","8":"pa_druif-cabernet-sauvignon","9":"pa_druif-merlot","10":"pa_fles-75cl","11":"pa_jaar-2022-fr","12":"pa_kleur-type-rouge","13":"pa_land-france","14":"pa_regio-bordeaux-graves-a-o-p","15":"pa_wijnhuis-chateau-haut-pommarede-fr","17":"first","18":"instock","19":"taxable","20":"shipping-taxable","21":"purchasable","22":"product-type-simple"},"yoast_head":"<!-- This site is optimized with the Yoast SEO plugin v26.9 - https:\/\/yoast.com\/product\/yoast-seo-wordpress\/ -->\n<title>Ch\u00e2teau Haut-pommar\u00e8de \u00ab cuv\u00e9e \u00c9l\u00e9gance \u00bb Rouge - Graves - 75cl 2022 - Dewit Wines<\/title>\n<meta name=\"robots\" content=\"index, follow, max-snippet:-1, max-image-preview:large, max-video-preview:-1\" \/>\n<link rel=\"canonical\" href=\"https:\/\/dewitwines.be\/fr\/produit\/chateau-haut-pommarede-cuvee-elegance-rouge-graves-75cl-2022\/\" \/>\n<meta property=\"og:locale\" content=\"fr_FR\" \/>\n<meta property=\"og:type\" content=\"article\" \/>\n<meta property=\"og:title\" content=\"Ch\u00e2teau Haut-pommar\u00e8de \u00ab cuv\u00e9e \u00c9l\u00e9gance \u00bb Rouge - Graves - 75cl 2022 - Dewit Wines\" \/>\n<meta property=\"og:description\" content=\"Robe rubis et raffin\u00e9 avec des fruits rouges m\u00fbrs comme les myrtilles et les m\u00fbres. La structure gustative est pleine et douce d\u00e8s l&#039;attaque et se termine par des tanins m\u00fbrs et \u00e9l\u00e9gants en finale. En bouche, ce vin est souple et \u00e9quilibr\u00e9 avec des fruits rouges et une structure parfaite gr\u00e2ce aux tanins. S&#039;accorde parfaitement avec toutes vos viandes\" \/>\n<meta property=\"og:url\" content=\"https:\/\/dewitwines.be\/fr\/produit\/chateau-haut-pommarede-cuvee-elegance-rouge-graves-75cl-2022\/\" \/>\n<meta property=\"og:site_name\" content=\"Dewit Wines\" \/>\n<meta property=\"article:modified_time\" content=\"2025-10-16T11:50:44+00:00\" \/>\n<meta name=\"twitter:card\" content=\"summary_large_image\" \/>\n<script type=\"application\/ld+json\" class=\"yoast-schema-graph\">{\"@context\":\"https:\/\/schema.org\",\"@graph\":[{\"@type\":\"WebPage\",\"@id\":\"https:\/\/dewitwines.be\/fr\/produit\/chateau-haut-pommarede-cuvee-elegance-rouge-graves-75cl-2022\/\",\"url\":\"https:\/\/dewitwines.be\/fr\/produit\/chateau-haut-pommarede-cuvee-elegance-rouge-graves-75cl-2022\/\",\"name\":\"Ch\u00e2teau Haut-pommar\u00e8de \u00ab cuv\u00e9e \u00c9l\u00e9gance \u00bb Rouge - Graves - 75cl 2022 - Dewit Wines\",\"isPartOf\":{\"@id\":\"https:\/\/dewitwines.be\/nl\/#website\"},\"datePublished\":\"2024-12-13T09:43:59+00:00\",\"dateModified\":\"2025-10-16T11:50:44+00:00\",\"breadcrumb\":{\"@id\":\"https:\/\/dewitwines.be\/fr\/produit\/chateau-haut-pommarede-cuvee-elegance-rouge-graves-75cl-2022\/#breadcrumb\"},\"inLanguage\":\"fr-FR\",\"potentialAction\":[{\"@type\":\"ReadAction\",\"target\":[\"https:\/\/dewitwines.be\/fr\/produit\/chateau-haut-pommarede-cuvee-elegance-rouge-graves-75cl-2022\/\"]}]},{\"@type\":\"BreadcrumbList\",\"@id\":\"https:\/\/dewitwines.be\/fr\/produit\/chateau-haut-pommarede-cuvee-elegance-rouge-graves-75cl-2022\/#breadcrumb\",\"itemListElement\":[{\"@type\":\"ListItem\",\"position\":1,\"name\":\"Home\",\"item\":\"https:\/\/dewitwines.be\/nl\/\"},{\"@type\":\"ListItem\",\"position\":2,\"name\":\"Boutique\",\"item\":\"https:\/\/dewitwines.be\/boutique\/\"},{\"@type\":\"ListItem\",\"position\":3,\"name\":\"Ch\u00e2teau Haut-pommar\u00e8de \u00ab cuv\u00e9e \u00c9l\u00e9gance \u00bb Rouge &#8211; Graves &#8211; 75cl 2022\"}]},{\"@type\":\"WebSite\",\"@id\":\"https:\/\/dewitwines.be\/nl\/#website\",\"url\":\"https:\/\/dewitwines.be\/nl\/\",\"name\":\"Dewit Wines\",\"description\":\"We Know Wine\",\"potentialAction\":[{\"@type\":\"SearchAction\",\"target\":{\"@type\":\"EntryPoint\",\"urlTemplate\":\"https:\/\/dewitwines.be\/nl\/?s={search_term_string}\"},\"query-input\":{\"@type\":\"PropertyValueSpecification\",\"valueRequired\":true,\"valueName\":\"search_term_string\"}}],\"inLanguage\":\"fr-FR\"}]}<\/script>\n<!-- \/ Yoast SEO plugin. -->","yoast_head_json":{"title":"Ch\u00e2teau Haut-pommar\u00e8de \u00ab cuv\u00e9e \u00c9l\u00e9gance \u00bb Rouge - Graves - 75cl 2022 - Dewit Wines","robots":{"index":"index","follow":"follow","max-snippet":"max-snippet:-1","max-image-preview":"max-image-preview:large","max-video-preview":"max-video-preview:-1"},"canonical":"https:\/\/dewitwines.be\/fr\/produit\/chateau-haut-pommarede-cuvee-elegance-rouge-graves-75cl-2022\/","og_locale":"fr_FR","og_type":"article","og_title":"Ch\u00e2teau Haut-pommar\u00e8de \u00ab cuv\u00e9e \u00c9l\u00e9gance \u00bb Rouge - Graves - 75cl 2022 - Dewit Wines","og_description":"Robe rubis et raffin\u00e9 avec des fruits rouges m\u00fbrs comme les myrtilles et les m\u00fbres. La structure gustative est pleine et douce d\u00e8s l'attaque et se termine par des tanins m\u00fbrs et \u00e9l\u00e9gants en finale. En bouche, ce vin est souple et \u00e9quilibr\u00e9 avec des fruits rouges et une structure parfaite gr\u00e2ce aux tanins. S'accorde parfaitement avec toutes vos viandes","og_url":"https:\/\/dewitwines.be\/fr\/produit\/chateau-haut-pommarede-cuvee-elegance-rouge-graves-75cl-2022\/","og_site_name":"Dewit Wines","article_modified_time":"2025-10-16T11:50:44+00:00","twitter_card":"summary_large_image","schema":{"@context":"https:\/\/schema.org","@graph":[{"@type":"WebPage","@id":"https:\/\/dewitwines.be\/fr\/produit\/chateau-haut-pommarede-cuvee-elegance-rouge-graves-75cl-2022\/","url":"https:\/\/dewitwines.be\/fr\/produit\/chateau-haut-pommarede-cuvee-elegance-rouge-graves-75cl-2022\/","name":"Ch\u00e2teau Haut-pommar\u00e8de \u00ab cuv\u00e9e \u00c9l\u00e9gance \u00bb Rouge - Graves - 75cl 2022 - Dewit Wines","isPartOf":{"@id":"https:\/\/dewitwines.be\/nl\/#website"},"datePublished":"2024-12-13T09:43:59+00:00","dateModified":"2025-10-16T11:50:44+00:00","breadcrumb":{"@id":"https:\/\/dewitwines.be\/fr\/produit\/chateau-haut-pommarede-cuvee-elegance-rouge-graves-75cl-2022\/#breadcrumb"},"inLanguage":"fr-FR","potentialAction":[{"@type":"ReadAction","target":["https:\/\/dewitwines.be\/fr\/produit\/chateau-haut-pommarede-cuvee-elegance-rouge-graves-75cl-2022\/"]}]},{"@type":"BreadcrumbList","@id":"https:\/\/dewitwines.be\/fr\/produit\/chateau-haut-pommarede-cuvee-elegance-rouge-graves-75cl-2022\/#breadcrumb","itemListElement":[{"@type":"ListItem","position":1,"name":"Home","item":"https:\/\/dewitwines.be\/nl\/"},{"@type":"ListItem","position":2,"name":"Boutique","item":"https:\/\/dewitwines.be\/boutique\/"},{"@type":"ListItem","position":3,"name":"Ch\u00e2teau Haut-pommar\u00e8de \u00ab cuv\u00e9e \u00c9l\u00e9gance \u00bb Rouge &#8211; Graves &#8211; 75cl 2022"}]},{"@type":"WebSite","@id":"https:\/\/dewitwines.be\/nl\/#website","url":"https:\/\/dewitwines.be\/nl\/","name":"Dewit Wines","description":"We Know Wine","potentialAction":[{"@type":"SearchAction","target":{"@type":"EntryPoint","urlTemplate":"https:\/\/dewitwines.be\/nl\/?s={search_term_string}"},"query-input":{"@type":"PropertyValueSpecification","valueRequired":true,"valueName":"search_term_string"}}],"inLanguage":"fr-FR"}]}},"_links":{"self":[{"href":"https:\/\/dewitwines.be\/fr\/wp-json\/wp\/v2\/product\/45173","targetHints":{"allow":["GET"]}}],"collection":[{"href":"https:\/\/dewitwines.be\/fr\/wp-json\/wp\/v2\/product"}],"about":[{"href":"https:\/\/dewitwines.be\/fr\/wp-json\/wp\/v2\/types\/product"}],"replies":[{"embeddable":true,"href":"https:\/\/dewitwines.be\/fr\/wp-json\/wp\/v2\/comments?post=45173"}],"wp:attachment":[{"href":"https:\/\/dewitwines.be\/fr\/wp-json\/wp\/v2\/media?parent=45173"}],"wp:term":[{"taxonomy":"product_brand","embeddable":true,"href":"https:\/\/dewitwines.be\/fr\/wp-json\/wp\/v2\/product_brand?post=45173"},{"taxonomy":"product_cat","embeddable":true,"href":"https:\/\/dewitwines.be\/fr\/wp-json\/wp\/v2\/product_cat?post=45173"},{"taxonomy":"product_tag","embeddable":true,"href":"https:\/\/dewitwines.be\/fr\/wp-json\/wp\/v2\/product_tag?post=45173"}],"curies":[{"name":"wp","href":"https:\/\/api.w.org\/{rel}","templated":true}]}}