{"id":44621,"date":"2021-05-27T14:25:38","date_gmt":"2021-05-27T12:25:38","guid":{"rendered":"https:\/\/dewitwines.be\/product\/reuilly-dyckerhoff-pinot-gris-rose-75cl-2022\/"},"modified":"2025-08-26T12:33:42","modified_gmt":"2025-08-26T10:33:42","slug":"reuilly-dyckerhoff-pinot-gris-rose-75cl-2022","status":"publish","type":"product","link":"https:\/\/dewitwines.be\/fr\/produit\/reuilly-dyckerhoff-pinot-gris-rose-75cl-2022\/","title":{"rendered":"Reuilly &#8220;dyckerhoff&#8221; Pinot Gris Ros\u00e9 &#8211; 75cl 2022"},"content":{"rendered":"","protected":false},"excerpt":{"rendered":"<p>Ce ros\u00e9 se pr\u00e9sente dans une robe saumon clair. Le nez est tout en finesse ! La combinaison entre les notes fruit\u00e9es et les agrumes est tout simplement \u00e9poustouflante. En bouche, ce m\u00eame style perdure, et gagne m\u00eame en dimension gr\u00e2ce \u00e0 des fruits rouges d\u00e9licats en arri\u00e8re-plan. Un ros\u00e9 pour les vrais amateurs de valeur ajout\u00e9e. Parfait \u00e0 l&#8217;ap\u00e9ritif, avec des salades, des quiches, au barbecue ou avec des plats asiatiques.     <\/p>\n","protected":false},"featured_media":35743,"comment_status":"open","ping_status":"closed","template":"","meta":[],"product_brand":[],"product_cat":[3936,3878],"product_tag":[],"class_list":{"0":"post-44621","1":"product","2":"type-product","3":"status-publish","4":"has-post-thumbnail","6":"product_cat-vin-rose","7":"product_cat-vins","8":"pa_alcohol-3940","9":"pa_druif-pinot-gris-fr","10":"pa_fles-75cl","11":"pa_jaar-2022-fr","12":"pa_kleur-type-rose","13":"pa_land-france","14":"pa_regio-reuilly-a-o-p-fr","15":"pa_wijnhuis-domaine-dyckerhoff-fr","17":"first","18":"instock","19":"taxable","20":"shipping-taxable","21":"purchasable","22":"product-type-simple"},"yoast_head":"<!-- This site is optimized with the Yoast SEO plugin v26.9 - https:\/\/yoast.com\/product\/yoast-seo-wordpress\/ -->\n<title>Reuilly &quot;dyckerhoff&quot; Pinot Gris Ros\u00e9 - 75cl 2022 - Dewit Wines<\/title>\n<meta name=\"robots\" content=\"index, follow, max-snippet:-1, max-image-preview:large, max-video-preview:-1\" \/>\n<link rel=\"canonical\" href=\"https:\/\/dewitwines.be\/fr\/produit\/reuilly-dyckerhoff-pinot-gris-rose-75cl-2022\/\" \/>\n<meta property=\"og:locale\" content=\"fr_FR\" \/>\n<meta property=\"og:type\" content=\"article\" \/>\n<meta property=\"og:title\" content=\"Reuilly &quot;dyckerhoff&quot; Pinot Gris Ros\u00e9 - 75cl 2022 - Dewit Wines\" \/>\n<meta property=\"og:description\" content=\"Ce ros\u00e9 se pr\u00e9sente dans une robe saumon clair. Le nez est tout en finesse ! La combinaison entre les notes fruit\u00e9es et les agrumes est tout simplement \u00e9poustouflante. En bouche, ce m\u00eame style perdure, et gagne m\u00eame en dimension gr\u00e2ce \u00e0 des fruits rouges d\u00e9licats en arri\u00e8re-plan. Un ros\u00e9 pour les vrais amateurs de valeur ajout\u00e9e. Parfait \u00e0 l&#039;ap\u00e9ritif, avec des salades, des quiches, au barbecue ou avec des plats asiatiques.\" \/>\n<meta property=\"og:url\" content=\"https:\/\/dewitwines.be\/fr\/produit\/reuilly-dyckerhoff-pinot-gris-rose-75cl-2022\/\" \/>\n<meta property=\"og:site_name\" content=\"Dewit Wines\" \/>\n<meta property=\"article:modified_time\" content=\"2025-08-26T10:33:42+00:00\" \/>\n<meta property=\"og:image\" content=\"https:\/\/dewitwines.be\/wp-content\/uploads\/2025\/07\/00009310.jpg\" \/>\n\t<meta property=\"og:image:width\" content=\"333\" \/>\n\t<meta property=\"og:image:height\" content=\"1024\" \/>\n\t<meta property=\"og:image:type\" content=\"image\/jpeg\" \/>\n<meta name=\"twitter:card\" content=\"summary_large_image\" \/>\n<script type=\"application\/ld+json\" class=\"yoast-schema-graph\">{\"@context\":\"https:\/\/schema.org\",\"@graph\":[{\"@type\":\"WebPage\",\"@id\":\"https:\/\/dewitwines.be\/fr\/produit\/reuilly-dyckerhoff-pinot-gris-rose-75cl-2022\/\",\"url\":\"https:\/\/dewitwines.be\/fr\/produit\/reuilly-dyckerhoff-pinot-gris-rose-75cl-2022\/\",\"name\":\"Reuilly \\\"dyckerhoff\\\" Pinot Gris Ros\u00e9 - 75cl 2022 - Dewit Wines\",\"isPartOf\":{\"@id\":\"https:\/\/dewitwines.be\/nl\/#website\"},\"primaryImageOfPage\":{\"@id\":\"https:\/\/dewitwines.be\/fr\/produit\/reuilly-dyckerhoff-pinot-gris-rose-75cl-2022\/#primaryimage\"},\"image\":{\"@id\":\"https:\/\/dewitwines.be\/fr\/produit\/reuilly-dyckerhoff-pinot-gris-rose-75cl-2022\/#primaryimage\"},\"thumbnailUrl\":\"https:\/\/dewitwines.be\/wp-content\/uploads\/2025\/07\/00009310.jpg\",\"datePublished\":\"2021-05-27T12:25:38+00:00\",\"dateModified\":\"2025-08-26T10:33:42+00:00\",\"breadcrumb\":{\"@id\":\"https:\/\/dewitwines.be\/fr\/produit\/reuilly-dyckerhoff-pinot-gris-rose-75cl-2022\/#breadcrumb\"},\"inLanguage\":\"fr-FR\",\"potentialAction\":[{\"@type\":\"ReadAction\",\"target\":[\"https:\/\/dewitwines.be\/fr\/produit\/reuilly-dyckerhoff-pinot-gris-rose-75cl-2022\/\"]}]},{\"@type\":\"ImageObject\",\"inLanguage\":\"fr-FR\",\"@id\":\"https:\/\/dewitwines.be\/fr\/produit\/reuilly-dyckerhoff-pinot-gris-rose-75cl-2022\/#primaryimage\",\"url\":\"https:\/\/dewitwines.be\/wp-content\/uploads\/2025\/07\/00009310.jpg\",\"contentUrl\":\"https:\/\/dewitwines.be\/wp-content\/uploads\/2025\/07\/00009310.jpg\",\"width\":333,\"height\":1024},{\"@type\":\"BreadcrumbList\",\"@id\":\"https:\/\/dewitwines.be\/fr\/produit\/reuilly-dyckerhoff-pinot-gris-rose-75cl-2022\/#breadcrumb\",\"itemListElement\":[{\"@type\":\"ListItem\",\"position\":1,\"name\":\"Home\",\"item\":\"https:\/\/dewitwines.be\/fr\/accueil\/\"},{\"@type\":\"ListItem\",\"position\":2,\"name\":\"Boutique\",\"item\":\"https:\/\/dewitwines.be\/boutique\/\"},{\"@type\":\"ListItem\",\"position\":3,\"name\":\"Reuilly &#8220;dyckerhoff&#8221; Pinot Gris Ros\u00e9 &#8211; 75cl 2022\"}]},{\"@type\":\"WebSite\",\"@id\":\"https:\/\/dewitwines.be\/nl\/#website\",\"url\":\"https:\/\/dewitwines.be\/nl\/\",\"name\":\"Dewit Wines\",\"description\":\"We Know Wine\",\"potentialAction\":[{\"@type\":\"SearchAction\",\"target\":{\"@type\":\"EntryPoint\",\"urlTemplate\":\"https:\/\/dewitwines.be\/nl\/?s={search_term_string}\"},\"query-input\":{\"@type\":\"PropertyValueSpecification\",\"valueRequired\":true,\"valueName\":\"search_term_string\"}}],\"inLanguage\":\"fr-FR\"}]}<\/script>\n<!-- \/ Yoast SEO plugin. -->","yoast_head_json":{"title":"Reuilly \"dyckerhoff\" Pinot Gris Ros\u00e9 - 75cl 2022 - Dewit Wines","robots":{"index":"index","follow":"follow","max-snippet":"max-snippet:-1","max-image-preview":"max-image-preview:large","max-video-preview":"max-video-preview:-1"},"canonical":"https:\/\/dewitwines.be\/fr\/produit\/reuilly-dyckerhoff-pinot-gris-rose-75cl-2022\/","og_locale":"fr_FR","og_type":"article","og_title":"Reuilly \"dyckerhoff\" Pinot Gris Ros\u00e9 - 75cl 2022 - Dewit Wines","og_description":"Ce ros\u00e9 se pr\u00e9sente dans une robe saumon clair. Le nez est tout en finesse ! La combinaison entre les notes fruit\u00e9es et les agrumes est tout simplement \u00e9poustouflante. En bouche, ce m\u00eame style perdure, et gagne m\u00eame en dimension gr\u00e2ce \u00e0 des fruits rouges d\u00e9licats en arri\u00e8re-plan. Un ros\u00e9 pour les vrais amateurs de valeur ajout\u00e9e. Parfait \u00e0 l'ap\u00e9ritif, avec des salades, des quiches, au barbecue ou avec des plats asiatiques.","og_url":"https:\/\/dewitwines.be\/fr\/produit\/reuilly-dyckerhoff-pinot-gris-rose-75cl-2022\/","og_site_name":"Dewit Wines","article_modified_time":"2025-08-26T10:33:42+00:00","og_image":[{"width":333,"height":1024,"url":"https:\/\/dewitwines.be\/wp-content\/uploads\/2025\/07\/00009310.jpg","type":"image\/jpeg"}],"twitter_card":"summary_large_image","schema":{"@context":"https:\/\/schema.org","@graph":[{"@type":"WebPage","@id":"https:\/\/dewitwines.be\/fr\/produit\/reuilly-dyckerhoff-pinot-gris-rose-75cl-2022\/","url":"https:\/\/dewitwines.be\/fr\/produit\/reuilly-dyckerhoff-pinot-gris-rose-75cl-2022\/","name":"Reuilly \"dyckerhoff\" Pinot Gris Ros\u00e9 - 75cl 2022 - Dewit Wines","isPartOf":{"@id":"https:\/\/dewitwines.be\/nl\/#website"},"primaryImageOfPage":{"@id":"https:\/\/dewitwines.be\/fr\/produit\/reuilly-dyckerhoff-pinot-gris-rose-75cl-2022\/#primaryimage"},"image":{"@id":"https:\/\/dewitwines.be\/fr\/produit\/reuilly-dyckerhoff-pinot-gris-rose-75cl-2022\/#primaryimage"},"thumbnailUrl":"https:\/\/dewitwines.be\/wp-content\/uploads\/2025\/07\/00009310.jpg","datePublished":"2021-05-27T12:25:38+00:00","dateModified":"2025-08-26T10:33:42+00:00","breadcrumb":{"@id":"https:\/\/dewitwines.be\/fr\/produit\/reuilly-dyckerhoff-pinot-gris-rose-75cl-2022\/#breadcrumb"},"inLanguage":"fr-FR","potentialAction":[{"@type":"ReadAction","target":["https:\/\/dewitwines.be\/fr\/produit\/reuilly-dyckerhoff-pinot-gris-rose-75cl-2022\/"]}]},{"@type":"ImageObject","inLanguage":"fr-FR","@id":"https:\/\/dewitwines.be\/fr\/produit\/reuilly-dyckerhoff-pinot-gris-rose-75cl-2022\/#primaryimage","url":"https:\/\/dewitwines.be\/wp-content\/uploads\/2025\/07\/00009310.jpg","contentUrl":"https:\/\/dewitwines.be\/wp-content\/uploads\/2025\/07\/00009310.jpg","width":333,"height":1024},{"@type":"BreadcrumbList","@id":"https:\/\/dewitwines.be\/fr\/produit\/reuilly-dyckerhoff-pinot-gris-rose-75cl-2022\/#breadcrumb","itemListElement":[{"@type":"ListItem","position":1,"name":"Home","item":"https:\/\/dewitwines.be\/fr\/accueil\/"},{"@type":"ListItem","position":2,"name":"Boutique","item":"https:\/\/dewitwines.be\/boutique\/"},{"@type":"ListItem","position":3,"name":"Reuilly &#8220;dyckerhoff&#8221; Pinot Gris Ros\u00e9 &#8211; 75cl 2022"}]},{"@type":"WebSite","@id":"https:\/\/dewitwines.be\/nl\/#website","url":"https:\/\/dewitwines.be\/nl\/","name":"Dewit Wines","description":"We Know Wine","potentialAction":[{"@type":"SearchAction","target":{"@type":"EntryPoint","urlTemplate":"https:\/\/dewitwines.be\/nl\/?s={search_term_string}"},"query-input":{"@type":"PropertyValueSpecification","valueRequired":true,"valueName":"search_term_string"}}],"inLanguage":"fr-FR"}]}},"_links":{"self":[{"href":"https:\/\/dewitwines.be\/fr\/wp-json\/wp\/v2\/product\/44621","targetHints":{"allow":["GET"]}}],"collection":[{"href":"https:\/\/dewitwines.be\/fr\/wp-json\/wp\/v2\/product"}],"about":[{"href":"https:\/\/dewitwines.be\/fr\/wp-json\/wp\/v2\/types\/product"}],"replies":[{"embeddable":true,"href":"https:\/\/dewitwines.be\/fr\/wp-json\/wp\/v2\/comments?post=44621"}],"wp:featuredmedia":[{"embeddable":true,"href":"https:\/\/dewitwines.be\/fr\/wp-json\/wp\/v2\/media\/35743"}],"wp:attachment":[{"href":"https:\/\/dewitwines.be\/fr\/wp-json\/wp\/v2\/media?parent=44621"}],"wp:term":[{"taxonomy":"product_brand","embeddable":true,"href":"https:\/\/dewitwines.be\/fr\/wp-json\/wp\/v2\/product_brand?post=44621"},{"taxonomy":"product_cat","embeddable":true,"href":"https:\/\/dewitwines.be\/fr\/wp-json\/wp\/v2\/product_cat?post=44621"},{"taxonomy":"product_tag","embeddable":true,"href":"https:\/\/dewitwines.be\/fr\/wp-json\/wp\/v2\/product_tag?post=44621"}],"curies":[{"name":"wp","href":"https:\/\/api.w.org\/{rel}","templated":true}]}}