{"id":44203,"date":"2019-01-09T10:42:51","date_gmt":"2019-01-09T09:42:51","guid":{"rendered":"https:\/\/dewitwines.be\/product\/canoubier-rhum-carribean-70cl\/"},"modified":"2025-08-26T12:28:06","modified_gmt":"2025-08-26T10:28:06","slug":"canoubier-rhum-carribean-70cl","status":"publish","type":"product","link":"https:\/\/dewitwines.be\/fr\/produit\/canoubier-rhum-carribean-70cl\/","title":{"rendered":"Canoubier &#8211; Rhum &#8211; \u00ab carribean \u00bb &#8211; 70cl"},"content":{"rendered":"","protected":false},"excerpt":{"rendered":"<p>Ce Canoubier a \u00e9t\u00e9 produit dans les meilleures conditions aux Cara\u00efbes. Plus tard, le rhum a \u00e9t\u00e9 transf\u00e9r\u00e9 en France o\u00f9 il est pass\u00e9 sous l&#8217;aile du ma\u00eetre de chai de la Distillerie des Moisans dans la r\u00e9gion de Cognac. Sous son expertise, le rhum a b\u00e9n\u00e9fici\u00e9 d&#8217;un vieillissement suppl\u00e9mentaire en f\u00fbts de Cognac, le r\u00e9sultat est tout simplement \u00e9poustouflant. Un rhum \u00e9l\u00e9gant et raffin\u00e9 aux douces notes de vanille, caramel et fleur d&#8217;oranger.   <\/p>\n","protected":false},"featured_media":36495,"comment_status":"open","ping_status":"closed","template":"","meta":[],"product_brand":[],"product_cat":[4427,4274],"product_tag":[],"class_list":{"0":"post-44203","1":"product","2":"type-product","3":"status-publish","4":"has-post-thumbnail","6":"product_cat-rhum","7":"product_cat-spiritueux","8":"pa_alcohol-4270","9":"pa_fles-70cl","10":"pa_land-france","11":"pa_type-rum-rhum","13":"first","14":"instock","15":"taxable","16":"shipping-taxable","17":"purchasable","18":"product-type-simple"},"yoast_head":"<!-- This site is optimized with the Yoast SEO plugin v26.9 - https:\/\/yoast.com\/product\/yoast-seo-wordpress\/ -->\n<title>Canoubier - Rhum - \u00ab carribean \u00bb - 70cl - Dewit Wines<\/title>\n<meta name=\"robots\" content=\"index, follow, max-snippet:-1, max-image-preview:large, max-video-preview:-1\" \/>\n<link rel=\"canonical\" href=\"https:\/\/dewitwines.be\/fr\/produit\/canoubier-rhum-carribean-70cl\/\" \/>\n<meta property=\"og:locale\" content=\"fr_FR\" \/>\n<meta property=\"og:type\" content=\"article\" \/>\n<meta property=\"og:title\" content=\"Canoubier - Rhum - \u00ab carribean \u00bb - 70cl - Dewit Wines\" \/>\n<meta property=\"og:description\" content=\"Ce Canoubier a \u00e9t\u00e9 produit dans les meilleures conditions aux Cara\u00efbes. Plus tard, le rhum a \u00e9t\u00e9 transf\u00e9r\u00e9 en France o\u00f9 il est pass\u00e9 sous l&#039;aile du ma\u00eetre de chai de la Distillerie des Moisans dans la r\u00e9gion de Cognac. Sous son expertise, le rhum a b\u00e9n\u00e9fici\u00e9 d&#039;un vieillissement suppl\u00e9mentaire en f\u00fbts de Cognac, le r\u00e9sultat est tout simplement \u00e9poustouflant. Un rhum \u00e9l\u00e9gant et raffin\u00e9 aux douces notes de vanille, caramel et fleur d&#039;oranger.\" \/>\n<meta property=\"og:url\" content=\"https:\/\/dewitwines.be\/fr\/produit\/canoubier-rhum-carribean-70cl\/\" \/>\n<meta property=\"og:site_name\" content=\"Dewit Wines\" \/>\n<meta property=\"article:modified_time\" content=\"2025-08-26T10:28:06+00:00\" \/>\n<meta property=\"og:image\" content=\"https:\/\/dewitwines.be\/wp-content\/uploads\/2025\/07\/00020051.jpg\" \/>\n\t<meta property=\"og:image:width\" content=\"133\" \/>\n\t<meta property=\"og:image:height\" content=\"402\" \/>\n\t<meta property=\"og:image:type\" content=\"image\/jpeg\" \/>\n<meta name=\"twitter:card\" content=\"summary_large_image\" \/>\n<script type=\"application\/ld+json\" class=\"yoast-schema-graph\">{\"@context\":\"https:\/\/schema.org\",\"@graph\":[{\"@type\":\"WebPage\",\"@id\":\"https:\/\/dewitwines.be\/fr\/produit\/canoubier-rhum-carribean-70cl\/\",\"url\":\"https:\/\/dewitwines.be\/fr\/produit\/canoubier-rhum-carribean-70cl\/\",\"name\":\"Canoubier - Rhum - \u00ab carribean \u00bb - 70cl - Dewit Wines\",\"isPartOf\":{\"@id\":\"https:\/\/dewitwines.be\/nl\/#website\"},\"primaryImageOfPage\":{\"@id\":\"https:\/\/dewitwines.be\/fr\/produit\/canoubier-rhum-carribean-70cl\/#primaryimage\"},\"image\":{\"@id\":\"https:\/\/dewitwines.be\/fr\/produit\/canoubier-rhum-carribean-70cl\/#primaryimage\"},\"thumbnailUrl\":\"https:\/\/dewitwines.be\/wp-content\/uploads\/2025\/07\/00020051.jpg\",\"datePublished\":\"2019-01-09T09:42:51+00:00\",\"dateModified\":\"2025-08-26T10:28:06+00:00\",\"breadcrumb\":{\"@id\":\"https:\/\/dewitwines.be\/fr\/produit\/canoubier-rhum-carribean-70cl\/#breadcrumb\"},\"inLanguage\":\"fr-FR\",\"potentialAction\":[{\"@type\":\"ReadAction\",\"target\":[\"https:\/\/dewitwines.be\/fr\/produit\/canoubier-rhum-carribean-70cl\/\"]}]},{\"@type\":\"ImageObject\",\"inLanguage\":\"fr-FR\",\"@id\":\"https:\/\/dewitwines.be\/fr\/produit\/canoubier-rhum-carribean-70cl\/#primaryimage\",\"url\":\"https:\/\/dewitwines.be\/wp-content\/uploads\/2025\/07\/00020051.jpg\",\"contentUrl\":\"https:\/\/dewitwines.be\/wp-content\/uploads\/2025\/07\/00020051.jpg\",\"width\":133,\"height\":402},{\"@type\":\"BreadcrumbList\",\"@id\":\"https:\/\/dewitwines.be\/fr\/produit\/canoubier-rhum-carribean-70cl\/#breadcrumb\",\"itemListElement\":[{\"@type\":\"ListItem\",\"position\":1,\"name\":\"Home\",\"item\":\"https:\/\/dewitwines.be\/fr\/accueil\/\"},{\"@type\":\"ListItem\",\"position\":2,\"name\":\"Boutique\",\"item\":\"https:\/\/dewitwines.be\/boutique\/\"},{\"@type\":\"ListItem\",\"position\":3,\"name\":\"Canoubier &#8211; Rhum &#8211; \u00ab carribean \u00bb &#8211; 70cl\"}]},{\"@type\":\"WebSite\",\"@id\":\"https:\/\/dewitwines.be\/nl\/#website\",\"url\":\"https:\/\/dewitwines.be\/nl\/\",\"name\":\"Dewit Wines\",\"description\":\"We Know Wine\",\"potentialAction\":[{\"@type\":\"SearchAction\",\"target\":{\"@type\":\"EntryPoint\",\"urlTemplate\":\"https:\/\/dewitwines.be\/nl\/?s={search_term_string}\"},\"query-input\":{\"@type\":\"PropertyValueSpecification\",\"valueRequired\":true,\"valueName\":\"search_term_string\"}}],\"inLanguage\":\"fr-FR\"}]}<\/script>\n<!-- \/ Yoast SEO plugin. -->","yoast_head_json":{"title":"Canoubier - Rhum - \u00ab carribean \u00bb - 70cl - Dewit Wines","robots":{"index":"index","follow":"follow","max-snippet":"max-snippet:-1","max-image-preview":"max-image-preview:large","max-video-preview":"max-video-preview:-1"},"canonical":"https:\/\/dewitwines.be\/fr\/produit\/canoubier-rhum-carribean-70cl\/","og_locale":"fr_FR","og_type":"article","og_title":"Canoubier - Rhum - \u00ab carribean \u00bb - 70cl - Dewit Wines","og_description":"Ce Canoubier a \u00e9t\u00e9 produit dans les meilleures conditions aux Cara\u00efbes. Plus tard, le rhum a \u00e9t\u00e9 transf\u00e9r\u00e9 en France o\u00f9 il est pass\u00e9 sous l'aile du ma\u00eetre de chai de la Distillerie des Moisans dans la r\u00e9gion de Cognac. Sous son expertise, le rhum a b\u00e9n\u00e9fici\u00e9 d'un vieillissement suppl\u00e9mentaire en f\u00fbts de Cognac, le r\u00e9sultat est tout simplement \u00e9poustouflant. Un rhum \u00e9l\u00e9gant et raffin\u00e9 aux douces notes de vanille, caramel et fleur d'oranger.","og_url":"https:\/\/dewitwines.be\/fr\/produit\/canoubier-rhum-carribean-70cl\/","og_site_name":"Dewit Wines","article_modified_time":"2025-08-26T10:28:06+00:00","og_image":[{"width":133,"height":402,"url":"https:\/\/dewitwines.be\/wp-content\/uploads\/2025\/07\/00020051.jpg","type":"image\/jpeg"}],"twitter_card":"summary_large_image","schema":{"@context":"https:\/\/schema.org","@graph":[{"@type":"WebPage","@id":"https:\/\/dewitwines.be\/fr\/produit\/canoubier-rhum-carribean-70cl\/","url":"https:\/\/dewitwines.be\/fr\/produit\/canoubier-rhum-carribean-70cl\/","name":"Canoubier - Rhum - \u00ab carribean \u00bb - 70cl - Dewit Wines","isPartOf":{"@id":"https:\/\/dewitwines.be\/nl\/#website"},"primaryImageOfPage":{"@id":"https:\/\/dewitwines.be\/fr\/produit\/canoubier-rhum-carribean-70cl\/#primaryimage"},"image":{"@id":"https:\/\/dewitwines.be\/fr\/produit\/canoubier-rhum-carribean-70cl\/#primaryimage"},"thumbnailUrl":"https:\/\/dewitwines.be\/wp-content\/uploads\/2025\/07\/00020051.jpg","datePublished":"2019-01-09T09:42:51+00:00","dateModified":"2025-08-26T10:28:06+00:00","breadcrumb":{"@id":"https:\/\/dewitwines.be\/fr\/produit\/canoubier-rhum-carribean-70cl\/#breadcrumb"},"inLanguage":"fr-FR","potentialAction":[{"@type":"ReadAction","target":["https:\/\/dewitwines.be\/fr\/produit\/canoubier-rhum-carribean-70cl\/"]}]},{"@type":"ImageObject","inLanguage":"fr-FR","@id":"https:\/\/dewitwines.be\/fr\/produit\/canoubier-rhum-carribean-70cl\/#primaryimage","url":"https:\/\/dewitwines.be\/wp-content\/uploads\/2025\/07\/00020051.jpg","contentUrl":"https:\/\/dewitwines.be\/wp-content\/uploads\/2025\/07\/00020051.jpg","width":133,"height":402},{"@type":"BreadcrumbList","@id":"https:\/\/dewitwines.be\/fr\/produit\/canoubier-rhum-carribean-70cl\/#breadcrumb","itemListElement":[{"@type":"ListItem","position":1,"name":"Home","item":"https:\/\/dewitwines.be\/fr\/accueil\/"},{"@type":"ListItem","position":2,"name":"Boutique","item":"https:\/\/dewitwines.be\/boutique\/"},{"@type":"ListItem","position":3,"name":"Canoubier &#8211; Rhum &#8211; \u00ab carribean \u00bb &#8211; 70cl"}]},{"@type":"WebSite","@id":"https:\/\/dewitwines.be\/nl\/#website","url":"https:\/\/dewitwines.be\/nl\/","name":"Dewit Wines","description":"We Know Wine","potentialAction":[{"@type":"SearchAction","target":{"@type":"EntryPoint","urlTemplate":"https:\/\/dewitwines.be\/nl\/?s={search_term_string}"},"query-input":{"@type":"PropertyValueSpecification","valueRequired":true,"valueName":"search_term_string"}}],"inLanguage":"fr-FR"}]}},"_links":{"self":[{"href":"https:\/\/dewitwines.be\/fr\/wp-json\/wp\/v2\/product\/44203","targetHints":{"allow":["GET"]}}],"collection":[{"href":"https:\/\/dewitwines.be\/fr\/wp-json\/wp\/v2\/product"}],"about":[{"href":"https:\/\/dewitwines.be\/fr\/wp-json\/wp\/v2\/types\/product"}],"replies":[{"embeddable":true,"href":"https:\/\/dewitwines.be\/fr\/wp-json\/wp\/v2\/comments?post=44203"}],"wp:featuredmedia":[{"embeddable":true,"href":"https:\/\/dewitwines.be\/fr\/wp-json\/wp\/v2\/media\/36495"}],"wp:attachment":[{"href":"https:\/\/dewitwines.be\/fr\/wp-json\/wp\/v2\/media?parent=44203"}],"wp:term":[{"taxonomy":"product_brand","embeddable":true,"href":"https:\/\/dewitwines.be\/fr\/wp-json\/wp\/v2\/product_brand?post=44203"},{"taxonomy":"product_cat","embeddable":true,"href":"https:\/\/dewitwines.be\/fr\/wp-json\/wp\/v2\/product_cat?post=44203"},{"taxonomy":"product_tag","embeddable":true,"href":"https:\/\/dewitwines.be\/fr\/wp-json\/wp\/v2\/product_tag?post=44203"}],"curies":[{"name":"wp","href":"https:\/\/api.w.org\/{rel}","templated":true}]}}