{"id":44189,"date":"2019-04-25T09:22:54","date_gmt":"2019-04-25T07:22:54","guid":{"rendered":"https:\/\/dewitwines.be\/product\/cardhu-amber-rock-70cl\/"},"modified":"2025-08-26T12:27:58","modified_gmt":"2025-08-26T10:27:58","slug":"cardhu-amber-rock-70cl","status":"publish","type":"product","link":"https:\/\/dewitwines.be\/fr\/produit\/cardhu-amber-rock-70cl\/","title":{"rendered":"Cardhu &#8220;Amber Rock&#8221; &#8211; 70cl"},"content":{"rendered":"","protected":false},"excerpt":{"rendered":"<p>Cardhu Amber Rock est un whisky qui m\u00e9rite toute l&#8217;attention. Comme tous les whiskies de Cardhu depuis 200 ans. Ce whisky a \u00e9t\u00e9 double vieilli en f\u00fbts de Bourbon. Cela permet d&#8217;obtenir un style extr\u00eamement doux, riche en vanille et en \u00e9pices d\u00e9licates. Le whisky de choix pour les amateurs d&#8217;un dram doux et chaleureux.    <\/p>\n","protected":false},"featured_media":0,"comment_status":"open","ping_status":"closed","template":"","meta":[],"product_brand":[],"product_cat":[4274,4475],"product_tag":[],"class_list":{"0":"post-44189","1":"product","2":"type-product","3":"status-publish","5":"product_cat-spiritueux","6":"product_cat-whisky-fr","7":"pa_alcohol-4270","8":"pa_fles-70cl","9":"pa_land-ecosse","10":"pa_regio-speyside","11":"pa_type-whisky-single-malt","13":"first","14":"outofstock","15":"taxable","16":"shipping-taxable","17":"purchasable","18":"product-type-simple"},"yoast_head":"<!-- This site is optimized with the Yoast SEO plugin v26.9 - https:\/\/yoast.com\/product\/yoast-seo-wordpress\/ -->\n<title>Cardhu &quot;Amber Rock&quot; - 70cl - Dewit Wines<\/title>\n<meta name=\"robots\" content=\"index, follow, max-snippet:-1, max-image-preview:large, max-video-preview:-1\" \/>\n<link rel=\"canonical\" href=\"https:\/\/dewitwines.be\/fr\/produit\/cardhu-amber-rock-70cl\/\" \/>\n<meta property=\"og:locale\" content=\"fr_FR\" \/>\n<meta property=\"og:type\" content=\"article\" \/>\n<meta property=\"og:title\" content=\"Cardhu &quot;Amber Rock&quot; - 70cl - Dewit Wines\" \/>\n<meta property=\"og:description\" content=\"Cardhu Amber Rock est un whisky qui m\u00e9rite toute l&#039;attention. Comme tous les whiskies de Cardhu depuis 200 ans. Ce whisky a \u00e9t\u00e9 double vieilli en f\u00fbts de Bourbon. Cela permet d&#039;obtenir un style extr\u00eamement doux, riche en vanille et en \u00e9pices d\u00e9licates. Le whisky de choix pour les amateurs d&#039;un dram doux et chaleureux.\" \/>\n<meta property=\"og:url\" content=\"https:\/\/dewitwines.be\/fr\/produit\/cardhu-amber-rock-70cl\/\" \/>\n<meta property=\"og:site_name\" content=\"Dewit Wines\" \/>\n<meta property=\"article:modified_time\" content=\"2025-08-26T10:27:58+00:00\" \/>\n<meta name=\"twitter:card\" content=\"summary_large_image\" \/>\n<script type=\"application\/ld+json\" class=\"yoast-schema-graph\">{\"@context\":\"https:\/\/schema.org\",\"@graph\":[{\"@type\":\"WebPage\",\"@id\":\"https:\/\/dewitwines.be\/fr\/produit\/cardhu-amber-rock-70cl\/\",\"url\":\"https:\/\/dewitwines.be\/fr\/produit\/cardhu-amber-rock-70cl\/\",\"name\":\"Cardhu \\\"Amber Rock\\\" - 70cl - Dewit Wines\",\"isPartOf\":{\"@id\":\"https:\/\/dewitwines.be\/nl\/#website\"},\"datePublished\":\"2019-04-25T07:22:54+00:00\",\"dateModified\":\"2025-08-26T10:27:58+00:00\",\"breadcrumb\":{\"@id\":\"https:\/\/dewitwines.be\/fr\/produit\/cardhu-amber-rock-70cl\/#breadcrumb\"},\"inLanguage\":\"fr-FR\",\"potentialAction\":[{\"@type\":\"ReadAction\",\"target\":[\"https:\/\/dewitwines.be\/fr\/produit\/cardhu-amber-rock-70cl\/\"]}]},{\"@type\":\"BreadcrumbList\",\"@id\":\"https:\/\/dewitwines.be\/fr\/produit\/cardhu-amber-rock-70cl\/#breadcrumb\",\"itemListElement\":[{\"@type\":\"ListItem\",\"position\":1,\"name\":\"Home\",\"item\":\"https:\/\/dewitwines.be\/fr\/accueil\/\"},{\"@type\":\"ListItem\",\"position\":2,\"name\":\"Boutique\",\"item\":\"https:\/\/dewitwines.be\/boutique\/\"},{\"@type\":\"ListItem\",\"position\":3,\"name\":\"Cardhu &#8220;Amber Rock&#8221; &#8211; 70cl\"}]},{\"@type\":\"WebSite\",\"@id\":\"https:\/\/dewitwines.be\/nl\/#website\",\"url\":\"https:\/\/dewitwines.be\/nl\/\",\"name\":\"Dewit Wines\",\"description\":\"We Know Wine\",\"potentialAction\":[{\"@type\":\"SearchAction\",\"target\":{\"@type\":\"EntryPoint\",\"urlTemplate\":\"https:\/\/dewitwines.be\/nl\/?s={search_term_string}\"},\"query-input\":{\"@type\":\"PropertyValueSpecification\",\"valueRequired\":true,\"valueName\":\"search_term_string\"}}],\"inLanguage\":\"fr-FR\"}]}<\/script>\n<!-- \/ Yoast SEO plugin. -->","yoast_head_json":{"title":"Cardhu \"Amber Rock\" - 70cl - Dewit Wines","robots":{"index":"index","follow":"follow","max-snippet":"max-snippet:-1","max-image-preview":"max-image-preview:large","max-video-preview":"max-video-preview:-1"},"canonical":"https:\/\/dewitwines.be\/fr\/produit\/cardhu-amber-rock-70cl\/","og_locale":"fr_FR","og_type":"article","og_title":"Cardhu \"Amber Rock\" - 70cl - Dewit Wines","og_description":"Cardhu Amber Rock est un whisky qui m\u00e9rite toute l'attention. Comme tous les whiskies de Cardhu depuis 200 ans. Ce whisky a \u00e9t\u00e9 double vieilli en f\u00fbts de Bourbon. Cela permet d'obtenir un style extr\u00eamement doux, riche en vanille et en \u00e9pices d\u00e9licates. Le whisky de choix pour les amateurs d'un dram doux et chaleureux.","og_url":"https:\/\/dewitwines.be\/fr\/produit\/cardhu-amber-rock-70cl\/","og_site_name":"Dewit Wines","article_modified_time":"2025-08-26T10:27:58+00:00","twitter_card":"summary_large_image","schema":{"@context":"https:\/\/schema.org","@graph":[{"@type":"WebPage","@id":"https:\/\/dewitwines.be\/fr\/produit\/cardhu-amber-rock-70cl\/","url":"https:\/\/dewitwines.be\/fr\/produit\/cardhu-amber-rock-70cl\/","name":"Cardhu \"Amber Rock\" - 70cl - Dewit Wines","isPartOf":{"@id":"https:\/\/dewitwines.be\/nl\/#website"},"datePublished":"2019-04-25T07:22:54+00:00","dateModified":"2025-08-26T10:27:58+00:00","breadcrumb":{"@id":"https:\/\/dewitwines.be\/fr\/produit\/cardhu-amber-rock-70cl\/#breadcrumb"},"inLanguage":"fr-FR","potentialAction":[{"@type":"ReadAction","target":["https:\/\/dewitwines.be\/fr\/produit\/cardhu-amber-rock-70cl\/"]}]},{"@type":"BreadcrumbList","@id":"https:\/\/dewitwines.be\/fr\/produit\/cardhu-amber-rock-70cl\/#breadcrumb","itemListElement":[{"@type":"ListItem","position":1,"name":"Home","item":"https:\/\/dewitwines.be\/fr\/accueil\/"},{"@type":"ListItem","position":2,"name":"Boutique","item":"https:\/\/dewitwines.be\/boutique\/"},{"@type":"ListItem","position":3,"name":"Cardhu &#8220;Amber Rock&#8221; &#8211; 70cl"}]},{"@type":"WebSite","@id":"https:\/\/dewitwines.be\/nl\/#website","url":"https:\/\/dewitwines.be\/nl\/","name":"Dewit Wines","description":"We Know Wine","potentialAction":[{"@type":"SearchAction","target":{"@type":"EntryPoint","urlTemplate":"https:\/\/dewitwines.be\/nl\/?s={search_term_string}"},"query-input":{"@type":"PropertyValueSpecification","valueRequired":true,"valueName":"search_term_string"}}],"inLanguage":"fr-FR"}]}},"_links":{"self":[{"href":"https:\/\/dewitwines.be\/fr\/wp-json\/wp\/v2\/product\/44189","targetHints":{"allow":["GET"]}}],"collection":[{"href":"https:\/\/dewitwines.be\/fr\/wp-json\/wp\/v2\/product"}],"about":[{"href":"https:\/\/dewitwines.be\/fr\/wp-json\/wp\/v2\/types\/product"}],"replies":[{"embeddable":true,"href":"https:\/\/dewitwines.be\/fr\/wp-json\/wp\/v2\/comments?post=44189"}],"wp:attachment":[{"href":"https:\/\/dewitwines.be\/fr\/wp-json\/wp\/v2\/media?parent=44189"}],"wp:term":[{"taxonomy":"product_brand","embeddable":true,"href":"https:\/\/dewitwines.be\/fr\/wp-json\/wp\/v2\/product_brand?post=44189"},{"taxonomy":"product_cat","embeddable":true,"href":"https:\/\/dewitwines.be\/fr\/wp-json\/wp\/v2\/product_cat?post=44189"},{"taxonomy":"product_tag","embeddable":true,"href":"https:\/\/dewitwines.be\/fr\/wp-json\/wp\/v2\/product_tag?post=44189"}],"curies":[{"name":"wp","href":"https:\/\/api.w.org\/{rel}","templated":true}]}}