{"id":43922,"date":"2017-07-24T00:00:00","date_gmt":"2017-07-23T22:00:00","guid":{"rendered":"https:\/\/dewitwines.be\/product\/connemara-12-ans-peated-single-malt-70cl\/"},"modified":"2025-08-26T12:21:54","modified_gmt":"2025-08-26T10:21:54","slug":"connemara-12-ans-peated-single-malt-70cl","status":"publish","type":"product","link":"https:\/\/dewitwines.be\/fr\/produit\/connemara-12-ans-peated-single-malt-70cl\/","title":{"rendered":"Connemara \u00ab 12 ans Peated Single Malt \u00bb &#8211; 70cl"},"content":{"rendered":"","protected":false},"excerpt":{"rendered":"<div class=\"product-detail--imagewrapper\">\n<p>Connemara est distill\u00e9 \u00e0 la distillerie Cooley. C&#8217;est un Single Malt irlandais qui pr\u00e9sente un caract\u00e8re tr\u00e8s tourb\u00e9 et rappelle ainsi un whisky d&#8217;Islay d&#8217;\u00c9cosse. Cooley se trouve d&#8217;ailleurs sur une p\u00e9ninsule au nord-est de l&#8217;Irlande. La plupart des whiskeys irlandais sont distill\u00e9s trois fois, mais pas chez Connemara o\u00f9 ils s&#8217;en tiennent \u00e0 deux distillations.   <\/p>\n<p>Ce whiskey fait partie des meilleurs produits en Irlande. Tr\u00e8s \u00e9quilibr\u00e9 avec de belles notes de miel, de noisette, de fruits secs et naturellement de tourbe. <\/p>\n<\/div>\n","protected":false},"featured_media":0,"comment_status":"closed","ping_status":"closed","template":"","meta":[],"product_brand":[],"product_cat":[4274,4475],"product_tag":[],"class_list":{"0":"post-43922","1":"product","2":"type-product","3":"status-publish","5":"product_cat-spiritueux","6":"product_cat-whisky-fr","7":"pa_alcohol-4270","8":"pa_fles-70cl","9":"pa_land-irlande","10":"pa_regio-islay","11":"pa_type-spirits-whisky","12":"pa_type-whisky-single-malt","14":"first","15":"instock","16":"taxable","17":"shipping-taxable","18":"purchasable","19":"product-type-simple"},"yoast_head":"<!-- This site is optimized with the Yoast SEO plugin v26.9 - https:\/\/yoast.com\/product\/yoast-seo-wordpress\/ -->\n<title>Connemara \u00ab 12 ans Peated Single Malt \u00bb - 70cl - Dewit Wines<\/title>\n<meta name=\"robots\" content=\"index, follow, max-snippet:-1, max-image-preview:large, max-video-preview:-1\" \/>\n<link rel=\"canonical\" href=\"https:\/\/dewitwines.be\/fr\/produit\/connemara-12-ans-peated-single-malt-70cl\/\" \/>\n<meta property=\"og:locale\" content=\"fr_FR\" \/>\n<meta property=\"og:type\" content=\"article\" \/>\n<meta property=\"og:title\" content=\"Connemara \u00ab 12 ans Peated Single Malt \u00bb - 70cl - Dewit Wines\" \/>\n<meta property=\"og:description\" content=\"Connemara est distill\u00e9 \u00e0 la distillerie Cooley. C&#039;est un Single Malt irlandais qui pr\u00e9sente un caract\u00e8re tr\u00e8s tourb\u00e9 et rappelle ainsi un whisky d&#039;Islay d&#039;\u00c9cosse. Cooley se trouve d&#039;ailleurs sur une p\u00e9ninsule au nord-est de l&#039;Irlande. La plupart des whiskeys irlandais sont distill\u00e9s trois fois, mais pas chez Connemara o\u00f9 ils s&#039;en tiennent \u00e0 deux distillations.   Ce whiskey fait partie des meilleurs produits en Irlande. Tr\u00e8s \u00e9quilibr\u00e9 avec de belles notes de miel, de noisette, de fruits secs et naturellement de tourbe.\" \/>\n<meta property=\"og:url\" content=\"https:\/\/dewitwines.be\/fr\/produit\/connemara-12-ans-peated-single-malt-70cl\/\" \/>\n<meta property=\"og:site_name\" content=\"Dewit Wines\" \/>\n<meta property=\"article:modified_time\" content=\"2025-08-26T10:21:54+00:00\" \/>\n<meta name=\"twitter:card\" content=\"summary_large_image\" \/>\n<script type=\"application\/ld+json\" class=\"yoast-schema-graph\">{\"@context\":\"https:\/\/schema.org\",\"@graph\":[{\"@type\":\"WebPage\",\"@id\":\"https:\/\/dewitwines.be\/fr\/produit\/connemara-12-ans-peated-single-malt-70cl\/\",\"url\":\"https:\/\/dewitwines.be\/fr\/produit\/connemara-12-ans-peated-single-malt-70cl\/\",\"name\":\"Connemara \u00ab 12 ans Peated Single Malt \u00bb - 70cl - Dewit Wines\",\"isPartOf\":{\"@id\":\"https:\/\/dewitwines.be\/nl\/#website\"},\"datePublished\":\"2017-07-23T22:00:00+00:00\",\"dateModified\":\"2025-08-26T10:21:54+00:00\",\"breadcrumb\":{\"@id\":\"https:\/\/dewitwines.be\/fr\/produit\/connemara-12-ans-peated-single-malt-70cl\/#breadcrumb\"},\"inLanguage\":\"fr-FR\",\"potentialAction\":[{\"@type\":\"ReadAction\",\"target\":[\"https:\/\/dewitwines.be\/fr\/produit\/connemara-12-ans-peated-single-malt-70cl\/\"]}]},{\"@type\":\"BreadcrumbList\",\"@id\":\"https:\/\/dewitwines.be\/fr\/produit\/connemara-12-ans-peated-single-malt-70cl\/#breadcrumb\",\"itemListElement\":[{\"@type\":\"ListItem\",\"position\":1,\"name\":\"Home\",\"item\":\"https:\/\/dewitwines.be\/fr\/accueil\/\"},{\"@type\":\"ListItem\",\"position\":2,\"name\":\"Boutique\",\"item\":\"https:\/\/dewitwines.be\/boutique\/\"},{\"@type\":\"ListItem\",\"position\":3,\"name\":\"Connemara \u00ab 12 ans Peated Single Malt \u00bb &#8211; 70cl\"}]},{\"@type\":\"WebSite\",\"@id\":\"https:\/\/dewitwines.be\/nl\/#website\",\"url\":\"https:\/\/dewitwines.be\/nl\/\",\"name\":\"Dewit Wines\",\"description\":\"We Know Wine\",\"potentialAction\":[{\"@type\":\"SearchAction\",\"target\":{\"@type\":\"EntryPoint\",\"urlTemplate\":\"https:\/\/dewitwines.be\/nl\/?s={search_term_string}\"},\"query-input\":{\"@type\":\"PropertyValueSpecification\",\"valueRequired\":true,\"valueName\":\"search_term_string\"}}],\"inLanguage\":\"fr-FR\"}]}<\/script>\n<!-- \/ Yoast SEO plugin. -->","yoast_head_json":{"title":"Connemara \u00ab 12 ans Peated Single Malt \u00bb - 70cl - Dewit Wines","robots":{"index":"index","follow":"follow","max-snippet":"max-snippet:-1","max-image-preview":"max-image-preview:large","max-video-preview":"max-video-preview:-1"},"canonical":"https:\/\/dewitwines.be\/fr\/produit\/connemara-12-ans-peated-single-malt-70cl\/","og_locale":"fr_FR","og_type":"article","og_title":"Connemara \u00ab 12 ans Peated Single Malt \u00bb - 70cl - Dewit Wines","og_description":"Connemara est distill\u00e9 \u00e0 la distillerie Cooley. C'est un Single Malt irlandais qui pr\u00e9sente un caract\u00e8re tr\u00e8s tourb\u00e9 et rappelle ainsi un whisky d'Islay d'\u00c9cosse. Cooley se trouve d'ailleurs sur une p\u00e9ninsule au nord-est de l'Irlande. La plupart des whiskeys irlandais sont distill\u00e9s trois fois, mais pas chez Connemara o\u00f9 ils s'en tiennent \u00e0 deux distillations.   Ce whiskey fait partie des meilleurs produits en Irlande. Tr\u00e8s \u00e9quilibr\u00e9 avec de belles notes de miel, de noisette, de fruits secs et naturellement de tourbe.","og_url":"https:\/\/dewitwines.be\/fr\/produit\/connemara-12-ans-peated-single-malt-70cl\/","og_site_name":"Dewit Wines","article_modified_time":"2025-08-26T10:21:54+00:00","twitter_card":"summary_large_image","schema":{"@context":"https:\/\/schema.org","@graph":[{"@type":"WebPage","@id":"https:\/\/dewitwines.be\/fr\/produit\/connemara-12-ans-peated-single-malt-70cl\/","url":"https:\/\/dewitwines.be\/fr\/produit\/connemara-12-ans-peated-single-malt-70cl\/","name":"Connemara \u00ab 12 ans Peated Single Malt \u00bb - 70cl - Dewit Wines","isPartOf":{"@id":"https:\/\/dewitwines.be\/nl\/#website"},"datePublished":"2017-07-23T22:00:00+00:00","dateModified":"2025-08-26T10:21:54+00:00","breadcrumb":{"@id":"https:\/\/dewitwines.be\/fr\/produit\/connemara-12-ans-peated-single-malt-70cl\/#breadcrumb"},"inLanguage":"fr-FR","potentialAction":[{"@type":"ReadAction","target":["https:\/\/dewitwines.be\/fr\/produit\/connemara-12-ans-peated-single-malt-70cl\/"]}]},{"@type":"BreadcrumbList","@id":"https:\/\/dewitwines.be\/fr\/produit\/connemara-12-ans-peated-single-malt-70cl\/#breadcrumb","itemListElement":[{"@type":"ListItem","position":1,"name":"Home","item":"https:\/\/dewitwines.be\/fr\/accueil\/"},{"@type":"ListItem","position":2,"name":"Boutique","item":"https:\/\/dewitwines.be\/boutique\/"},{"@type":"ListItem","position":3,"name":"Connemara \u00ab 12 ans Peated Single Malt \u00bb &#8211; 70cl"}]},{"@type":"WebSite","@id":"https:\/\/dewitwines.be\/nl\/#website","url":"https:\/\/dewitwines.be\/nl\/","name":"Dewit Wines","description":"We Know Wine","potentialAction":[{"@type":"SearchAction","target":{"@type":"EntryPoint","urlTemplate":"https:\/\/dewitwines.be\/nl\/?s={search_term_string}"},"query-input":{"@type":"PropertyValueSpecification","valueRequired":true,"valueName":"search_term_string"}}],"inLanguage":"fr-FR"}]}},"_links":{"self":[{"href":"https:\/\/dewitwines.be\/fr\/wp-json\/wp\/v2\/product\/43922","targetHints":{"allow":["GET"]}}],"collection":[{"href":"https:\/\/dewitwines.be\/fr\/wp-json\/wp\/v2\/product"}],"about":[{"href":"https:\/\/dewitwines.be\/fr\/wp-json\/wp\/v2\/types\/product"}],"replies":[{"embeddable":true,"href":"https:\/\/dewitwines.be\/fr\/wp-json\/wp\/v2\/comments?post=43922"}],"wp:attachment":[{"href":"https:\/\/dewitwines.be\/fr\/wp-json\/wp\/v2\/media?parent=43922"}],"wp:term":[{"taxonomy":"product_brand","embeddable":true,"href":"https:\/\/dewitwines.be\/fr\/wp-json\/wp\/v2\/product_brand?post=43922"},{"taxonomy":"product_cat","embeddable":true,"href":"https:\/\/dewitwines.be\/fr\/wp-json\/wp\/v2\/product_cat?post=43922"},{"taxonomy":"product_tag","embeddable":true,"href":"https:\/\/dewitwines.be\/fr\/wp-json\/wp\/v2\/product_tag?post=43922"}],"curies":[{"name":"wp","href":"https:\/\/api.w.org\/{rel}","templated":true}]}}