{"id":43906,"date":"2017-07-24T00:00:00","date_gmt":"2017-07-23T22:00:00","guid":{"rendered":"https:\/\/dewitwines.be\/product\/jack-daniels-sinatra-select-100-cl\/"},"modified":"2025-08-26T12:21:41","modified_gmt":"2025-08-26T10:21:41","slug":"jack-daniels-sinatra-select-100-cl","status":"publish","type":"product","link":"https:\/\/dewitwines.be\/fr\/produit\/jack-daniels-sinatra-select-100-cl\/","title":{"rendered":"Jack Daniel&#8217;s &#8220;Sinatra Select&#8221; &#8211; 100 cl"},"content":{"rendered":"<div class=\"product-detail--imagewrapper\"><\/div>\n","protected":false},"excerpt":{"rendered":"<p>La distillerie de Jack Daniel \u00ab s fut fond\u00e9e en 1875 \u00e0 Lynchburg, Tennessee par Jasper Newton. Il naquit en 1850 dans une famille de treize enfants, et obtint d\u00e9j\u00e0 sa licence de distillation \u00e0 l&#8217;\u00e2ge de 16 ans. Apr\u00e8s sa mort en 1911, l&#8217;entreprise passa entre les mains de son neveu Lem Motlow, c&#8217;est encore son entreprise qui g\u00e8re les int\u00e9r\u00eats de Jack Daniel \u00bb s.  <\/p>\n<p>Ce Jack Daniel&#8217;s est un hommage \u00e0 l&#8217;un des consommateurs de Jack Daniel&#8217;s les plus c\u00e9l\u00e8bres au monde : Monsieur Frank Sinatra. Ce whisky vieillit dans des f\u00fbts avec une structure particuli\u00e8re du bois, ils poss\u00e8dent en effet des rainures profondes permettant au whisky d&#8217;avoir plus de contact avec le bois. Ces f\u00fbts sont appel\u00e9s \u00ab Sinatra barrels \u00bb chez Jack Daniel&#8217;s.  <\/p>\n","protected":false},"featured_media":43907,"comment_status":"closed","ping_status":"closed","template":"","meta":[],"product_brand":[],"product_cat":[4274,4475],"product_tag":[],"class_list":{"0":"post-43906","1":"product","2":"type-product","3":"status-publish","4":"has-post-thumbnail","6":"product_cat-spiritueux","7":"product_cat-whisky-fr","8":"pa_alcohol-4276","9":"pa_fles-100cl","10":"pa_land-amerique","11":"pa_regio-tennessee","12":"pa_type-spirits-whisky","13":"pa_type-whisky-whisky-du-tennessee","15":"first","16":"instock","17":"taxable","18":"shipping-taxable","19":"purchasable","20":"product-type-simple"},"yoast_head":"<!-- This site is optimized with the Yoast SEO plugin v26.9 - https:\/\/yoast.com\/product\/yoast-seo-wordpress\/ -->\n<title>Jack Daniel&#039;s &quot;Sinatra Select&quot; - 100 cl - Dewit Wines<\/title>\n<meta name=\"robots\" content=\"index, follow, max-snippet:-1, max-image-preview:large, max-video-preview:-1\" \/>\n<link rel=\"canonical\" href=\"https:\/\/dewitwines.be\/product\/jack-daniels-sinatra-select-100-cl\/\" \/>\n<meta property=\"og:locale\" content=\"fr_FR\" \/>\n<meta property=\"og:type\" content=\"article\" \/>\n<meta property=\"og:title\" content=\"Jack Daniel&#039;s &quot;Sinatra Select&quot; - 100 cl - Dewit Wines\" \/>\n<meta property=\"og:description\" content=\"La distillerie de Jack Daniel \u00ab s fut fond\u00e9e en 1875 \u00e0 Lynchburg, Tennessee par Jasper Newton. Il naquit en 1850 dans une famille de treize enfants, et obtint d\u00e9j\u00e0 sa licence de distillation \u00e0 l&#039;\u00e2ge de 16 ans. Apr\u00e8s sa mort en 1911, l&#039;entreprise passa entre les mains de son neveu Lem Motlow, c&#039;est encore son entreprise qui g\u00e8re les int\u00e9r\u00eats de Jack Daniel \u00bb s.  Ce Jack Daniel&#039;s est un hommage \u00e0 l&#039;un des consommateurs de Jack Daniel&#039;s les plus c\u00e9l\u00e8bres au monde : Monsieur Frank Sinatra. Ce whisky vieillit dans des f\u00fbts avec une structure particuli\u00e8re du bois, ils poss\u00e8dent en effet des rainures profondes permettant au whisky d&#039;avoir plus de contact avec le bois. Ces f\u00fbts sont appel\u00e9s \u00ab Sinatra barrels \u00bb chez Jack Daniel&#039;s.\" \/>\n<meta property=\"og:url\" content=\"https:\/\/dewitwines.be\/product\/jack-daniels-sinatra-select-100-cl\/\" \/>\n<meta property=\"og:site_name\" content=\"Dewit Wines\" \/>\n<meta property=\"article:modified_time\" content=\"2025-08-26T10:21:41+00:00\" \/>\n<meta name=\"twitter:card\" content=\"summary_large_image\" \/>\n<script type=\"application\/ld+json\" class=\"yoast-schema-graph\">{\"@context\":\"https:\/\/schema.org\",\"@graph\":[{\"@type\":\"WebPage\",\"@id\":\"https:\/\/dewitwines.be\/product\/jack-daniels-sinatra-select-100-cl\/\",\"url\":\"https:\/\/dewitwines.be\/product\/jack-daniels-sinatra-select-100-cl\/\",\"name\":\"Jack Daniel's \\\"Sinatra Select\\\" - 100 cl - Dewit Wines\",\"isPartOf\":{\"@id\":\"https:\/\/dewitwines.be\/nl\/#website\"},\"primaryImageOfPage\":{\"@id\":\"https:\/\/dewitwines.be\/product\/jack-daniels-sinatra-select-100-cl\/#primaryimage\"},\"image\":{\"@id\":\"https:\/\/dewitwines.be\/product\/jack-daniels-sinatra-select-100-cl\/#primaryimage\"},\"thumbnailUrl\":\"https:\/\/dewitwines.be\/wp-content\/uploads\/2025\/07\/00017167-8.jpg\",\"datePublished\":\"2017-07-23T22:00:00+00:00\",\"dateModified\":\"2025-08-26T10:21:41+00:00\",\"breadcrumb\":{\"@id\":\"https:\/\/dewitwines.be\/product\/jack-daniels-sinatra-select-100-cl\/#breadcrumb\"},\"inLanguage\":\"fr-FR\",\"potentialAction\":[{\"@type\":\"ReadAction\",\"target\":[\"https:\/\/dewitwines.be\/product\/jack-daniels-sinatra-select-100-cl\/\"]}]},{\"@type\":\"ImageObject\",\"inLanguage\":\"fr-FR\",\"@id\":\"https:\/\/dewitwines.be\/product\/jack-daniels-sinatra-select-100-cl\/#primaryimage\",\"url\":\"https:\/\/dewitwines.be\/wp-content\/uploads\/2025\/07\/00017167-8.jpg\",\"contentUrl\":\"https:\/\/dewitwines.be\/wp-content\/uploads\/2025\/07\/00017167-8.jpg\",\"width\":225,\"height\":402},{\"@type\":\"BreadcrumbList\",\"@id\":\"https:\/\/dewitwines.be\/product\/jack-daniels-sinatra-select-100-cl\/#breadcrumb\",\"itemListElement\":[{\"@type\":\"ListItem\",\"position\":1,\"name\":\"Home\",\"item\":\"https:\/\/dewitwines.be\/fr\/accueil\/\"},{\"@type\":\"ListItem\",\"position\":2,\"name\":\"Boutique\",\"item\":\"https:\/\/dewitwines.be\/boutique\/\"},{\"@type\":\"ListItem\",\"position\":3,\"name\":\"Jack Daniel&#8217;s &#8220;Sinatra Select&#8221; &#8211; 100 cl\"}]},{\"@type\":\"WebSite\",\"@id\":\"https:\/\/dewitwines.be\/nl\/#website\",\"url\":\"https:\/\/dewitwines.be\/nl\/\",\"name\":\"Dewit Wines\",\"description\":\"We Know Wine\",\"potentialAction\":[{\"@type\":\"SearchAction\",\"target\":{\"@type\":\"EntryPoint\",\"urlTemplate\":\"https:\/\/dewitwines.be\/nl\/?s={search_term_string}\"},\"query-input\":{\"@type\":\"PropertyValueSpecification\",\"valueRequired\":true,\"valueName\":\"search_term_string\"}}],\"inLanguage\":\"fr-FR\"}]}<\/script>\n<!-- \/ Yoast SEO plugin. -->","yoast_head_json":{"title":"Jack Daniel's \"Sinatra Select\" - 100 cl - Dewit Wines","robots":{"index":"index","follow":"follow","max-snippet":"max-snippet:-1","max-image-preview":"max-image-preview:large","max-video-preview":"max-video-preview:-1"},"canonical":"https:\/\/dewitwines.be\/product\/jack-daniels-sinatra-select-100-cl\/","og_locale":"fr_FR","og_type":"article","og_title":"Jack Daniel's \"Sinatra Select\" - 100 cl - Dewit Wines","og_description":"La distillerie de Jack Daniel \u00ab s fut fond\u00e9e en 1875 \u00e0 Lynchburg, Tennessee par Jasper Newton. Il naquit en 1850 dans une famille de treize enfants, et obtint d\u00e9j\u00e0 sa licence de distillation \u00e0 l'\u00e2ge de 16 ans. Apr\u00e8s sa mort en 1911, l'entreprise passa entre les mains de son neveu Lem Motlow, c'est encore son entreprise qui g\u00e8re les int\u00e9r\u00eats de Jack Daniel \u00bb s.  Ce Jack Daniel's est un hommage \u00e0 l'un des consommateurs de Jack Daniel's les plus c\u00e9l\u00e8bres au monde : Monsieur Frank Sinatra. Ce whisky vieillit dans des f\u00fbts avec une structure particuli\u00e8re du bois, ils poss\u00e8dent en effet des rainures profondes permettant au whisky d'avoir plus de contact avec le bois. Ces f\u00fbts sont appel\u00e9s \u00ab Sinatra barrels \u00bb chez Jack Daniel's.","og_url":"https:\/\/dewitwines.be\/product\/jack-daniels-sinatra-select-100-cl\/","og_site_name":"Dewit Wines","article_modified_time":"2025-08-26T10:21:41+00:00","twitter_card":"summary_large_image","schema":{"@context":"https:\/\/schema.org","@graph":[{"@type":"WebPage","@id":"https:\/\/dewitwines.be\/product\/jack-daniels-sinatra-select-100-cl\/","url":"https:\/\/dewitwines.be\/product\/jack-daniels-sinatra-select-100-cl\/","name":"Jack Daniel's \"Sinatra Select\" - 100 cl - Dewit Wines","isPartOf":{"@id":"https:\/\/dewitwines.be\/nl\/#website"},"primaryImageOfPage":{"@id":"https:\/\/dewitwines.be\/product\/jack-daniels-sinatra-select-100-cl\/#primaryimage"},"image":{"@id":"https:\/\/dewitwines.be\/product\/jack-daniels-sinatra-select-100-cl\/#primaryimage"},"thumbnailUrl":"https:\/\/dewitwines.be\/wp-content\/uploads\/2025\/07\/00017167-8.jpg","datePublished":"2017-07-23T22:00:00+00:00","dateModified":"2025-08-26T10:21:41+00:00","breadcrumb":{"@id":"https:\/\/dewitwines.be\/product\/jack-daniels-sinatra-select-100-cl\/#breadcrumb"},"inLanguage":"fr-FR","potentialAction":[{"@type":"ReadAction","target":["https:\/\/dewitwines.be\/product\/jack-daniels-sinatra-select-100-cl\/"]}]},{"@type":"ImageObject","inLanguage":"fr-FR","@id":"https:\/\/dewitwines.be\/product\/jack-daniels-sinatra-select-100-cl\/#primaryimage","url":"https:\/\/dewitwines.be\/wp-content\/uploads\/2025\/07\/00017167-8.jpg","contentUrl":"https:\/\/dewitwines.be\/wp-content\/uploads\/2025\/07\/00017167-8.jpg","width":225,"height":402},{"@type":"BreadcrumbList","@id":"https:\/\/dewitwines.be\/product\/jack-daniels-sinatra-select-100-cl\/#breadcrumb","itemListElement":[{"@type":"ListItem","position":1,"name":"Home","item":"https:\/\/dewitwines.be\/fr\/accueil\/"},{"@type":"ListItem","position":2,"name":"Boutique","item":"https:\/\/dewitwines.be\/boutique\/"},{"@type":"ListItem","position":3,"name":"Jack Daniel&#8217;s &#8220;Sinatra Select&#8221; &#8211; 100 cl"}]},{"@type":"WebSite","@id":"https:\/\/dewitwines.be\/nl\/#website","url":"https:\/\/dewitwines.be\/nl\/","name":"Dewit Wines","description":"We Know Wine","potentialAction":[{"@type":"SearchAction","target":{"@type":"EntryPoint","urlTemplate":"https:\/\/dewitwines.be\/nl\/?s={search_term_string}"},"query-input":{"@type":"PropertyValueSpecification","valueRequired":true,"valueName":"search_term_string"}}],"inLanguage":"fr-FR"}]}},"_links":{"self":[{"href":"https:\/\/dewitwines.be\/fr\/wp-json\/wp\/v2\/product\/43906","targetHints":{"allow":["GET"]}}],"collection":[{"href":"https:\/\/dewitwines.be\/fr\/wp-json\/wp\/v2\/product"}],"about":[{"href":"https:\/\/dewitwines.be\/fr\/wp-json\/wp\/v2\/types\/product"}],"replies":[{"embeddable":true,"href":"https:\/\/dewitwines.be\/fr\/wp-json\/wp\/v2\/comments?post=43906"}],"wp:featuredmedia":[{"embeddable":true,"href":"https:\/\/dewitwines.be\/fr\/wp-json\/wp\/v2\/media\/43907"}],"wp:attachment":[{"href":"https:\/\/dewitwines.be\/fr\/wp-json\/wp\/v2\/media?parent=43906"}],"wp:term":[{"taxonomy":"product_brand","embeddable":true,"href":"https:\/\/dewitwines.be\/fr\/wp-json\/wp\/v2\/product_brand?post=43906"},{"taxonomy":"product_cat","embeddable":true,"href":"https:\/\/dewitwines.be\/fr\/wp-json\/wp\/v2\/product_cat?post=43906"},{"taxonomy":"product_tag","embeddable":true,"href":"https:\/\/dewitwines.be\/fr\/wp-json\/wp\/v2\/product_tag?post=43906"}],"curies":[{"name":"wp","href":"https:\/\/api.w.org\/{rel}","templated":true}]}}