{"id":43845,"date":"2017-07-25T00:00:00","date_gmt":"2017-07-24T22:00:00","guid":{"rendered":"https:\/\/dewitwines.be\/product\/trois-rivieres-v-o-cuvee-du-moulin-rhum-agricole-martinique-70cl\/"},"modified":"2025-08-26T12:21:05","modified_gmt":"2025-08-26T10:21:05","slug":"trois-rivieres-v-o-cuvee-du-moulin-rhum-agricole-martinique-70cl","status":"publish","type":"product","link":"https:\/\/dewitwines.be\/fr\/produit\/trois-rivieres-v-o-cuvee-du-moulin-rhum-agricole-martinique-70cl\/","title":{"rendered":"Trois Rivi\u00e8res \u00ab v.o. Cuv\u00e9e Du Moulin \u00bb Rhum Agricole Martinique &#8211; 70cl"},"content":{"rendered":"","protected":false},"excerpt":{"rendered":"<p>L&#8217;histoire de Trois Rivi\u00e8res remonte \u00e0 plus de 350 ans. En 1660, le surintendant des finances de Louis XIV, Nicolas Fouquet, s&#8217;appropria un domaine de plus de 2000 hectares dans le sud de la Martinique. Il tomba en disgr\u00e2ce juste avant de pouvoir r\u00e9aliser son r\u00eave de fonder son propre royaume. Le domaine changea souvent de propri\u00e9taire au fil des ann\u00e9es et d\u00e9veloppa une solide r\u00e9putation dans le domaine du sucre. Pas moins de trois raffineries y furent cr\u00e9\u00e9es. En 1785, le domaine passa entre les mains d&#8217;un puissant propri\u00e9taire terrien du nord de l&#8217;\u00eele, Etienne Isa\u00efe Marraud Des Grottes, qui ajouta la production de rhum aux activit\u00e9s des raffineries. En 1905, Am\u00e9d\u00e9e Aub\u00e9ry, un industriel reconnu, prit les r\u00eanes de Trois Rivi\u00e8res et arr\u00eata la production de sucre. Le rhum devint d\u00e8s lors le seul produit fabriqu\u00e9 \u00e0 Trois Rivi\u00e8res. Son fils d\u00e9cida en 1940 de passer du rhum au rhum agricole \u00e0 base de jus de canne \u00e0 sucre frais et non plus de m\u00e9lasse. Aujourd&#8217;hui, Trois Rivi\u00e8res est devenu une r\u00e9f\u00e9rence parmi les amateurs de rhum du monde entier.<br \/>\nLa Cuv\u00e9e du Moulin est un rhum assez puissant. Au nez, on retrouve principalement des notes de poivre blanc, de bois et d&#8217;autres \u00e9pices. En bouche \u00e9galement, on retrouve ce caract\u00e8re bois\u00e9 et \u00e9pic\u00e9, la finale min\u00e9rale s&#8217;y accorde parfaitement.           <\/p>\n","protected":false},"featured_media":0,"comment_status":"closed","ping_status":"closed","template":"","meta":[],"product_brand":[],"product_cat":[4427,4274],"product_tag":[],"class_list":{"0":"post-43845","1":"product","2":"type-product","3":"status-publish","5":"product_cat-rhum","6":"product_cat-spiritueux","7":"pa_alcohol-4270","8":"pa_fles-70cl","9":"pa_land-martinique","10":"pa_regio-aragua","11":"pa_type-rum-rhum-agricole","12":"pa_type-spirits-rhum","14":"first","15":"instock","16":"taxable","17":"shipping-taxable","18":"purchasable","19":"product-type-simple"},"yoast_head":"<!-- This site is optimized with the Yoast SEO plugin v26.9 - https:\/\/yoast.com\/product\/yoast-seo-wordpress\/ -->\n<title>Trois Rivi\u00e8res \u00ab v.o. Cuv\u00e9e Du Moulin \u00bb Rhum Agricole Martinique - 70cl - Dewit Wines<\/title>\n<meta name=\"robots\" content=\"index, follow, max-snippet:-1, max-image-preview:large, max-video-preview:-1\" \/>\n<link rel=\"canonical\" href=\"https:\/\/dewitwines.be\/fr\/produit\/trois-rivieres-v-o-cuvee-du-moulin-rhum-agricole-martinique-70cl\/\" \/>\n<meta property=\"og:locale\" content=\"fr_FR\" \/>\n<meta property=\"og:type\" content=\"article\" \/>\n<meta property=\"og:title\" content=\"Trois Rivi\u00e8res \u00ab v.o. Cuv\u00e9e Du Moulin \u00bb Rhum Agricole Martinique - 70cl - Dewit Wines\" \/>\n<meta property=\"og:description\" content=\"L&#039;histoire de Trois Rivi\u00e8res remonte \u00e0 plus de 350 ans. En 1660, le surintendant des finances de Louis XIV, Nicolas Fouquet, s&#039;appropria un domaine de plus de 2000 hectares dans le sud de la Martinique. Il tomba en disgr\u00e2ce juste avant de pouvoir r\u00e9aliser son r\u00eave de fonder son propre royaume. Le domaine changea souvent de propri\u00e9taire au fil des ann\u00e9es et d\u00e9veloppa une solide r\u00e9putation dans le domaine du sucre. Pas moins de trois raffineries y furent cr\u00e9\u00e9es. En 1785, le domaine passa entre les mains d&#039;un puissant propri\u00e9taire terrien du nord de l&#039;\u00eele, Etienne Isa\u00efe Marraud Des Grottes, qui ajouta la production de rhum aux activit\u00e9s des raffineries. En 1905, Am\u00e9d\u00e9e Aub\u00e9ry, un industriel reconnu, prit les r\u00eanes de Trois Rivi\u00e8res et arr\u00eata la production de sucre. Le rhum devint d\u00e8s lors le seul produit fabriqu\u00e9 \u00e0 Trois Rivi\u00e8res. Son fils d\u00e9cida en 1940 de passer du rhum au rhum agricole \u00e0 base de jus de canne \u00e0 sucre frais et non plus de m\u00e9lasse. Aujourd&#039;hui, Trois Rivi\u00e8res est devenu une r\u00e9f\u00e9rence parmi les amateurs de rhum du monde entier. La Cuv\u00e9e du Moulin est un rhum assez puissant. Au nez, on retrouve principalement des notes de poivre blanc, de bois et d&#039;autres \u00e9pices. En bouche \u00e9galement, on retrouve ce caract\u00e8re bois\u00e9 et \u00e9pic\u00e9, la finale min\u00e9rale s&#039;y accorde parfaitement.\" \/>\n<meta property=\"og:url\" content=\"https:\/\/dewitwines.be\/fr\/produit\/trois-rivieres-v-o-cuvee-du-moulin-rhum-agricole-martinique-70cl\/\" \/>\n<meta property=\"og:site_name\" content=\"Dewit Wines\" \/>\n<meta property=\"article:modified_time\" content=\"2025-08-26T10:21:05+00:00\" \/>\n<meta name=\"twitter:card\" content=\"summary_large_image\" \/>\n<script type=\"application\/ld+json\" class=\"yoast-schema-graph\">{\"@context\":\"https:\/\/schema.org\",\"@graph\":[{\"@type\":\"WebPage\",\"@id\":\"https:\/\/dewitwines.be\/fr\/produit\/trois-rivieres-v-o-cuvee-du-moulin-rhum-agricole-martinique-70cl\/\",\"url\":\"https:\/\/dewitwines.be\/fr\/produit\/trois-rivieres-v-o-cuvee-du-moulin-rhum-agricole-martinique-70cl\/\",\"name\":\"Trois Rivi\u00e8res \u00ab v.o. Cuv\u00e9e Du Moulin \u00bb Rhum Agricole Martinique - 70cl - Dewit Wines\",\"isPartOf\":{\"@id\":\"https:\/\/dewitwines.be\/nl\/#website\"},\"datePublished\":\"2017-07-24T22:00:00+00:00\",\"dateModified\":\"2025-08-26T10:21:05+00:00\",\"breadcrumb\":{\"@id\":\"https:\/\/dewitwines.be\/fr\/produit\/trois-rivieres-v-o-cuvee-du-moulin-rhum-agricole-martinique-70cl\/#breadcrumb\"},\"inLanguage\":\"fr-FR\",\"potentialAction\":[{\"@type\":\"ReadAction\",\"target\":[\"https:\/\/dewitwines.be\/fr\/produit\/trois-rivieres-v-o-cuvee-du-moulin-rhum-agricole-martinique-70cl\/\"]}]},{\"@type\":\"BreadcrumbList\",\"@id\":\"https:\/\/dewitwines.be\/fr\/produit\/trois-rivieres-v-o-cuvee-du-moulin-rhum-agricole-martinique-70cl\/#breadcrumb\",\"itemListElement\":[{\"@type\":\"ListItem\",\"position\":1,\"name\":\"Home\",\"item\":\"https:\/\/dewitwines.be\/fr\/accueil\/\"},{\"@type\":\"ListItem\",\"position\":2,\"name\":\"Boutique\",\"item\":\"https:\/\/dewitwines.be\/boutique\/\"},{\"@type\":\"ListItem\",\"position\":3,\"name\":\"Trois Rivi\u00e8res \u00ab v.o. Cuv\u00e9e Du Moulin \u00bb Rhum Agricole Martinique &#8211; 70cl\"}]},{\"@type\":\"WebSite\",\"@id\":\"https:\/\/dewitwines.be\/nl\/#website\",\"url\":\"https:\/\/dewitwines.be\/nl\/\",\"name\":\"Dewit Wines\",\"description\":\"We Know Wine\",\"potentialAction\":[{\"@type\":\"SearchAction\",\"target\":{\"@type\":\"EntryPoint\",\"urlTemplate\":\"https:\/\/dewitwines.be\/nl\/?s={search_term_string}\"},\"query-input\":{\"@type\":\"PropertyValueSpecification\",\"valueRequired\":true,\"valueName\":\"search_term_string\"}}],\"inLanguage\":\"fr-FR\"}]}<\/script>\n<!-- \/ Yoast SEO plugin. -->","yoast_head_json":{"title":"Trois Rivi\u00e8res \u00ab v.o. Cuv\u00e9e Du Moulin \u00bb Rhum Agricole Martinique - 70cl - Dewit Wines","robots":{"index":"index","follow":"follow","max-snippet":"max-snippet:-1","max-image-preview":"max-image-preview:large","max-video-preview":"max-video-preview:-1"},"canonical":"https:\/\/dewitwines.be\/fr\/produit\/trois-rivieres-v-o-cuvee-du-moulin-rhum-agricole-martinique-70cl\/","og_locale":"fr_FR","og_type":"article","og_title":"Trois Rivi\u00e8res \u00ab v.o. Cuv\u00e9e Du Moulin \u00bb Rhum Agricole Martinique - 70cl - Dewit Wines","og_description":"L'histoire de Trois Rivi\u00e8res remonte \u00e0 plus de 350 ans. En 1660, le surintendant des finances de Louis XIV, Nicolas Fouquet, s'appropria un domaine de plus de 2000 hectares dans le sud de la Martinique. Il tomba en disgr\u00e2ce juste avant de pouvoir r\u00e9aliser son r\u00eave de fonder son propre royaume. Le domaine changea souvent de propri\u00e9taire au fil des ann\u00e9es et d\u00e9veloppa une solide r\u00e9putation dans le domaine du sucre. Pas moins de trois raffineries y furent cr\u00e9\u00e9es. En 1785, le domaine passa entre les mains d'un puissant propri\u00e9taire terrien du nord de l'\u00eele, Etienne Isa\u00efe Marraud Des Grottes, qui ajouta la production de rhum aux activit\u00e9s des raffineries. En 1905, Am\u00e9d\u00e9e Aub\u00e9ry, un industriel reconnu, prit les r\u00eanes de Trois Rivi\u00e8res et arr\u00eata la production de sucre. Le rhum devint d\u00e8s lors le seul produit fabriqu\u00e9 \u00e0 Trois Rivi\u00e8res. Son fils d\u00e9cida en 1940 de passer du rhum au rhum agricole \u00e0 base de jus de canne \u00e0 sucre frais et non plus de m\u00e9lasse. Aujourd'hui, Trois Rivi\u00e8res est devenu une r\u00e9f\u00e9rence parmi les amateurs de rhum du monde entier. La Cuv\u00e9e du Moulin est un rhum assez puissant. Au nez, on retrouve principalement des notes de poivre blanc, de bois et d'autres \u00e9pices. En bouche \u00e9galement, on retrouve ce caract\u00e8re bois\u00e9 et \u00e9pic\u00e9, la finale min\u00e9rale s'y accorde parfaitement.","og_url":"https:\/\/dewitwines.be\/fr\/produit\/trois-rivieres-v-o-cuvee-du-moulin-rhum-agricole-martinique-70cl\/","og_site_name":"Dewit Wines","article_modified_time":"2025-08-26T10:21:05+00:00","twitter_card":"summary_large_image","schema":{"@context":"https:\/\/schema.org","@graph":[{"@type":"WebPage","@id":"https:\/\/dewitwines.be\/fr\/produit\/trois-rivieres-v-o-cuvee-du-moulin-rhum-agricole-martinique-70cl\/","url":"https:\/\/dewitwines.be\/fr\/produit\/trois-rivieres-v-o-cuvee-du-moulin-rhum-agricole-martinique-70cl\/","name":"Trois Rivi\u00e8res \u00ab v.o. Cuv\u00e9e Du Moulin \u00bb Rhum Agricole Martinique - 70cl - Dewit Wines","isPartOf":{"@id":"https:\/\/dewitwines.be\/nl\/#website"},"datePublished":"2017-07-24T22:00:00+00:00","dateModified":"2025-08-26T10:21:05+00:00","breadcrumb":{"@id":"https:\/\/dewitwines.be\/fr\/produit\/trois-rivieres-v-o-cuvee-du-moulin-rhum-agricole-martinique-70cl\/#breadcrumb"},"inLanguage":"fr-FR","potentialAction":[{"@type":"ReadAction","target":["https:\/\/dewitwines.be\/fr\/produit\/trois-rivieres-v-o-cuvee-du-moulin-rhum-agricole-martinique-70cl\/"]}]},{"@type":"BreadcrumbList","@id":"https:\/\/dewitwines.be\/fr\/produit\/trois-rivieres-v-o-cuvee-du-moulin-rhum-agricole-martinique-70cl\/#breadcrumb","itemListElement":[{"@type":"ListItem","position":1,"name":"Home","item":"https:\/\/dewitwines.be\/fr\/accueil\/"},{"@type":"ListItem","position":2,"name":"Boutique","item":"https:\/\/dewitwines.be\/boutique\/"},{"@type":"ListItem","position":3,"name":"Trois Rivi\u00e8res \u00ab v.o. Cuv\u00e9e Du Moulin \u00bb Rhum Agricole Martinique &#8211; 70cl"}]},{"@type":"WebSite","@id":"https:\/\/dewitwines.be\/nl\/#website","url":"https:\/\/dewitwines.be\/nl\/","name":"Dewit Wines","description":"We Know Wine","potentialAction":[{"@type":"SearchAction","target":{"@type":"EntryPoint","urlTemplate":"https:\/\/dewitwines.be\/nl\/?s={search_term_string}"},"query-input":{"@type":"PropertyValueSpecification","valueRequired":true,"valueName":"search_term_string"}}],"inLanguage":"fr-FR"}]}},"_links":{"self":[{"href":"https:\/\/dewitwines.be\/fr\/wp-json\/wp\/v2\/product\/43845","targetHints":{"allow":["GET"]}}],"collection":[{"href":"https:\/\/dewitwines.be\/fr\/wp-json\/wp\/v2\/product"}],"about":[{"href":"https:\/\/dewitwines.be\/fr\/wp-json\/wp\/v2\/types\/product"}],"replies":[{"embeddable":true,"href":"https:\/\/dewitwines.be\/fr\/wp-json\/wp\/v2\/comments?post=43845"}],"wp:attachment":[{"href":"https:\/\/dewitwines.be\/fr\/wp-json\/wp\/v2\/media?parent=43845"}],"wp:term":[{"taxonomy":"product_brand","embeddable":true,"href":"https:\/\/dewitwines.be\/fr\/wp-json\/wp\/v2\/product_brand?post=43845"},{"taxonomy":"product_cat","embeddable":true,"href":"https:\/\/dewitwines.be\/fr\/wp-json\/wp\/v2\/product_cat?post=43845"},{"taxonomy":"product_tag","embeddable":true,"href":"https:\/\/dewitwines.be\/fr\/wp-json\/wp\/v2\/product_tag?post=43845"}],"curies":[{"name":"wp","href":"https:\/\/api.w.org\/{rel}","templated":true}]}}