{"id":43796,"date":"2017-09-04T00:00:00","date_gmt":"2017-09-03T22:00:00","guid":{"rendered":"https:\/\/dewitwines.be\/product\/la-sirene-de-giscours-margaux-75cl-2014\/"},"modified":"2025-08-26T12:20:35","modified_gmt":"2025-08-26T10:20:35","slug":"la-sirene-de-giscours-margaux-75cl-2014","status":"publish","type":"product","link":"https:\/\/dewitwines.be\/fr\/produit\/la-sirene-de-giscours-margaux-75cl-2014\/","title":{"rendered":"La Sir\u00e8ne De Giscours &#8211; Margaux &#8211; 75cl 2014"},"content":{"rendered":"","protected":false},"excerpt":{"rendered":"<p>La Sir\u00e8ne de Giscours est le second vin du Ch\u00e2teau Giscours &#8211; 3\u00e8me Grand Cru Class\u00e9 \u00e0 Margaux. Ce vin est compos\u00e9 de 60 % de Cabernet Sauvignon, 30 % de Merlot et 10 % de Cabernet Franc. Il b\u00e9n\u00e9ficie comme son grand fr\u00e8re d&#8217;un \u00e9levage en f\u00fbts de ch\u00eane, mais la p\u00e9riode est plus courte et les f\u00fbts sont constitu\u00e9s \u00e0 60 % de f\u00fbts de deuxi\u00e8me ann\u00e9e, ce qui rend le style de ce vin un peu plus l\u00e9ger. L&#8217;avantage est qu&#8217;il est pr\u00eat \u00e0 boire plus rapidement que le Ch\u00e2teau Giscours.   <\/p>\n<p>Ce vin s&#8217;accorde bien avec : ris de veau, cochon de lait, viandes blanches grill\u00e9es, filet de porc et fromages doux<\/p>\n<p>Bouche : Ce vin est extr\u00eamement doux avec des tanins soyeux et une texture cr\u00e9meuse raffin\u00e9e. Un r\u00e9sultat tr\u00e8s r\u00e9ussi et absolument un excellent rapport qualit\u00e9-prix. <br \/>Nez : Accents raffin\u00e9s de cerise, fraise, vanille et p\u00e9tales de rose.<br \/>Couleur : Rouge rubis profond. <\/p>\n","protected":false},"featured_media":35654,"comment_status":"closed","ping_status":"closed","template":"","meta":[],"product_brand":[],"product_cat":[3920,3878],"product_tag":[],"class_list":{"0":"post-43796","1":"product","2":"type-product","3":"status-publish","4":"has-post-thumbnail","6":"product_cat-vin-rouge","7":"product_cat-vins","8":"pa_alcohol-3940","9":"pa_druif-cabernet-franc","10":"pa_druif-cabernet-sauvignon","11":"pa_druif-merlot","12":"pa_fles-75cl","13":"pa_gerecht-cochon-de-lait","14":"pa_gerecht-filet-de-porc","15":"pa_gerecht-fromages-doux","16":"pa_gerecht-ris-de-veau","17":"pa_gerecht-viande-blanche-grillee","18":"pa_jaar-4159","19":"pa_kleur-type-rouge","20":"pa_land-france","21":"pa_regio-bordeaux-margaux-a-o-p","22":"pa_smaak-equilibre","23":"pa_smaak-rond-souple","24":"pa_wijnhuis-chateau-giscours-3eme-grand-cru-classe","26":"first","27":"instock","28":"taxable","29":"shipping-taxable","30":"purchasable","31":"product-type-simple"},"yoast_head":"<!-- This site is optimized with the Yoast SEO plugin v26.9 - https:\/\/yoast.com\/product\/yoast-seo-wordpress\/ -->\n<title>La Sir\u00e8ne De Giscours - Margaux - 75cl 2014 - Dewit Wines<\/title>\n<meta name=\"robots\" content=\"index, follow, max-snippet:-1, max-image-preview:large, max-video-preview:-1\" \/>\n<link rel=\"canonical\" href=\"https:\/\/dewitwines.be\/product\/la-sirene-de-giscours-margaux-75cl-2014\/\" \/>\n<meta property=\"og:locale\" content=\"fr_FR\" \/>\n<meta property=\"og:type\" content=\"article\" \/>\n<meta property=\"og:title\" content=\"La Sir\u00e8ne De Giscours - Margaux - 75cl 2014 - Dewit Wines\" \/>\n<meta property=\"og:description\" content=\"La Sir\u00e8ne de Giscours est le second vin du Ch\u00e2teau Giscours - 3\u00e8me Grand Cru Class\u00e9 \u00e0 Margaux. Ce vin est compos\u00e9 de 60 % de Cabernet Sauvignon, 30 % de Merlot et 10 % de Cabernet Franc. Il b\u00e9n\u00e9ficie comme son grand fr\u00e8re d&#039;un \u00e9levage en f\u00fbts de ch\u00eane, mais la p\u00e9riode est plus courte et les f\u00fbts sont constitu\u00e9s \u00e0 60 % de f\u00fbts de deuxi\u00e8me ann\u00e9e, ce qui rend le style de ce vin un peu plus l\u00e9ger. L&#039;avantage est qu&#039;il est pr\u00eat \u00e0 boire plus rapidement que le Ch\u00e2teau Giscours.  Ce vin s&#039;accorde bien avec : ris de veau, cochon de lait, viandes blanches grill\u00e9es, filet de porc et fromages douxBouche : Ce vin est extr\u00eamement doux avec des tanins soyeux et une texture cr\u00e9meuse raffin\u00e9e. Un r\u00e9sultat tr\u00e8s r\u00e9ussi et absolument un excellent rapport qualit\u00e9-prix. Nez : Accents raffin\u00e9s de cerise, fraise, vanille et p\u00e9tales de rose.Couleur : Rouge rubis profond.\" \/>\n<meta property=\"og:url\" content=\"https:\/\/dewitwines.be\/product\/la-sirene-de-giscours-margaux-75cl-2014\/\" \/>\n<meta property=\"og:site_name\" content=\"Dewit Wines\" \/>\n<meta property=\"article:modified_time\" content=\"2025-08-26T10:20:35+00:00\" \/>\n<meta name=\"twitter:card\" content=\"summary_large_image\" \/>\n<script type=\"application\/ld+json\" class=\"yoast-schema-graph\">{\"@context\":\"https:\/\/schema.org\",\"@graph\":[{\"@type\":\"WebPage\",\"@id\":\"https:\/\/dewitwines.be\/product\/la-sirene-de-giscours-margaux-75cl-2014\/\",\"url\":\"https:\/\/dewitwines.be\/product\/la-sirene-de-giscours-margaux-75cl-2014\/\",\"name\":\"La Sir\u00e8ne De Giscours - Margaux - 75cl 2014 - Dewit Wines\",\"isPartOf\":{\"@id\":\"https:\/\/dewitwines.be\/nl\/#website\"},\"primaryImageOfPage\":{\"@id\":\"https:\/\/dewitwines.be\/product\/la-sirene-de-giscours-margaux-75cl-2014\/#primaryimage\"},\"image\":{\"@id\":\"https:\/\/dewitwines.be\/product\/la-sirene-de-giscours-margaux-75cl-2014\/#primaryimage\"},\"thumbnailUrl\":\"https:\/\/dewitwines.be\/wp-content\/uploads\/2025\/07\/00007600.jpg\",\"datePublished\":\"2017-09-03T22:00:00+00:00\",\"dateModified\":\"2025-08-26T10:20:35+00:00\",\"breadcrumb\":{\"@id\":\"https:\/\/dewitwines.be\/product\/la-sirene-de-giscours-margaux-75cl-2014\/#breadcrumb\"},\"inLanguage\":\"fr-FR\",\"potentialAction\":[{\"@type\":\"ReadAction\",\"target\":[\"https:\/\/dewitwines.be\/product\/la-sirene-de-giscours-margaux-75cl-2014\/\"]}]},{\"@type\":\"ImageObject\",\"inLanguage\":\"fr-FR\",\"@id\":\"https:\/\/dewitwines.be\/product\/la-sirene-de-giscours-margaux-75cl-2014\/#primaryimage\",\"url\":\"https:\/\/dewitwines.be\/wp-content\/uploads\/2025\/07\/00007600.jpg\",\"contentUrl\":\"https:\/\/dewitwines.be\/wp-content\/uploads\/2025\/07\/00007600.jpg\",\"width\":502,\"height\":2029},{\"@type\":\"BreadcrumbList\",\"@id\":\"https:\/\/dewitwines.be\/product\/la-sirene-de-giscours-margaux-75cl-2014\/#breadcrumb\",\"itemListElement\":[{\"@type\":\"ListItem\",\"position\":1,\"name\":\"Home\",\"item\":\"https:\/\/dewitwines.be\/fr\/accueil\/\"},{\"@type\":\"ListItem\",\"position\":2,\"name\":\"Boutique\",\"item\":\"https:\/\/dewitwines.be\/boutique\/\"},{\"@type\":\"ListItem\",\"position\":3,\"name\":\"La Sir\u00e8ne De Giscours &#8211; Margaux &#8211; 75cl 2014\"}]},{\"@type\":\"WebSite\",\"@id\":\"https:\/\/dewitwines.be\/nl\/#website\",\"url\":\"https:\/\/dewitwines.be\/nl\/\",\"name\":\"Dewit Wines\",\"description\":\"We Know Wine\",\"potentialAction\":[{\"@type\":\"SearchAction\",\"target\":{\"@type\":\"EntryPoint\",\"urlTemplate\":\"https:\/\/dewitwines.be\/nl\/?s={search_term_string}\"},\"query-input\":{\"@type\":\"PropertyValueSpecification\",\"valueRequired\":true,\"valueName\":\"search_term_string\"}}],\"inLanguage\":\"fr-FR\"}]}<\/script>\n<!-- \/ Yoast SEO plugin. -->","yoast_head_json":{"title":"La Sir\u00e8ne De Giscours - Margaux - 75cl 2014 - Dewit Wines","robots":{"index":"index","follow":"follow","max-snippet":"max-snippet:-1","max-image-preview":"max-image-preview:large","max-video-preview":"max-video-preview:-1"},"canonical":"https:\/\/dewitwines.be\/product\/la-sirene-de-giscours-margaux-75cl-2014\/","og_locale":"fr_FR","og_type":"article","og_title":"La Sir\u00e8ne De Giscours - Margaux - 75cl 2014 - Dewit Wines","og_description":"La Sir\u00e8ne de Giscours est le second vin du Ch\u00e2teau Giscours - 3\u00e8me Grand Cru Class\u00e9 \u00e0 Margaux. Ce vin est compos\u00e9 de 60 % de Cabernet Sauvignon, 30 % de Merlot et 10 % de Cabernet Franc. Il b\u00e9n\u00e9ficie comme son grand fr\u00e8re d'un \u00e9levage en f\u00fbts de ch\u00eane, mais la p\u00e9riode est plus courte et les f\u00fbts sont constitu\u00e9s \u00e0 60 % de f\u00fbts de deuxi\u00e8me ann\u00e9e, ce qui rend le style de ce vin un peu plus l\u00e9ger. L'avantage est qu'il est pr\u00eat \u00e0 boire plus rapidement que le Ch\u00e2teau Giscours.  Ce vin s'accorde bien avec : ris de veau, cochon de lait, viandes blanches grill\u00e9es, filet de porc et fromages douxBouche : Ce vin est extr\u00eamement doux avec des tanins soyeux et une texture cr\u00e9meuse raffin\u00e9e. Un r\u00e9sultat tr\u00e8s r\u00e9ussi et absolument un excellent rapport qualit\u00e9-prix. Nez : Accents raffin\u00e9s de cerise, fraise, vanille et p\u00e9tales de rose.Couleur : Rouge rubis profond.","og_url":"https:\/\/dewitwines.be\/product\/la-sirene-de-giscours-margaux-75cl-2014\/","og_site_name":"Dewit Wines","article_modified_time":"2025-08-26T10:20:35+00:00","twitter_card":"summary_large_image","schema":{"@context":"https:\/\/schema.org","@graph":[{"@type":"WebPage","@id":"https:\/\/dewitwines.be\/product\/la-sirene-de-giscours-margaux-75cl-2014\/","url":"https:\/\/dewitwines.be\/product\/la-sirene-de-giscours-margaux-75cl-2014\/","name":"La Sir\u00e8ne De Giscours - Margaux - 75cl 2014 - Dewit Wines","isPartOf":{"@id":"https:\/\/dewitwines.be\/nl\/#website"},"primaryImageOfPage":{"@id":"https:\/\/dewitwines.be\/product\/la-sirene-de-giscours-margaux-75cl-2014\/#primaryimage"},"image":{"@id":"https:\/\/dewitwines.be\/product\/la-sirene-de-giscours-margaux-75cl-2014\/#primaryimage"},"thumbnailUrl":"https:\/\/dewitwines.be\/wp-content\/uploads\/2025\/07\/00007600.jpg","datePublished":"2017-09-03T22:00:00+00:00","dateModified":"2025-08-26T10:20:35+00:00","breadcrumb":{"@id":"https:\/\/dewitwines.be\/product\/la-sirene-de-giscours-margaux-75cl-2014\/#breadcrumb"},"inLanguage":"fr-FR","potentialAction":[{"@type":"ReadAction","target":["https:\/\/dewitwines.be\/product\/la-sirene-de-giscours-margaux-75cl-2014\/"]}]},{"@type":"ImageObject","inLanguage":"fr-FR","@id":"https:\/\/dewitwines.be\/product\/la-sirene-de-giscours-margaux-75cl-2014\/#primaryimage","url":"https:\/\/dewitwines.be\/wp-content\/uploads\/2025\/07\/00007600.jpg","contentUrl":"https:\/\/dewitwines.be\/wp-content\/uploads\/2025\/07\/00007600.jpg","width":502,"height":2029},{"@type":"BreadcrumbList","@id":"https:\/\/dewitwines.be\/product\/la-sirene-de-giscours-margaux-75cl-2014\/#breadcrumb","itemListElement":[{"@type":"ListItem","position":1,"name":"Home","item":"https:\/\/dewitwines.be\/fr\/accueil\/"},{"@type":"ListItem","position":2,"name":"Boutique","item":"https:\/\/dewitwines.be\/boutique\/"},{"@type":"ListItem","position":3,"name":"La Sir\u00e8ne De Giscours &#8211; Margaux &#8211; 75cl 2014"}]},{"@type":"WebSite","@id":"https:\/\/dewitwines.be\/nl\/#website","url":"https:\/\/dewitwines.be\/nl\/","name":"Dewit Wines","description":"We Know Wine","potentialAction":[{"@type":"SearchAction","target":{"@type":"EntryPoint","urlTemplate":"https:\/\/dewitwines.be\/nl\/?s={search_term_string}"},"query-input":{"@type":"PropertyValueSpecification","valueRequired":true,"valueName":"search_term_string"}}],"inLanguage":"fr-FR"}]}},"_links":{"self":[{"href":"https:\/\/dewitwines.be\/fr\/wp-json\/wp\/v2\/product\/43796","targetHints":{"allow":["GET"]}}],"collection":[{"href":"https:\/\/dewitwines.be\/fr\/wp-json\/wp\/v2\/product"}],"about":[{"href":"https:\/\/dewitwines.be\/fr\/wp-json\/wp\/v2\/types\/product"}],"replies":[{"embeddable":true,"href":"https:\/\/dewitwines.be\/fr\/wp-json\/wp\/v2\/comments?post=43796"}],"wp:featuredmedia":[{"embeddable":true,"href":"https:\/\/dewitwines.be\/fr\/wp-json\/wp\/v2\/media\/35654"}],"wp:attachment":[{"href":"https:\/\/dewitwines.be\/fr\/wp-json\/wp\/v2\/media?parent=43796"}],"wp:term":[{"taxonomy":"product_brand","embeddable":true,"href":"https:\/\/dewitwines.be\/fr\/wp-json\/wp\/v2\/product_brand?post=43796"},{"taxonomy":"product_cat","embeddable":true,"href":"https:\/\/dewitwines.be\/fr\/wp-json\/wp\/v2\/product_cat?post=43796"},{"taxonomy":"product_tag","embeddable":true,"href":"https:\/\/dewitwines.be\/fr\/wp-json\/wp\/v2\/product_tag?post=43796"}],"curies":[{"name":"wp","href":"https:\/\/api.w.org\/{rel}","templated":true}]}}