{"id":43727,"date":"2017-07-20T03:01:00","date_gmt":"2017-07-20T01:01:00","guid":{"rendered":"https:\/\/dewitwines.be\/product\/eagles-nest-estate-merlot-2010-constantia-75cl-2010\/"},"modified":"2025-08-26T12:20:09","modified_gmt":"2025-08-26T10:20:09","slug":"eagles-nest-estate-merlot-2010-constantia-75cl-2010","status":"publish","type":"product","link":"https:\/\/dewitwines.be\/fr\/produit\/eagles-nest-estate-merlot-2010-constantia-75cl-2010\/","title":{"rendered":"Eagles&#8217; Nest Estate &#8211; Merlot 2010 &#8211; Constantia &#8211; 75cl 2010"},"content":{"rendered":"<p>Bouche : Fruits noirs d\u00e9licats en attaque, suivis d&#8217;accents de chocolat fondant et de poivre fra\u00eechement moulu. La palette gustative est magnifiquement soutenue par des tanins soyeux.<br \/>\nNez : Nez m\u00fbr de fruits des bois, poivre et chocolat noir.<br \/>\nCouleur : Couleur rubis avec des reflets bleus. <\/p>\n","protected":false},"excerpt":{"rendered":"<p>Gr\u00e2ce au climat relativement frais de Constantia, nous obtenons un vin avec une structure magnifique, qui reste toujours raffin\u00e9 et ne devient jamais trop lourd. Ce vin regorge d&#8217;ar\u00f4mes fruit\u00e9s, des notes de cerise et de fraise des bois jaillissent du verre. De douces impressions de chocolat vont de pair avec du poivre fra\u00eechement moulu, des tanins juteux et m\u00fbrs font le reste. Un vin qui peut \u00eatre bu jeune mais qui peut facilement se conserver encore une dizaine d&#8217;ann\u00e9es.   <\/p>\n<p>Ce vin s&#8217;accorde bien avec : ris de veau, canard r\u00f4ti, entrec\u00f4te, c\u00f4telettes de veau, carr\u00e9 d&#8217;agneau et rosbif.<\/p>\n","protected":false},"featured_media":37711,"comment_status":"closed","ping_status":"closed","template":"","meta":[],"product_brand":[],"product_cat":[3920,3878],"product_tag":[],"class_list":{"0":"post-43727","1":"product","2":"type-product","3":"status-publish","4":"has-post-thumbnail","6":"product_cat-vin-rouge","7":"product_cat-vins","8":"pa_alcohol-3996","9":"pa_druif-merlot","10":"pa_fles-75cl","11":"pa_gerecht-canard-roti","12":"pa_gerecht-carre-dagneau","13":"pa_gerecht-entrecote","14":"pa_gerecht-ris-de-veau","15":"pa_gerecht-rosbif","16":"pa_jaar-4368","17":"pa_kleur-type-rouge","18":"pa_land-afrique-du-sud","19":"pa_regio-constantia","20":"pa_smaak-corse-fr","21":"pa_smaak-fruite","22":"pa_smaak-rond-souple","23":"pa_wijnhuis-eaglesnest-estate","25":"first","26":"outofstock","27":"taxable","28":"shipping-taxable","29":"purchasable","30":"product-type-simple"},"yoast_head":"<!-- This site is optimized with the Yoast SEO plugin v26.9 - https:\/\/yoast.com\/product\/yoast-seo-wordpress\/ -->\n<title>Eagles&#039; Nest Estate - Merlot 2010 - Constantia - 75cl 2010 - Dewit Wines<\/title>\n<meta name=\"robots\" content=\"index, follow, max-snippet:-1, max-image-preview:large, max-video-preview:-1\" \/>\n<link rel=\"canonical\" href=\"https:\/\/dewitwines.be\/fr\/produit\/eagles-nest-estate-merlot-2010-constantia-75cl-2010\/\" \/>\n<meta property=\"og:locale\" content=\"fr_FR\" \/>\n<meta property=\"og:type\" content=\"article\" \/>\n<meta property=\"og:title\" content=\"Eagles&#039; Nest Estate - Merlot 2010 - Constantia - 75cl 2010 - Dewit Wines\" \/>\n<meta property=\"og:description\" content=\"Gr\u00e2ce au climat relativement frais de Constantia, nous obtenons un vin avec une structure magnifique, qui reste toujours raffin\u00e9 et ne devient jamais trop lourd. Ce vin regorge d&#039;ar\u00f4mes fruit\u00e9s, des notes de cerise et de fraise des bois jaillissent du verre. De douces impressions de chocolat vont de pair avec du poivre fra\u00eechement moulu, des tanins juteux et m\u00fbrs font le reste. Un vin qui peut \u00eatre bu jeune mais qui peut facilement se conserver encore une dizaine d&#039;ann\u00e9es.   Ce vin s&#039;accorde bien avec : ris de veau, canard r\u00f4ti, entrec\u00f4te, c\u00f4telettes de veau, carr\u00e9 d&#039;agneau et rosbif.\" \/>\n<meta property=\"og:url\" content=\"https:\/\/dewitwines.be\/fr\/produit\/eagles-nest-estate-merlot-2010-constantia-75cl-2010\/\" \/>\n<meta property=\"og:site_name\" content=\"Dewit Wines\" \/>\n<meta property=\"article:modified_time\" content=\"2025-08-26T10:20:09+00:00\" \/>\n<meta property=\"og:image\" content=\"https:\/\/dewitwines.be\/wp-content\/uploads\/2025\/07\/00046019.jpg\" \/>\n\t<meta property=\"og:image:width\" content=\"209\" \/>\n\t<meta property=\"og:image:height\" content=\"800\" \/>\n\t<meta property=\"og:image:type\" content=\"image\/jpeg\" \/>\n<meta name=\"twitter:card\" content=\"summary_large_image\" \/>\n<script type=\"application\/ld+json\" class=\"yoast-schema-graph\">{\"@context\":\"https:\/\/schema.org\",\"@graph\":[{\"@type\":\"WebPage\",\"@id\":\"https:\/\/dewitwines.be\/fr\/produit\/eagles-nest-estate-merlot-2010-constantia-75cl-2010\/\",\"url\":\"https:\/\/dewitwines.be\/fr\/produit\/eagles-nest-estate-merlot-2010-constantia-75cl-2010\/\",\"name\":\"Eagles' Nest Estate - Merlot 2010 - Constantia - 75cl 2010 - Dewit Wines\",\"isPartOf\":{\"@id\":\"https:\/\/dewitwines.be\/nl\/#website\"},\"primaryImageOfPage\":{\"@id\":\"https:\/\/dewitwines.be\/fr\/produit\/eagles-nest-estate-merlot-2010-constantia-75cl-2010\/#primaryimage\"},\"image\":{\"@id\":\"https:\/\/dewitwines.be\/fr\/produit\/eagles-nest-estate-merlot-2010-constantia-75cl-2010\/#primaryimage\"},\"thumbnailUrl\":\"https:\/\/dewitwines.be\/wp-content\/uploads\/2025\/07\/00046019.jpg\",\"datePublished\":\"2017-07-20T01:01:00+00:00\",\"dateModified\":\"2025-08-26T10:20:09+00:00\",\"breadcrumb\":{\"@id\":\"https:\/\/dewitwines.be\/fr\/produit\/eagles-nest-estate-merlot-2010-constantia-75cl-2010\/#breadcrumb\"},\"inLanguage\":\"fr-FR\",\"potentialAction\":[{\"@type\":\"ReadAction\",\"target\":[\"https:\/\/dewitwines.be\/fr\/produit\/eagles-nest-estate-merlot-2010-constantia-75cl-2010\/\"]}]},{\"@type\":\"ImageObject\",\"inLanguage\":\"fr-FR\",\"@id\":\"https:\/\/dewitwines.be\/fr\/produit\/eagles-nest-estate-merlot-2010-constantia-75cl-2010\/#primaryimage\",\"url\":\"https:\/\/dewitwines.be\/wp-content\/uploads\/2025\/07\/00046019.jpg\",\"contentUrl\":\"https:\/\/dewitwines.be\/wp-content\/uploads\/2025\/07\/00046019.jpg\",\"width\":209,\"height\":800},{\"@type\":\"BreadcrumbList\",\"@id\":\"https:\/\/dewitwines.be\/fr\/produit\/eagles-nest-estate-merlot-2010-constantia-75cl-2010\/#breadcrumb\",\"itemListElement\":[{\"@type\":\"ListItem\",\"position\":1,\"name\":\"Home\",\"item\":\"https:\/\/dewitwines.be\/fr\/accueil\/\"},{\"@type\":\"ListItem\",\"position\":2,\"name\":\"Boutique\",\"item\":\"https:\/\/dewitwines.be\/boutique\/\"},{\"@type\":\"ListItem\",\"position\":3,\"name\":\"Eagles&#8217; Nest Estate &#8211; Merlot 2010 &#8211; Constantia &#8211; 75cl 2010\"}]},{\"@type\":\"WebSite\",\"@id\":\"https:\/\/dewitwines.be\/nl\/#website\",\"url\":\"https:\/\/dewitwines.be\/nl\/\",\"name\":\"Dewit Wines\",\"description\":\"We Know Wine\",\"potentialAction\":[{\"@type\":\"SearchAction\",\"target\":{\"@type\":\"EntryPoint\",\"urlTemplate\":\"https:\/\/dewitwines.be\/nl\/?s={search_term_string}\"},\"query-input\":{\"@type\":\"PropertyValueSpecification\",\"valueRequired\":true,\"valueName\":\"search_term_string\"}}],\"inLanguage\":\"fr-FR\"}]}<\/script>\n<!-- \/ Yoast SEO plugin. -->","yoast_head_json":{"title":"Eagles' Nest Estate - Merlot 2010 - Constantia - 75cl 2010 - Dewit Wines","robots":{"index":"index","follow":"follow","max-snippet":"max-snippet:-1","max-image-preview":"max-image-preview:large","max-video-preview":"max-video-preview:-1"},"canonical":"https:\/\/dewitwines.be\/fr\/produit\/eagles-nest-estate-merlot-2010-constantia-75cl-2010\/","og_locale":"fr_FR","og_type":"article","og_title":"Eagles' Nest Estate - Merlot 2010 - Constantia - 75cl 2010 - Dewit Wines","og_description":"Gr\u00e2ce au climat relativement frais de Constantia, nous obtenons un vin avec une structure magnifique, qui reste toujours raffin\u00e9 et ne devient jamais trop lourd. Ce vin regorge d'ar\u00f4mes fruit\u00e9s, des notes de cerise et de fraise des bois jaillissent du verre. De douces impressions de chocolat vont de pair avec du poivre fra\u00eechement moulu, des tanins juteux et m\u00fbrs font le reste. Un vin qui peut \u00eatre bu jeune mais qui peut facilement se conserver encore une dizaine d'ann\u00e9es.   Ce vin s'accorde bien avec : ris de veau, canard r\u00f4ti, entrec\u00f4te, c\u00f4telettes de veau, carr\u00e9 d'agneau et rosbif.","og_url":"https:\/\/dewitwines.be\/fr\/produit\/eagles-nest-estate-merlot-2010-constantia-75cl-2010\/","og_site_name":"Dewit Wines","article_modified_time":"2025-08-26T10:20:09+00:00","og_image":[{"width":209,"height":800,"url":"https:\/\/dewitwines.be\/wp-content\/uploads\/2025\/07\/00046019.jpg","type":"image\/jpeg"}],"twitter_card":"summary_large_image","schema":{"@context":"https:\/\/schema.org","@graph":[{"@type":"WebPage","@id":"https:\/\/dewitwines.be\/fr\/produit\/eagles-nest-estate-merlot-2010-constantia-75cl-2010\/","url":"https:\/\/dewitwines.be\/fr\/produit\/eagles-nest-estate-merlot-2010-constantia-75cl-2010\/","name":"Eagles' Nest Estate - Merlot 2010 - Constantia - 75cl 2010 - Dewit Wines","isPartOf":{"@id":"https:\/\/dewitwines.be\/nl\/#website"},"primaryImageOfPage":{"@id":"https:\/\/dewitwines.be\/fr\/produit\/eagles-nest-estate-merlot-2010-constantia-75cl-2010\/#primaryimage"},"image":{"@id":"https:\/\/dewitwines.be\/fr\/produit\/eagles-nest-estate-merlot-2010-constantia-75cl-2010\/#primaryimage"},"thumbnailUrl":"https:\/\/dewitwines.be\/wp-content\/uploads\/2025\/07\/00046019.jpg","datePublished":"2017-07-20T01:01:00+00:00","dateModified":"2025-08-26T10:20:09+00:00","breadcrumb":{"@id":"https:\/\/dewitwines.be\/fr\/produit\/eagles-nest-estate-merlot-2010-constantia-75cl-2010\/#breadcrumb"},"inLanguage":"fr-FR","potentialAction":[{"@type":"ReadAction","target":["https:\/\/dewitwines.be\/fr\/produit\/eagles-nest-estate-merlot-2010-constantia-75cl-2010\/"]}]},{"@type":"ImageObject","inLanguage":"fr-FR","@id":"https:\/\/dewitwines.be\/fr\/produit\/eagles-nest-estate-merlot-2010-constantia-75cl-2010\/#primaryimage","url":"https:\/\/dewitwines.be\/wp-content\/uploads\/2025\/07\/00046019.jpg","contentUrl":"https:\/\/dewitwines.be\/wp-content\/uploads\/2025\/07\/00046019.jpg","width":209,"height":800},{"@type":"BreadcrumbList","@id":"https:\/\/dewitwines.be\/fr\/produit\/eagles-nest-estate-merlot-2010-constantia-75cl-2010\/#breadcrumb","itemListElement":[{"@type":"ListItem","position":1,"name":"Home","item":"https:\/\/dewitwines.be\/fr\/accueil\/"},{"@type":"ListItem","position":2,"name":"Boutique","item":"https:\/\/dewitwines.be\/boutique\/"},{"@type":"ListItem","position":3,"name":"Eagles&#8217; Nest Estate &#8211; Merlot 2010 &#8211; Constantia &#8211; 75cl 2010"}]},{"@type":"WebSite","@id":"https:\/\/dewitwines.be\/nl\/#website","url":"https:\/\/dewitwines.be\/nl\/","name":"Dewit Wines","description":"We Know Wine","potentialAction":[{"@type":"SearchAction","target":{"@type":"EntryPoint","urlTemplate":"https:\/\/dewitwines.be\/nl\/?s={search_term_string}"},"query-input":{"@type":"PropertyValueSpecification","valueRequired":true,"valueName":"search_term_string"}}],"inLanguage":"fr-FR"}]}},"_links":{"self":[{"href":"https:\/\/dewitwines.be\/fr\/wp-json\/wp\/v2\/product\/43727","targetHints":{"allow":["GET"]}}],"collection":[{"href":"https:\/\/dewitwines.be\/fr\/wp-json\/wp\/v2\/product"}],"about":[{"href":"https:\/\/dewitwines.be\/fr\/wp-json\/wp\/v2\/types\/product"}],"replies":[{"embeddable":true,"href":"https:\/\/dewitwines.be\/fr\/wp-json\/wp\/v2\/comments?post=43727"}],"wp:featuredmedia":[{"embeddable":true,"href":"https:\/\/dewitwines.be\/fr\/wp-json\/wp\/v2\/media\/37711"}],"wp:attachment":[{"href":"https:\/\/dewitwines.be\/fr\/wp-json\/wp\/v2\/media?parent=43727"}],"wp:term":[{"taxonomy":"product_brand","embeddable":true,"href":"https:\/\/dewitwines.be\/fr\/wp-json\/wp\/v2\/product_brand?post=43727"},{"taxonomy":"product_cat","embeddable":true,"href":"https:\/\/dewitwines.be\/fr\/wp-json\/wp\/v2\/product_cat?post=43727"},{"taxonomy":"product_tag","embeddable":true,"href":"https:\/\/dewitwines.be\/fr\/wp-json\/wp\/v2\/product_tag?post=43727"}],"curies":[{"name":"wp","href":"https:\/\/api.w.org\/{rel}","templated":true}]}}