{"id":43704,"date":"2017-07-18T00:00:00","date_gmt":"2017-07-17T22:00:00","guid":{"rendered":"https:\/\/dewitwines.be\/product\/chateau-le-crock-saint-estephe-cru-bourgeois-75cl-2011\/"},"modified":"2025-08-26T12:20:01","modified_gmt":"2025-08-26T10:20:01","slug":"chateau-le-crock-saint-estephe-cru-bourgeois-75cl-2011","status":"publish","type":"product","link":"https:\/\/dewitwines.be\/fr\/produit\/chateau-le-crock-saint-estephe-cru-bourgeois-75cl-2011\/","title":{"rendered":"Ch\u00e2teau Le Crock &#8211; Saint-est\u00e8phe Cru Bourgeois &#8211; 75cl 2011"},"content":{"rendered":"","protected":false},"excerpt":{"rendered":"<div class=\"product-detail--imagewrapper\">Les vignobles du Ch\u00e2teau Le Crock s&#8217;\u00e9tendent sur 32,50 hectares et ont un \u00e2ge moyen de 37 ans. La r\u00e9colte se fait enti\u00e8rement \u00e0 la main suivie d&#8217;une s\u00e9lection minutieuse sur table de tri \u00e0 l&#8217;arriv\u00e9e dans les chais. La vinification a lieu en cuves b\u00e9ton et est suivie d&#8217;un \u00e9levage en f\u00fbts de 18 mois.  <\/div>\n<div class=\"product-detail--imagewrapper\">Bouche : Ce vin se pr\u00e9sente avec une palette pleine et charnue, des fruits juteux et m\u00fbrs soutenus de fa\u00e7on fantastique par de douces notes bois\u00e9es. En finale, ce vin est puissant mais tout en finesse. Un v\u00e9ritable coup de c\u0153ur.  <\/div>\n<div class=\"product-detail--imagewrapper\">Nez : Impressions raffin\u00e9es de r\u00e9glisse, cassis, framboise, prunes m\u00fbres, tabac et cuir.<\/div>\n<div class=\"product-detail--imagewrapper\">Couleur : Rouge rubis fonc\u00e9.<\/div>\n<div>Ce vin s&#8217;accorde bien avec : canard, entrec\u00f4te, fromages affin\u00e9s, agneau en g\u00e9n\u00e9ral, filet de b\u0153uf et tournedos po\u00eal\u00e9s ou grill\u00e9s<\/div>\n","protected":false},"featured_media":35412,"comment_status":"closed","ping_status":"closed","template":"","meta":[],"product_brand":[],"product_cat":[3920,3878],"product_tag":[],"class_list":{"0":"post-43704","1":"product","2":"type-product","3":"status-publish","4":"has-post-thumbnail","6":"product_cat-vin-rouge","7":"product_cat-vins","8":"pa_alcohol-3940","9":"pa_druif-cabernet-franc","10":"pa_druif-cabernet-sauvignon","11":"pa_druif-merlot","12":"pa_druif-petit-verdot","13":"pa_fles-75cl","14":"pa_gerecht-agneau-en-general","15":"pa_gerecht-canard","16":"pa_gerecht-entrecote","17":"pa_gerecht-filet-de-boeuf","18":"pa_gerecht-fromages-affines-fr","19":"pa_gerecht-tournedos-poeles-ou-grilles","20":"pa_jaar-4349","21":"pa_kleur-type-rouge","22":"pa_land-france","23":"pa_regio-bordeaux-saint-julien-a-o-p","24":"pa_smaak-corse","25":"pa_smaak-equilibre","26":"pa_smaak-puissant","27":"pa_wijnhuis-chateau-leoville-poyferre-2eme-cru-classe","29":"first","30":"instock","31":"taxable","32":"shipping-taxable","33":"purchasable","34":"product-type-simple"},"yoast_head":"<!-- This site is optimized with the Yoast SEO plugin v26.9 - https:\/\/yoast.com\/product\/yoast-seo-wordpress\/ -->\n<title>Ch\u00e2teau Le Crock - Saint-est\u00e8phe Cru Bourgeois - 75cl 2011 - Dewit Wines<\/title>\n<meta name=\"robots\" content=\"index, follow, max-snippet:-1, max-image-preview:large, max-video-preview:-1\" \/>\n<link rel=\"canonical\" href=\"https:\/\/dewitwines.be\/fr\/produit\/chateau-le-crock-saint-estephe-cru-bourgeois-75cl-2011\/\" \/>\n<meta property=\"og:locale\" content=\"fr_FR\" \/>\n<meta property=\"og:type\" content=\"article\" \/>\n<meta property=\"og:title\" content=\"Ch\u00e2teau Le Crock - Saint-est\u00e8phe Cru Bourgeois - 75cl 2011 - Dewit Wines\" \/>\n<meta property=\"og:description\" content=\"Les vignobles du Ch\u00e2teau Le Crock s&#039;\u00e9tendent sur 32,50 hectares et ont un \u00e2ge moyen de 37 ans. La r\u00e9colte se fait enti\u00e8rement \u00e0 la main suivie d&#039;une s\u00e9lection minutieuse sur table de tri \u00e0 l&#039;arriv\u00e9e dans les chais. La vinification a lieu en cuves b\u00e9ton et est suivie d&#039;un \u00e9levage en f\u00fbts de 18 mois.  Bouche : Ce vin se pr\u00e9sente avec une palette pleine et charnue, des fruits juteux et m\u00fbrs soutenus de fa\u00e7on fantastique par de douces notes bois\u00e9es. En finale, ce vin est puissant mais tout en finesse. Un v\u00e9ritable coup de c\u0153ur.  Nez : Impressions raffin\u00e9es de r\u00e9glisse, cassis, framboise, prunes m\u00fbres, tabac et cuir. Couleur : Rouge rubis fonc\u00e9. Ce vin s&#039;accorde bien avec : canard, entrec\u00f4te, fromages affin\u00e9s, agneau en g\u00e9n\u00e9ral, filet de b\u0153uf et tournedos po\u00eal\u00e9s ou grill\u00e9s\" \/>\n<meta property=\"og:url\" content=\"https:\/\/dewitwines.be\/fr\/produit\/chateau-le-crock-saint-estephe-cru-bourgeois-75cl-2011\/\" \/>\n<meta property=\"og:site_name\" content=\"Dewit Wines\" \/>\n<meta property=\"article:modified_time\" content=\"2025-08-26T10:20:01+00:00\" \/>\n<meta property=\"og:image\" content=\"https:\/\/dewitwines.be\/wp-content\/uploads\/2025\/07\/00007351.jpg\" \/>\n\t<meta property=\"og:image:width\" content=\"425\" \/>\n\t<meta property=\"og:image:height\" content=\"1730\" \/>\n\t<meta property=\"og:image:type\" content=\"image\/jpeg\" \/>\n<meta name=\"twitter:card\" content=\"summary_large_image\" \/>\n<script type=\"application\/ld+json\" class=\"yoast-schema-graph\">{\"@context\":\"https:\/\/schema.org\",\"@graph\":[{\"@type\":\"WebPage\",\"@id\":\"https:\/\/dewitwines.be\/fr\/produit\/chateau-le-crock-saint-estephe-cru-bourgeois-75cl-2011\/\",\"url\":\"https:\/\/dewitwines.be\/fr\/produit\/chateau-le-crock-saint-estephe-cru-bourgeois-75cl-2011\/\",\"name\":\"Ch\u00e2teau Le Crock - Saint-est\u00e8phe Cru Bourgeois - 75cl 2011 - Dewit Wines\",\"isPartOf\":{\"@id\":\"https:\/\/dewitwines.be\/nl\/#website\"},\"primaryImageOfPage\":{\"@id\":\"https:\/\/dewitwines.be\/fr\/produit\/chateau-le-crock-saint-estephe-cru-bourgeois-75cl-2011\/#primaryimage\"},\"image\":{\"@id\":\"https:\/\/dewitwines.be\/fr\/produit\/chateau-le-crock-saint-estephe-cru-bourgeois-75cl-2011\/#primaryimage\"},\"thumbnailUrl\":\"https:\/\/dewitwines.be\/wp-content\/uploads\/2025\/07\/00007351.jpg\",\"datePublished\":\"2017-07-17T22:00:00+00:00\",\"dateModified\":\"2025-08-26T10:20:01+00:00\",\"breadcrumb\":{\"@id\":\"https:\/\/dewitwines.be\/fr\/produit\/chateau-le-crock-saint-estephe-cru-bourgeois-75cl-2011\/#breadcrumb\"},\"inLanguage\":\"fr-FR\",\"potentialAction\":[{\"@type\":\"ReadAction\",\"target\":[\"https:\/\/dewitwines.be\/fr\/produit\/chateau-le-crock-saint-estephe-cru-bourgeois-75cl-2011\/\"]}]},{\"@type\":\"ImageObject\",\"inLanguage\":\"fr-FR\",\"@id\":\"https:\/\/dewitwines.be\/fr\/produit\/chateau-le-crock-saint-estephe-cru-bourgeois-75cl-2011\/#primaryimage\",\"url\":\"https:\/\/dewitwines.be\/wp-content\/uploads\/2025\/07\/00007351.jpg\",\"contentUrl\":\"https:\/\/dewitwines.be\/wp-content\/uploads\/2025\/07\/00007351.jpg\",\"width\":425,\"height\":1730},{\"@type\":\"BreadcrumbList\",\"@id\":\"https:\/\/dewitwines.be\/fr\/produit\/chateau-le-crock-saint-estephe-cru-bourgeois-75cl-2011\/#breadcrumb\",\"itemListElement\":[{\"@type\":\"ListItem\",\"position\":1,\"name\":\"Home\",\"item\":\"https:\/\/dewitwines.be\/nl\/\"},{\"@type\":\"ListItem\",\"position\":2,\"name\":\"Boutique\",\"item\":\"https:\/\/dewitwines.be\/boutique\/\"},{\"@type\":\"ListItem\",\"position\":3,\"name\":\"Ch\u00e2teau Le Crock &#8211; Saint-est\u00e8phe Cru Bourgeois &#8211; 75cl 2011\"}]},{\"@type\":\"WebSite\",\"@id\":\"https:\/\/dewitwines.be\/nl\/#website\",\"url\":\"https:\/\/dewitwines.be\/nl\/\",\"name\":\"Dewit Wines\",\"description\":\"We Know Wine\",\"potentialAction\":[{\"@type\":\"SearchAction\",\"target\":{\"@type\":\"EntryPoint\",\"urlTemplate\":\"https:\/\/dewitwines.be\/nl\/?s={search_term_string}\"},\"query-input\":{\"@type\":\"PropertyValueSpecification\",\"valueRequired\":true,\"valueName\":\"search_term_string\"}}],\"inLanguage\":\"fr-FR\"}]}<\/script>\n<!-- \/ Yoast SEO plugin. -->","yoast_head_json":{"title":"Ch\u00e2teau Le Crock - Saint-est\u00e8phe Cru Bourgeois - 75cl 2011 - Dewit Wines","robots":{"index":"index","follow":"follow","max-snippet":"max-snippet:-1","max-image-preview":"max-image-preview:large","max-video-preview":"max-video-preview:-1"},"canonical":"https:\/\/dewitwines.be\/fr\/produit\/chateau-le-crock-saint-estephe-cru-bourgeois-75cl-2011\/","og_locale":"fr_FR","og_type":"article","og_title":"Ch\u00e2teau Le Crock - Saint-est\u00e8phe Cru Bourgeois - 75cl 2011 - Dewit Wines","og_description":"Les vignobles du Ch\u00e2teau Le Crock s'\u00e9tendent sur 32,50 hectares et ont un \u00e2ge moyen de 37 ans. La r\u00e9colte se fait enti\u00e8rement \u00e0 la main suivie d'une s\u00e9lection minutieuse sur table de tri \u00e0 l'arriv\u00e9e dans les chais. La vinification a lieu en cuves b\u00e9ton et est suivie d'un \u00e9levage en f\u00fbts de 18 mois.  Bouche : Ce vin se pr\u00e9sente avec une palette pleine et charnue, des fruits juteux et m\u00fbrs soutenus de fa\u00e7on fantastique par de douces notes bois\u00e9es. En finale, ce vin est puissant mais tout en finesse. Un v\u00e9ritable coup de c\u0153ur.  Nez : Impressions raffin\u00e9es de r\u00e9glisse, cassis, framboise, prunes m\u00fbres, tabac et cuir. Couleur : Rouge rubis fonc\u00e9. Ce vin s'accorde bien avec : canard, entrec\u00f4te, fromages affin\u00e9s, agneau en g\u00e9n\u00e9ral, filet de b\u0153uf et tournedos po\u00eal\u00e9s ou grill\u00e9s","og_url":"https:\/\/dewitwines.be\/fr\/produit\/chateau-le-crock-saint-estephe-cru-bourgeois-75cl-2011\/","og_site_name":"Dewit Wines","article_modified_time":"2025-08-26T10:20:01+00:00","og_image":[{"width":425,"height":1730,"url":"https:\/\/dewitwines.be\/wp-content\/uploads\/2025\/07\/00007351.jpg","type":"image\/jpeg"}],"twitter_card":"summary_large_image","schema":{"@context":"https:\/\/schema.org","@graph":[{"@type":"WebPage","@id":"https:\/\/dewitwines.be\/fr\/produit\/chateau-le-crock-saint-estephe-cru-bourgeois-75cl-2011\/","url":"https:\/\/dewitwines.be\/fr\/produit\/chateau-le-crock-saint-estephe-cru-bourgeois-75cl-2011\/","name":"Ch\u00e2teau Le Crock - Saint-est\u00e8phe Cru Bourgeois - 75cl 2011 - Dewit Wines","isPartOf":{"@id":"https:\/\/dewitwines.be\/nl\/#website"},"primaryImageOfPage":{"@id":"https:\/\/dewitwines.be\/fr\/produit\/chateau-le-crock-saint-estephe-cru-bourgeois-75cl-2011\/#primaryimage"},"image":{"@id":"https:\/\/dewitwines.be\/fr\/produit\/chateau-le-crock-saint-estephe-cru-bourgeois-75cl-2011\/#primaryimage"},"thumbnailUrl":"https:\/\/dewitwines.be\/wp-content\/uploads\/2025\/07\/00007351.jpg","datePublished":"2017-07-17T22:00:00+00:00","dateModified":"2025-08-26T10:20:01+00:00","breadcrumb":{"@id":"https:\/\/dewitwines.be\/fr\/produit\/chateau-le-crock-saint-estephe-cru-bourgeois-75cl-2011\/#breadcrumb"},"inLanguage":"fr-FR","potentialAction":[{"@type":"ReadAction","target":["https:\/\/dewitwines.be\/fr\/produit\/chateau-le-crock-saint-estephe-cru-bourgeois-75cl-2011\/"]}]},{"@type":"ImageObject","inLanguage":"fr-FR","@id":"https:\/\/dewitwines.be\/fr\/produit\/chateau-le-crock-saint-estephe-cru-bourgeois-75cl-2011\/#primaryimage","url":"https:\/\/dewitwines.be\/wp-content\/uploads\/2025\/07\/00007351.jpg","contentUrl":"https:\/\/dewitwines.be\/wp-content\/uploads\/2025\/07\/00007351.jpg","width":425,"height":1730},{"@type":"BreadcrumbList","@id":"https:\/\/dewitwines.be\/fr\/produit\/chateau-le-crock-saint-estephe-cru-bourgeois-75cl-2011\/#breadcrumb","itemListElement":[{"@type":"ListItem","position":1,"name":"Home","item":"https:\/\/dewitwines.be\/nl\/"},{"@type":"ListItem","position":2,"name":"Boutique","item":"https:\/\/dewitwines.be\/boutique\/"},{"@type":"ListItem","position":3,"name":"Ch\u00e2teau Le Crock &#8211; Saint-est\u00e8phe Cru Bourgeois &#8211; 75cl 2011"}]},{"@type":"WebSite","@id":"https:\/\/dewitwines.be\/nl\/#website","url":"https:\/\/dewitwines.be\/nl\/","name":"Dewit Wines","description":"We Know Wine","potentialAction":[{"@type":"SearchAction","target":{"@type":"EntryPoint","urlTemplate":"https:\/\/dewitwines.be\/nl\/?s={search_term_string}"},"query-input":{"@type":"PropertyValueSpecification","valueRequired":true,"valueName":"search_term_string"}}],"inLanguage":"fr-FR"}]}},"_links":{"self":[{"href":"https:\/\/dewitwines.be\/fr\/wp-json\/wp\/v2\/product\/43704","targetHints":{"allow":["GET"]}}],"collection":[{"href":"https:\/\/dewitwines.be\/fr\/wp-json\/wp\/v2\/product"}],"about":[{"href":"https:\/\/dewitwines.be\/fr\/wp-json\/wp\/v2\/types\/product"}],"replies":[{"embeddable":true,"href":"https:\/\/dewitwines.be\/fr\/wp-json\/wp\/v2\/comments?post=43704"}],"wp:featuredmedia":[{"embeddable":true,"href":"https:\/\/dewitwines.be\/fr\/wp-json\/wp\/v2\/media\/35412"}],"wp:attachment":[{"href":"https:\/\/dewitwines.be\/fr\/wp-json\/wp\/v2\/media?parent=43704"}],"wp:term":[{"taxonomy":"product_brand","embeddable":true,"href":"https:\/\/dewitwines.be\/fr\/wp-json\/wp\/v2\/product_brand?post=43704"},{"taxonomy":"product_cat","embeddable":true,"href":"https:\/\/dewitwines.be\/fr\/wp-json\/wp\/v2\/product_cat?post=43704"},{"taxonomy":"product_tag","embeddable":true,"href":"https:\/\/dewitwines.be\/fr\/wp-json\/wp\/v2\/product_tag?post=43704"}],"curies":[{"name":"wp","href":"https:\/\/api.w.org\/{rel}","templated":true}]}}