{"id":43486,"date":"2025-08-25T19:38:08","date_gmt":"2025-08-25T17:38:08","guid":{"rendered":"https:\/\/dewitwines.be\/degustation\/"},"modified":"2025-08-25T19:38:08","modified_gmt":"2025-08-25T17:38:08","slug":"degustation","status":"publish","type":"page","link":"https:\/\/dewitwines.be\/fr\/degustation\/","title":{"rendered":"D\u00e9gustation"},"content":{"rendered":"<p>Restez inform\u00e9 de nos d\u00e9gustations par e-mail. Inscrivez-vous au formulaire ci-dessous pour continuer \u00e0 recevoir nos invitations. <\/p>\n\n<div class=\"wpcf7 no-js\" id=\"wpcf7-f28814-o1\" lang=\"en-US\" dir=\"ltr\" data-wpcf7-id=\"28814\">\n<div class=\"screen-reader-response\"><p role=\"status\" aria-live=\"polite\" aria-atomic=\"true\"><\/p> <ul><\/ul><\/div>\n<form action=\"\/fr\/wp-json\/wp\/v2\/pages\/43486#wpcf7-f28814-o1\" method=\"post\" class=\"wpcf7-form init\" aria-label=\"Contact form\" novalidate=\"novalidate\" data-status=\"init\">\n<fieldset class=\"hidden-fields-container\"><input type=\"hidden\" name=\"_wpcf7\" value=\"28814\" \/><input type=\"hidden\" name=\"_wpcf7_version\" value=\"6.1.4\" \/><input type=\"hidden\" name=\"_wpcf7_locale\" value=\"en_US\" \/><input type=\"hidden\" name=\"_wpcf7_unit_tag\" value=\"wpcf7-f28814-o1\" \/><input type=\"hidden\" name=\"_wpcf7_container_post\" value=\"0\" \/><input type=\"hidden\" name=\"_wpcf7_posted_data_hash\" value=\"\" \/><input type=\"hidden\" name=\"_wpcf7_recaptcha_response\" value=\"\" \/>\n<\/fieldset>\n<p><label> Jouw voornaam<br \/>\n<span class=\"wpcf7-form-control-wrap\" data-name=\"firstname\"><input size=\"40\" maxlength=\"400\" class=\"wpcf7-form-control wpcf7-text wpcf7-validates-as-required\" autocomplete=\"name\" aria-required=\"true\" aria-invalid=\"false\" value=\"\" type=\"text\" name=\"firstname\" \/><\/span> <\/label>\n<\/p>\n<p><label> Jouw achternaam<br \/>\n<span class=\"wpcf7-form-control-wrap\" data-name=\"lastname\"><input size=\"40\" maxlength=\"400\" class=\"wpcf7-form-control wpcf7-text wpcf7-validates-as-required\" autocomplete=\"name\" aria-required=\"true\" aria-invalid=\"false\" value=\"\" type=\"text\" name=\"lastname\" \/><\/span> <\/label>\n<\/p>\n<p><label> Jouw e-mailadres<br \/>\n<span class=\"wpcf7-form-control-wrap\" data-name=\"email\"><input size=\"40\" maxlength=\"400\" class=\"wpcf7-form-control wpcf7-email wpcf7-validates-as-required wpcf7-text wpcf7-validates-as-email\" autocomplete=\"email\" aria-required=\"true\" aria-invalid=\"false\" value=\"\" type=\"email\" name=\"email\" \/><\/span> <\/label>\n<\/p>\n<p><span class=\"wpcf7-form-control-wrap\" data-name=\"Interesses\"><span class=\"wpcf7-form-control wpcf7-checkbox wpcf7-validates-as-required\"><span class=\"wpcf7-list-item first\"><label><input type=\"checkbox\" name=\"Interesses[]\" value=\"Degustatie\" \/><span class=\"wpcf7-list-item-label\">Degustatie<\/span><\/label><\/span><span class=\"wpcf7-list-item last\"><label><input type=\"checkbox\" name=\"Interesses[]\" value=\"Nieuwsbrief\" \/><span class=\"wpcf7-list-item-label\">Nieuwsbrief<\/span><\/label><\/span><\/span><\/span>\n<\/p>\n<p><input class=\"wpcf7-form-control wpcf7-submit has-spinner\" type=\"submit\" value=\"Hou me op de hoogte\" \/>\n<\/p><input type='hidden' class='wpcf7-pum' value='{\"closepopup\":false,\"closedelay\":0,\"openpopup\":false,\"openpopup_id\":0}' \/><div class=\"wpcf7-response-output\" aria-hidden=\"true\"><\/div>\n<\/form>\n<\/div>\n\n","protected":false},"excerpt":{"rendered":"<p>Restez inform\u00e9 de nos d\u00e9gustations par e-mail. Inscrivez-vous au formulaire ci-dessous pour continuer \u00e0 recevoir nos invitations.<\/p>\n","protected":false},"author":1,"featured_media":0,"parent":0,"menu_order":0,"comment_status":"closed","ping_status":"closed","template":"","meta":{"footnotes":""},"class_list":["post-43486","page","type-page","status-publish","hentry"],"yoast_head":"<!-- This site is optimized with the Yoast SEO plugin v26.9 - https:\/\/yoast.com\/product\/yoast-seo-wordpress\/ -->\n<title>D\u00e9gustation - Dewit Wines<\/title>\n<meta name=\"robots\" content=\"index, follow, max-snippet:-1, max-image-preview:large, max-video-preview:-1\" \/>\n<link rel=\"canonical\" href=\"https:\/\/dewitwines.be\/degustation\/\" \/>\n<meta property=\"og:locale\" content=\"fr_FR\" \/>\n<meta property=\"og:type\" content=\"article\" \/>\n<meta property=\"og:title\" content=\"D\u00e9gustation - Dewit Wines\" \/>\n<meta property=\"og:description\" content=\"Restez inform\u00e9 de nos d\u00e9gustations par e-mail. Inscrivez-vous au formulaire ci-dessous pour continuer \u00e0 recevoir nos invitations.\" \/>\n<meta property=\"og:url\" content=\"https:\/\/dewitwines.be\/degustation\/\" \/>\n<meta property=\"og:site_name\" content=\"Dewit Wines\" \/>\n<meta name=\"twitter:card\" content=\"summary_large_image\" \/>\n<script type=\"application\/ld+json\" class=\"yoast-schema-graph\">{\"@context\":\"https:\/\/schema.org\",\"@graph\":[{\"@type\":\"WebPage\",\"@id\":\"https:\/\/dewitwines.be\/degustation\/\",\"url\":\"https:\/\/dewitwines.be\/degustation\/\",\"name\":\"D\u00e9gustation - Dewit Wines\",\"isPartOf\":{\"@id\":\"https:\/\/dewitwines.be\/nl\/#website\"},\"datePublished\":\"2025-08-25T17:38:08+00:00\",\"breadcrumb\":{\"@id\":\"https:\/\/dewitwines.be\/degustation\/#breadcrumb\"},\"inLanguage\":\"fr-FR\",\"potentialAction\":[{\"@type\":\"ReadAction\",\"target\":[\"https:\/\/dewitwines.be\/degustation\/\"]}]},{\"@type\":\"BreadcrumbList\",\"@id\":\"https:\/\/dewitwines.be\/degustation\/#breadcrumb\",\"itemListElement\":[{\"@type\":\"ListItem\",\"position\":1,\"name\":\"Home\",\"item\":\"https:\/\/dewitwines.be\/nl\/\"},{\"@type\":\"ListItem\",\"position\":2,\"name\":\"D\u00e9gustation\"}]},{\"@type\":\"WebSite\",\"@id\":\"https:\/\/dewitwines.be\/nl\/#website\",\"url\":\"https:\/\/dewitwines.be\/nl\/\",\"name\":\"Dewit Wines\",\"description\":\"We Know Wine\",\"potentialAction\":[{\"@type\":\"SearchAction\",\"target\":{\"@type\":\"EntryPoint\",\"urlTemplate\":\"https:\/\/dewitwines.be\/nl\/?s={search_term_string}\"},\"query-input\":{\"@type\":\"PropertyValueSpecification\",\"valueRequired\":true,\"valueName\":\"search_term_string\"}}],\"inLanguage\":\"fr-FR\"}]}<\/script>\n<!-- \/ Yoast SEO plugin. -->","yoast_head_json":{"title":"D\u00e9gustation - Dewit Wines","robots":{"index":"index","follow":"follow","max-snippet":"max-snippet:-1","max-image-preview":"max-image-preview:large","max-video-preview":"max-video-preview:-1"},"canonical":"https:\/\/dewitwines.be\/degustation\/","og_locale":"fr_FR","og_type":"article","og_title":"D\u00e9gustation - Dewit Wines","og_description":"Restez inform\u00e9 de nos d\u00e9gustations par e-mail. Inscrivez-vous au formulaire ci-dessous pour continuer \u00e0 recevoir nos invitations.","og_url":"https:\/\/dewitwines.be\/degustation\/","og_site_name":"Dewit Wines","twitter_card":"summary_large_image","schema":{"@context":"https:\/\/schema.org","@graph":[{"@type":"WebPage","@id":"https:\/\/dewitwines.be\/degustation\/","url":"https:\/\/dewitwines.be\/degustation\/","name":"D\u00e9gustation - Dewit Wines","isPartOf":{"@id":"https:\/\/dewitwines.be\/nl\/#website"},"datePublished":"2025-08-25T17:38:08+00:00","breadcrumb":{"@id":"https:\/\/dewitwines.be\/degustation\/#breadcrumb"},"inLanguage":"fr-FR","potentialAction":[{"@type":"ReadAction","target":["https:\/\/dewitwines.be\/degustation\/"]}]},{"@type":"BreadcrumbList","@id":"https:\/\/dewitwines.be\/degustation\/#breadcrumb","itemListElement":[{"@type":"ListItem","position":1,"name":"Home","item":"https:\/\/dewitwines.be\/nl\/"},{"@type":"ListItem","position":2,"name":"D\u00e9gustation"}]},{"@type":"WebSite","@id":"https:\/\/dewitwines.be\/nl\/#website","url":"https:\/\/dewitwines.be\/nl\/","name":"Dewit Wines","description":"We Know Wine","potentialAction":[{"@type":"SearchAction","target":{"@type":"EntryPoint","urlTemplate":"https:\/\/dewitwines.be\/nl\/?s={search_term_string}"},"query-input":{"@type":"PropertyValueSpecification","valueRequired":true,"valueName":"search_term_string"}}],"inLanguage":"fr-FR"}]}},"_links":{"self":[{"href":"https:\/\/dewitwines.be\/fr\/wp-json\/wp\/v2\/pages\/43486","targetHints":{"allow":["GET"]}}],"collection":[{"href":"https:\/\/dewitwines.be\/fr\/wp-json\/wp\/v2\/pages"}],"about":[{"href":"https:\/\/dewitwines.be\/fr\/wp-json\/wp\/v2\/types\/page"}],"author":[{"embeddable":true,"href":"https:\/\/dewitwines.be\/fr\/wp-json\/wp\/v2\/users\/1"}],"replies":[{"embeddable":true,"href":"https:\/\/dewitwines.be\/fr\/wp-json\/wp\/v2\/comments?post=43486"}],"version-history":[{"count":0,"href":"https:\/\/dewitwines.be\/fr\/wp-json\/wp\/v2\/pages\/43486\/revisions"}],"wp:attachment":[{"href":"https:\/\/dewitwines.be\/fr\/wp-json\/wp\/v2\/media?parent=43486"}],"curies":[{"name":"wp","href":"https:\/\/api.w.org\/{rel}","templated":true}]}}